{"id":38,"date":"2023-04-04T13:47:35","date_gmt":"2023-04-04T11:47:35","guid":{"rendered":"http:\/\/wordpress2356563.home.pl\/wp2\/?page_id=38"},"modified":"2025-05-21T12:45:53","modified_gmt":"2025-05-21T10:45:53","slug":"kontakt","status":"publish","type":"page","link":"https:\/\/stasienka.pl\/en\/kontakt\/","title":{"rendered":"Contact"},"content":{"rendered":"\t\t<div data-elementor-type=\"wp-page\" data-elementor-id=\"38\" class=\"elementor elementor-38\" data-elementor-post-type=\"page\">\n\t\t\t\t\t\t<section class=\"elementor-section elementor-top-section elementor-element elementor-element-3eedc93 elementor-section-full_width elementor-section-height-min-height elementor-section-height-default elementor-section-items-middle\" data-id=\"3eedc93\" data-element_type=\"section\" data-settings=\"{&quot;background_background&quot;:&quot;classic&quot;}\">\n\t\t\t\t\t\t\t<div class=\"elementor-background-overlay\"><\/div>\n\t\t\t\t\t\t\t<div class=\"elementor-container elementor-column-gap-default\">\n\t\t\t\t\t<div class=\"elementor-column elementor-col-100 elementor-top-column elementor-element elementor-element-dc0bf34\" data-id=\"dc0bf34\" data-element_type=\"column\">\n\t\t\t<div class=\"elementor-widget-wrap elementor-element-populated\">\n\t\t\t\t\t\t<div class=\"elementor-element elementor-element-3b73696 elementor-absolute elementor-widget elementor-widget-theme-post-title elementor-page-title elementor-widget-heading\" data-id=\"3b73696\" data-element_type=\"widget\" data-settings=\"{&quot;_position&quot;:&quot;absolute&quot;}\" data-widget_type=\"theme-post-title.default\">\n\t\t\t\t<div class=\"elementor-widget-container\">\n\t\t\t\t\t<h1 class=\"elementor-heading-title elementor-size-default\">Kontakt<\/h1>\t\t\t\t<\/div>\n\t\t\t\t<\/div>\n\t\t\t\t<div class=\"elementor-element elementor-element-c36f883 elementor-widget elementor-widget-theme-post-featured-image elementor-widget-image\" data-id=\"c36f883\" data-element_type=\"widget\" data-widget_type=\"theme-post-featured-image.default\">\n\t\t\t\t<div class=\"elementor-widget-container\">\n\t\t\t\t\t\t\t\t\t\t\t\t\t\t\t<img fetchpriority=\"high\" decoding=\"async\" width=\"1920\" height=\"1440\" src=\"https:\/\/stasienka.pl\/wp-content\/uploads\/2023\/04\/Willa-Stasienka-recepcja-4.jpg\" class=\"attachment-full size-full wp-image-160\" alt=\"\" srcset=\"https:\/\/stasienka.pl\/wp-content\/uploads\/2023\/04\/Willa-Stasienka-recepcja-4.jpg 1920w, https:\/\/stasienka.pl\/wp-content\/uploads\/2023\/04\/Willa-Stasienka-recepcja-4-300x225.jpg 300w, https:\/\/stasienka.pl\/wp-content\/uploads\/2023\/04\/Willa-Stasienka-recepcja-4-1024x768.jpg 1024w, https:\/\/stasienka.pl\/wp-content\/uploads\/2023\/04\/Willa-Stasienka-recepcja-4-768x576.jpg 768w, https:\/\/stasienka.pl\/wp-content\/uploads\/2023\/04\/Willa-Stasienka-recepcja-4-1536x1152.jpg 1536w\" sizes=\"(max-width: 1920px) 100vw, 1920px\" \/>\t\t\t\t\t\t\t\t\t\t\t\t\t\t\t<\/div>\n\t\t\t\t<\/div>\n\t\t\t\t\t<\/div>\n\t\t<\/div>\n\t\t\t\t\t<\/div>\n\t\t<\/section>\n\t\t\t\t<section class=\"elementor-section elementor-top-section elementor-element elementor-element-cf93793 elementor-section-boxed elementor-section-height-default elementor-section-height-default\" data-id=\"cf93793\" data-element_type=\"section\" data-settings=\"{&quot;background_background&quot;:&quot;classic&quot;}\">\n\t\t\t\t\t\t<div class=\"elementor-container elementor-column-gap-default\">\n\t\t\t\t\t<div class=\"elementor-column elementor-col-100 elementor-top-column elementor-element elementor-element-38c8d77\" data-id=\"38c8d77\" data-element_type=\"column\">\n\t\t\t<div class=\"elementor-widget-wrap elementor-element-populated\">\n\t\t\t\t\t\t<div class=\"elementor-element elementor-element-0057d18 elementor-widget elementor-widget-image\" data-id=\"0057d18\" data-element_type=\"widget\" data-widget_type=\"image.default\">\n\t\t\t\t<div class=\"elementor-widget-container\">\n\t\t\t\t\t\t\t\t\t\t\t\t\t\t\t<img decoding=\"async\" width=\"60\" height=\"60\" src=\"https:\/\/stasienka.pl\/wp-content\/uploads\/2023\/04\/stasienka-rozeta.png\" class=\"attachment-large size-large wp-image-292\" alt=\"\" srcset=\"https:\/\/stasienka.pl\/wp-content\/uploads\/2023\/04\/stasienka-rozeta.png 60w, https:\/\/stasienka.pl\/wp-content\/uploads\/2023\/04\/stasienka-rozeta-12x12.png 12w\" sizes=\"(max-width: 60px) 100vw, 60px\" \/>\t\t\t\t\t\t\t\t\t\t\t\t\t\t\t<\/div>\n\t\t\t\t<\/div>\n\t\t\t\t<div class=\"elementor-element elementor-element-07577bb elementor-widget elementor-widget-heading\" data-id=\"07577bb\" data-element_type=\"widget\" data-widget_type=\"heading.default\">\n\t\t\t\t<div class=\"elementor-widget-container\">\n\t\t\t\t\t<h4 class=\"elementor-heading-title elementor-size-medium\">Masz pytania?<\/h4>\t\t\t\t<\/div>\n\t\t\t\t<\/div>\n\t\t\t\t<div class=\"elementor-element elementor-element-4efdb11 elementor-widget elementor-widget-heading\" data-id=\"4efdb11\" data-element_type=\"widget\" data-widget_type=\"heading.default\">\n\t\t\t\t<div class=\"elementor-widget-container\">\n\t\t\t\t\t<h2 class=\"elementor-heading-title elementor-size-default\">Skontaktuj si\u0119<\/h2>\t\t\t\t<\/div>\n\t\t\t\t<\/div>\n\t\t\t\t<section class=\"elementor-section elementor-inner-section elementor-element elementor-element-1106a29 elementor-section-boxed elementor-section-height-default elementor-section-height-default\" data-id=\"1106a29\" data-element_type=\"section\">\n\t\t\t\t\t\t<div class=\"elementor-container elementor-column-gap-default\">\n\t\t\t\t\t<div class=\"elementor-column elementor-col-50 elementor-inner-column elementor-element elementor-element-3a04fb4\" data-id=\"3a04fb4\" data-element_type=\"column\">\n\t\t\t<div class=\"elementor-widget-wrap elementor-element-populated\">\n\t\t\t\t\t\t<div class=\"elementor-element elementor-element-3915da5 elementor-button-align-stretch elementor-widget elementor-widget-form\" data-id=\"3915da5\" data-element_type=\"widget\" data-settings=\"{&quot;step_next_label&quot;:&quot;Nast\\u0119pny&quot;,&quot;step_previous_label&quot;:&quot;Poprzedni&quot;,&quot;button_width&quot;:&quot;100&quot;,&quot;step_type&quot;:&quot;number_text&quot;,&quot;step_icon_shape&quot;:&quot;circle&quot;}\" data-widget_type=\"form.default\">\n\t\t\t\t<div class=\"elementor-widget-container\">\n\t\t\t\t\t\t\t<form class=\"elementor-form\" method=\"post\" name=\"New Form\" aria-label=\"New Form\">\r\n\t\t\t<input type=\"hidden\" name=\"post_id\" value=\"38\"\/>\r\n\t\t\t<input type=\"hidden\" name=\"form_id\" value=\"3915da5\"\/>\r\n\t\t\t<input type=\"hidden\" name=\"referer_title\" value=\"Kontakt - Willa Stasie\u0144ka\" \/>\r\n\r\n\t\t\t\t\t\t\t<input type=\"hidden\" name=\"queried_id\" value=\"38\"\/>\r\n\t\t\t\r\n\t\t\t<div class=\"elementor-form-fields-wrapper elementor-labels-\">\r\n\t\t\t\t\t\t\t\t<div class=\"elementor-field-type-text elementor-field-group elementor-column elementor-field-group-name elementor-col-100 elementor-field-required\">\r\n\t\t\t\t\t\t\t\t\t\t\t\t<label for=\"form-field-name\" class=\"elementor-field-label elementor-screen-only\">\r\n\t\t\t\t\t\t\t\tImi\u0119\t\t\t\t\t\t\t<\/label>\r\n\t\t\t\t\t\t\t\t\t\t\t\t\t\t<input size=\"1\" type=\"text\" name=\"form_fields[name]\" id=\"form-field-name\" class=\"elementor-field elementor-size-md  elementor-field-textual\" placeholder=\"Imi\u0119 i nazwisko*\" required=\"required\">\r\n\t\t\t\t\t\t\t\t\t\t\t<\/div>\r\n\t\t\t\t\t\t\t\t<div class=\"elementor-field-type-email elementor-field-group elementor-column elementor-field-group-email elementor-col-100 elementor-field-required\">\r\n\t\t\t\t\t\t\t\t\t\t\t\t<label for=\"form-field-email\" class=\"elementor-field-label elementor-screen-only\">\r\n\t\t\t\t\t\t\t\tEmail\t\t\t\t\t\t\t<\/label>\r\n\t\t\t\t\t\t\t\t\t\t\t\t\t\t<input size=\"1\" type=\"email\" name=\"form_fields[email]\" id=\"form-field-email\" class=\"elementor-field elementor-size-md  elementor-field-textual\" placeholder=\"Email*\" required=\"required\">\r\n\t\t\t\t\t\t\t\t\t\t\t<\/div>\r\n\t\t\t\t\t\t\t\t<div class=\"elementor-field-type-textarea elementor-field-group elementor-column elementor-field-group-message elementor-col-100 elementor-field-required\">\r\n\t\t\t\t\t\t\t\t\t\t\t\t<label for=\"form-field-message\" class=\"elementor-field-label elementor-screen-only\">\r\n\t\t\t\t\t\t\t\tWiadomo\u015b\u0107\t\t\t\t\t\t\t<\/label>\r\n\t\t\t\t\t\t<textarea class=\"elementor-field-textual elementor-field  elementor-size-md\" name=\"form_fields[message]\" id=\"form-field-message\" rows=\"4\" placeholder=\"Wiadomo\u015b\u0107*\" required=\"required\"><\/textarea>\t\t\t\t<\/div>\r\n\t\t\t\t\t\t\t\t<div class=\"elementor-field-type-recaptcha_v3 elementor-field-group elementor-column elementor-field-group-field_dd724da elementor-col-100 recaptcha_v3-bottomright\">\r\n\t\t\t\t\t<div class=\"elementor-field\" id=\"form-field-field_dd724da\"><div class=\"elementor-g-recaptcha\" data-sitekey=\"6LdgLNAmAAAAAFmKY9nef-PNtDuN2c2zqXsHaGbg\" data-type=\"v3\" data-action=\"Form\" data-badge=\"bottomright\" data-size=\"invisible\"><\/div><\/div>\t\t\t\t<\/div>\r\n\t\t\t\t\t\t\t\t<div class=\"elementor-field-group elementor-column elementor-field-type-submit elementor-col-100 e-form__buttons\">\r\n\t\t\t\t\t<button class=\"elementor-button elementor-size-sm\" type=\"submit\">\r\n\t\t\t\t\t\t<span class=\"elementor-button-content-wrapper\">\r\n\t\t\t\t\t\t\t\t\t\t\t\t\t\t\t\t\t\t\t\t\t\t<span class=\"elementor-button-text\">Wy\u015blij<\/span>\r\n\t\t\t\t\t\t\t\t\t\t\t\t\t<\/span>\r\n\t\t\t\t\t<\/button>\r\n\t\t\t\t<\/div>\r\n\t\t\t<\/div>\r\n\t\t<\/form>\r\n\t\t\t\t\t\t<\/div>\n\t\t\t\t<\/div>\n\t\t\t\t\t<\/div>\n\t\t<\/div>\n\t\t\t\t<div class=\"elementor-column elementor-col-50 elementor-inner-column elementor-element elementor-element-a933215\" data-id=\"a933215\" data-element_type=\"column\">\n\t\t\t<div class=\"elementor-widget-wrap elementor-element-populated\">\n\t\t\t\t\t\t<div class=\"elementor-element elementor-element-01c6995 elementor-widget elementor-widget-text-editor\" data-id=\"01c6995\" data-element_type=\"widget\" data-widget_type=\"text-editor.default\">\n\t\t\t\t<div class=\"elementor-widget-container\">\n\t\t\t\t\t\t\t\t\t<h4>Willa \u201eSTASIE\u0143KA\u201d<\/h4><p><a href=\"tel: +48608298308\">+48 608 298 308<\/a><br \/><a href=\"mailto:tatry@stasienka.pl\">tatry@stasienka.pl<\/a><\/p><p>34-500 Zakopane<br \/>ul. Podhala\u0144ska 16<\/p><p><strong>Marzena Czernecka-Ko\u017cuch<\/strong><br \/><strong>ING BANK SLASKI:<\/strong>\u00a033 1050 1474 1000 0091 0068 6063<\/p><p><strong>Janusz Ko\u017cuch<\/strong><br \/><strong>BANK PKO:<\/strong>\u00a041 1020 3466 0000 9802 0160 0204<\/p>\t\t\t\t\t\t\t\t<\/div>\n\t\t\t\t<\/div>\n\t\t\t\t<div class=\"elementor-element elementor-element-8b33128 elementor-align-justify elementor-widget__width-inherit elementor-widget-mobile__width-inherit elementor-hidden-desktop elementor-hidden-tablet elementor-hidden-mobile elementor-widget elementor-widget-button\" data-id=\"8b33128\" data-element_type=\"widget\" data-widget_type=\"button.default\">\n\t\t\t\t<div class=\"elementor-widget-container\">\n\t\t\t\t\t\t\t\t\t<div class=\"elementor-button-wrapper\">\n\t\t\t\t\t<a class=\"elementor-button elementor-button-link elementor-size-sm\" href=\"https:\/\/stasienka.pl\/rezerwacja\/\">\n\t\t\t\t\t\t<span class=\"elementor-button-content-wrapper\">\n\t\t\t\t\t\t\t\t\t<span class=\"elementor-button-text\">Sprawd\u017a dost\u0119pno\u015b\u0107<\/span>\n\t\t\t\t\t<\/span>\n\t\t\t\t\t<\/a>\n\t\t\t\t<\/div>\n\t\t\t\t\t\t\t\t<\/div>\n\t\t\t\t<\/div>\n\t\t\t\t\t<\/div>\n\t\t<\/div>\n\t\t\t\t\t<\/div>\n\t\t<\/section>\n\t\t\t\t\t<\/div>\n\t\t<\/div>\n\t\t\t\t\t<\/div>\n\t\t<\/section>\n\t\t\t\t<section class=\"elementor-section elementor-top-section elementor-element elementor-element-ae3dd3e elementor-section-full_width elementor-section-height-default elementor-section-height-default\" data-id=\"ae3dd3e\" data-element_type=\"section\">\n\t\t\t\t\t\t<div class=\"elementor-container elementor-column-gap-default\">\n\t\t\t\t\t<div class=\"elementor-column elementor-col-100 elementor-top-column elementor-element elementor-element-32c4839\" data-id=\"32c4839\" data-element_type=\"column\">\n\t\t\t<div class=\"elementor-widget-wrap elementor-element-populated\">\n\t\t\t\t\t\t<div class=\"elementor-element elementor-element-9939aeb elementor-widget elementor-widget-google_maps\" data-id=\"9939aeb\" data-element_type=\"widget\" data-widget_type=\"google_maps.default\">\n\t\t\t\t<div class=\"elementor-widget-container\">\n\t\t\t\t\t\t\t<div class=\"elementor-custom-embed\">\n\t\t\t<iframe loading=\"lazy\"\n\t\t\t\t\tsrc=\"https:\/\/maps.google.com\/maps?q=willa%20stasie%C5%84ka&#038;t=m&#038;z=13&#038;output=embed&#038;iwloc=near\"\n\t\t\t\t\ttitle=\"willa stasie\u0144ka\"\n\t\t\t\t\taria-label=\"willa stasie\u0144ka\"\n\t\t\t><\/iframe>\n\t\t<\/div>\n\t\t\t\t\t\t<\/div>\n\t\t\t\t<\/div>\n\t\t\t\t\t<\/div>\n\t\t<\/div>\n\t\t\t\t\t<\/div>\n\t\t<\/section>\n\t\t\t\t<section class=\"elementor-section elementor-top-section elementor-element elementor-element-cf26f53 elementor-section-height-min-height elementor-section-boxed elementor-section-height-default elementor-section-items-middle\" data-id=\"cf26f53\" data-element_type=\"section\" data-settings=\"{&quot;background_background&quot;:&quot;classic&quot;}\">\n\t\t\t\t\t\t\t<div class=\"elementor-background-overlay\"><\/div>\n\t\t\t\t\t\t\t<div class=\"elementor-container elementor-column-gap-default\">\n\t\t\t\t\t<div class=\"elementor-column elementor-col-100 elementor-top-column elementor-element elementor-element-a8a6490\" data-id=\"a8a6490\" data-element_type=\"column\">\n\t\t\t<div class=\"elementor-widget-wrap elementor-element-populated\">\n\t\t\t\t\t\t<div class=\"elementor-element elementor-element-7c23c76 elementor-widget__width-initial elementor-widget elementor-widget-image\" data-id=\"7c23c76\" data-element_type=\"widget\" data-widget_type=\"image.default\">\n\t\t\t\t<div class=\"elementor-widget-container\">\n\t\t\t\t\t\t\t\t\t\t\t\t\t\t\t<img decoding=\"async\" src=\"https:\/\/stasienka.pl\/wp-content\/uploads\/2023\/04\/willa-stasienka-zakopane-sygnet-b.svg\" title=\"willa stasienka zakopane sygnet b\" alt=\"willa stasienka zakopane sygnet b\" loading=\"lazy\" \/>\t\t\t\t\t\t\t\t\t\t\t\t\t\t\t<\/div>\n\t\t\t\t<\/div>\n\t\t\t\t<div class=\"elementor-element elementor-element-5bbe25e elementor-widget elementor-widget-heading\" data-id=\"5bbe25e\" data-element_type=\"widget\" data-widget_type=\"heading.default\">\n\t\t\t\t<div class=\"elementor-widget-container\">\n\t\t\t\t\t<h2 class=\"elementor-heading-title elementor-size-default\">Odpocznij w g\u00f3rskim klimacie<\/h2>\t\t\t\t<\/div>\n\t\t\t\t<\/div>\n\t\t\t\t\t<\/div>\n\t\t<\/div>\n\t\t\t\t\t<\/div>\n\t\t<\/section>\n\t\t\t\t<\/div>\n\t\t","protected":false},"excerpt":{"rendered":"<p>Masz pytania? Skontaktuj si\u0119 Willa \u201eSTASIE\u0143KA\u201d +48 608 298 308tatry@stasienka.pl 34-500 Zakopaneul. Podhala\u0144ska 16 Marzena Czernecka-Ko\u017cuchING BANK SLASKI:\u00a033 1050 1474 1000 0091 0068 6063 Janusz Ko\u017cuchBANK PKO:\u00a041 1020 3466 0000 9802 0160 0204 Sprawd\u017a dost\u0119pno\u015b\u0107 Odpocznij w g\u00f3rskim klimacie<\/p>","protected":false},"author":1,"featured_media":160,"parent":0,"menu_order":0,"comment_status":"closed","ping_status":"closed","template":"elementor_header_footer","meta":{"footnotes":""},"class_list":["post-38","page","type-page","status-publish","has-post-thumbnail","hentry"],"yoast_head":"<!-- This site is optimized with the Yoast SEO plugin v27.6 - https:\/\/yoast.com\/product\/yoast-seo-wordpress\/ -->\n<title>Kontakt - Willa Stasie\u0144ka<\/title>\n<meta name=\"robots\" content=\"index, follow, max-snippet:-1, max-image-preview:large, max-video-preview:-1\" \/>\n<link rel=\"canonical\" href=\"https:\/\/stasienka.pl\/en\/kontakt\/\" \/>\n<meta property=\"og:locale\" content=\"en_GB\" \/>\n<meta property=\"og:type\" content=\"article\" \/>\n<meta property=\"og:title\" content=\"Kontakt - Willa Stasie\u0144ka\" \/>\n<meta property=\"og:description\" content=\"Masz pytania? Skontaktuj si\u0119 Willa \u201eSTASIE\u0143KA\u201d +48 608 298 308tatry@stasienka.pl 34-500 Zakopaneul. Podhala\u0144ska 16 Marzena Czernecka-Ko\u017cuchING BANK SLASKI:\u00a033 1050 1474 1000 0091 0068 6063 Janusz Ko\u017cuchBANK PKO:\u00a041 1020 3466 0000 9802 0160 0204 Sprawd\u017a dost\u0119pno\u015b\u0107 Odpocznij w g\u00f3rskim klimacie\" \/>\n<meta property=\"og:url\" content=\"https:\/\/stasienka.pl\/en\/kontakt\/\" \/>\n<meta property=\"og:site_name\" content=\"Willa Stasie\u0144ka\" \/>\n<meta property=\"article:modified_time\" content=\"2025-05-21T10:45:53+00:00\" \/>\n<meta property=\"og:image\" content=\"https:\/\/stasienka.pl\/wp-content\/uploads\/2023\/04\/Willa-Stasienka-recepcja-4.jpg\" \/>\n\t<meta property=\"og:image:width\" content=\"1920\" \/>\n\t<meta property=\"og:image:height\" content=\"1440\" \/>\n\t<meta property=\"og:image:type\" content=\"image\/jpeg\" \/>\n<meta name=\"twitter:card\" content=\"summary_large_image\" \/>\n<meta name=\"twitter:label1\" content=\"Estimated reading time\" \/>\n\t<meta name=\"twitter:data1\" content=\"1 minute\" \/>\n<script type=\"application\/ld+json\" class=\"yoast-schema-graph\">{\"@context\":\"https:\\\/\\\/schema.org\",\"@graph\":[{\"@type\":\"WebPage\",\"@id\":\"https:\\\/\\\/stasienka.pl\\\/en\\\/kontakt\\\/\",\"url\":\"https:\\\/\\\/stasienka.pl\\\/en\\\/kontakt\\\/\",\"name\":\"Kontakt - Willa Stasie\u0144ka\",\"isPartOf\":{\"@id\":\"http:\\\/\\\/stasienka.pl\\\/#website\"},\"primaryImageOfPage\":{\"@id\":\"https:\\\/\\\/stasienka.pl\\\/en\\\/kontakt\\\/#primaryimage\"},\"image\":{\"@id\":\"https:\\\/\\\/stasienka.pl\\\/en\\\/kontakt\\\/#primaryimage\"},\"thumbnailUrl\":\"https:\\\/\\\/stasienka.pl\\\/wp-content\\\/uploads\\\/2023\\\/04\\\/Willa-Stasienka-recepcja-4.jpg\",\"datePublished\":\"2023-04-04T11:47:35+00:00\",\"dateModified\":\"2025-05-21T10:45:53+00:00\",\"breadcrumb\":{\"@id\":\"https:\\\/\\\/stasienka.pl\\\/en\\\/kontakt\\\/#breadcrumb\"},\"inLanguage\":\"en-GB\",\"potentialAction\":[{\"@type\":\"ReadAction\",\"target\":[\"https:\\\/\\\/stasienka.pl\\\/en\\\/kontakt\\\/\"]}]},{\"@type\":\"ImageObject\",\"inLanguage\":\"en-GB\",\"@id\":\"https:\\\/\\\/stasienka.pl\\\/en\\\/kontakt\\\/#primaryimage\",\"url\":\"https:\\\/\\\/stasienka.pl\\\/wp-content\\\/uploads\\\/2023\\\/04\\\/Willa-Stasienka-recepcja-4.jpg\",\"contentUrl\":\"https:\\\/\\\/stasienka.pl\\\/wp-content\\\/uploads\\\/2023\\\/04\\\/Willa-Stasienka-recepcja-4.jpg\",\"width\":1920,\"height\":1440},{\"@type\":\"BreadcrumbList\",\"@id\":\"https:\\\/\\\/stasienka.pl\\\/en\\\/kontakt\\\/#breadcrumb\",\"itemListElement\":[{\"@type\":\"ListItem\",\"position\":1,\"name\":\"Strona g\u0142\u00f3wna\",\"item\":\"http:\\\/\\\/stasienka.pl\\\/\"},{\"@type\":\"ListItem\",\"position\":2,\"name\":\"Kontakt\"}]},{\"@type\":\"WebSite\",\"@id\":\"http:\\\/\\\/stasienka.pl\\\/#website\",\"url\":\"http:\\\/\\\/stasienka.pl\\\/\",\"name\":\"Willa Stasie\u0144ka\",\"description\":\"Tatry na wyci\u0105gni\u0119cie r\u0119ki\",\"publisher\":{\"@id\":\"http:\\\/\\\/stasienka.pl\\\/#organization\"},\"potentialAction\":[{\"@type\":\"SearchAction\",\"target\":{\"@type\":\"EntryPoint\",\"urlTemplate\":\"http:\\\/\\\/stasienka.pl\\\/?s={search_term_string}\"},\"query-input\":{\"@type\":\"PropertyValueSpecification\",\"valueRequired\":true,\"valueName\":\"search_term_string\"}}],\"inLanguage\":\"en-GB\"},{\"@type\":\"Organization\",\"@id\":\"http:\\\/\\\/stasienka.pl\\\/#organization\",\"name\":\"Willa Stasie\u0144ka\",\"url\":\"http:\\\/\\\/stasienka.pl\\\/\",\"logo\":{\"@type\":\"ImageObject\",\"inLanguage\":\"en-GB\",\"@id\":\"http:\\\/\\\/stasienka.pl\\\/#\\\/schema\\\/logo\\\/image\\\/\",\"url\":\"https:\\\/\\\/stasienka.pl\\\/wp-content\\\/uploads\\\/2023\\\/04\\\/cropped-stasienka-logo@0.5x.png\",\"contentUrl\":\"https:\\\/\\\/stasienka.pl\\\/wp-content\\\/uploads\\\/2023\\\/04\\\/cropped-stasienka-logo@0.5x.png\",\"width\":540,\"height\":540,\"caption\":\"Willa Stasie\u0144ka\"},\"image\":{\"@id\":\"http:\\\/\\\/stasienka.pl\\\/#\\\/schema\\\/logo\\\/image\\\/\"}}]}<\/script>\n<!-- \/ Yoast SEO plugin. -->","yoast_head_json":{"title":"Kontakt - Willa Stasie\u0144ka","robots":{"index":"index","follow":"follow","max-snippet":"max-snippet:-1","max-image-preview":"max-image-preview:large","max-video-preview":"max-video-preview:-1"},"canonical":"https:\/\/stasienka.pl\/en\/kontakt\/","og_locale":"en_GB","og_type":"article","og_title":"Kontakt - Willa Stasie\u0144ka","og_description":"Masz pytania? Skontaktuj si\u0119 Willa \u201eSTASIE\u0143KA\u201d +48 608 298 308tatry@stasienka.pl 34-500 Zakopaneul. Podhala\u0144ska 16 Marzena Czernecka-Ko\u017cuchING BANK SLASKI:\u00a033 1050 1474 1000 0091 0068 6063 Janusz Ko\u017cuchBANK PKO:\u00a041 1020 3466 0000 9802 0160 0204 Sprawd\u017a dost\u0119pno\u015b\u0107 Odpocznij w g\u00f3rskim klimacie","og_url":"https:\/\/stasienka.pl\/en\/kontakt\/","og_site_name":"Willa Stasie\u0144ka","article_modified_time":"2025-05-21T10:45:53+00:00","og_image":[{"width":1920,"height":1440,"url":"https:\/\/stasienka.pl\/wp-content\/uploads\/2023\/04\/Willa-Stasienka-recepcja-4.jpg","type":"image\/jpeg"}],"twitter_card":"summary_large_image","twitter_misc":{"Estimated reading time":"1 minute"},"schema":{"@context":"https:\/\/schema.org","@graph":[{"@type":"WebPage","@id":"https:\/\/stasienka.pl\/en\/kontakt\/","url":"https:\/\/stasienka.pl\/en\/kontakt\/","name":"Kontakt - Willa Stasie\u0144ka","isPartOf":{"@id":"http:\/\/stasienka.pl\/#website"},"primaryImageOfPage":{"@id":"https:\/\/stasienka.pl\/en\/kontakt\/#primaryimage"},"image":{"@id":"https:\/\/stasienka.pl\/en\/kontakt\/#primaryimage"},"thumbnailUrl":"https:\/\/stasienka.pl\/wp-content\/uploads\/2023\/04\/Willa-Stasienka-recepcja-4.jpg","datePublished":"2023-04-04T11:47:35+00:00","dateModified":"2025-05-21T10:45:53+00:00","breadcrumb":{"@id":"https:\/\/stasienka.pl\/en\/kontakt\/#breadcrumb"},"inLanguage":"en-GB","potentialAction":[{"@type":"ReadAction","target":["https:\/\/stasienka.pl\/en\/kontakt\/"]}]},{"@type":"ImageObject","inLanguage":"en-GB","@id":"https:\/\/stasienka.pl\/en\/kontakt\/#primaryimage","url":"https:\/\/stasienka.pl\/wp-content\/uploads\/2023\/04\/Willa-Stasienka-recepcja-4.jpg","contentUrl":"https:\/\/stasienka.pl\/wp-content\/uploads\/2023\/04\/Willa-Stasienka-recepcja-4.jpg","width":1920,"height":1440},{"@type":"BreadcrumbList","@id":"https:\/\/stasienka.pl\/en\/kontakt\/#breadcrumb","itemListElement":[{"@type":"ListItem","position":1,"name":"Strona g\u0142\u00f3wna","item":"http:\/\/stasienka.pl\/"},{"@type":"ListItem","position":2,"name":"Kontakt"}]},{"@type":"WebSite","@id":"http:\/\/stasienka.pl\/#website","url":"http:\/\/stasienka.pl\/","name":"Willa Stasie\u0144ka","description":"Tatry na wyci\u0105gni\u0119cie r\u0119ki","publisher":{"@id":"http:\/\/stasienka.pl\/#organization"},"potentialAction":[{"@type":"SearchAction","target":{"@type":"EntryPoint","urlTemplate":"http:\/\/stasienka.pl\/?s={search_term_string}"},"query-input":{"@type":"PropertyValueSpecification","valueRequired":true,"valueName":"search_term_string"}}],"inLanguage":"en-GB"},{"@type":"Organization","@id":"http:\/\/stasienka.pl\/#organization","name":"Willa Stasie\u0144ka","url":"http:\/\/stasienka.pl\/","logo":{"@type":"ImageObject","inLanguage":"en-GB","@id":"http:\/\/stasienka.pl\/#\/schema\/logo\/image\/","url":"https:\/\/stasienka.pl\/wp-content\/uploads\/2023\/04\/cropped-stasienka-logo@0.5x.png","contentUrl":"https:\/\/stasienka.pl\/wp-content\/uploads\/2023\/04\/cropped-stasienka-logo@0.5x.png","width":540,"height":540,"caption":"Willa Stasie\u0144ka"},"image":{"@id":"http:\/\/stasienka.pl\/#\/schema\/logo\/image\/"}}]}},"_links":{"self":[{"href":"https:\/\/stasienka.pl\/en\/wp-json\/wp\/v2\/pages\/38","targetHints":{"allow":["GET"]}}],"collection":[{"href":"https:\/\/stasienka.pl\/en\/wp-json\/wp\/v2\/pages"}],"about":[{"href":"https:\/\/stasienka.pl\/en\/wp-json\/wp\/v2\/types\/page"}],"author":[{"embeddable":true,"href":"https:\/\/stasienka.pl\/en\/wp-json\/wp\/v2\/users\/1"}],"replies":[{"embeddable":true,"href":"https:\/\/stasienka.pl\/en\/wp-json\/wp\/v2\/comments?post=38"}],"version-history":[{"count":32,"href":"https:\/\/stasienka.pl\/en\/wp-json\/wp\/v2\/pages\/38\/revisions"}],"predecessor-version":[{"id":2093,"href":"https:\/\/stasienka.pl\/en\/wp-json\/wp\/v2\/pages\/38\/revisions\/2093"}],"wp:featuredmedia":[{"embeddable":true,"href":"https:\/\/stasienka.pl\/en\/wp-json\/wp\/v2\/media\/160"}],"wp:attachment":[{"href":"https:\/\/stasienka.pl\/en\/wp-json\/wp\/v2\/media?parent=38"}],"curies":[{"name":"wp","href":"https:\/\/api.w.org\/{rel}","templated":true}]}}