{"id":3,"date":"2023-04-04T09:34:30","date_gmt":"2023-04-04T07:34:30","guid":{"rendered":"http:\/\/wordpress2356563.home.pl\/wp2\/?page_id=3"},"modified":"2023-06-22T09:59:47","modified_gmt":"2023-06-22T07:59:47","slug":"polityka-prywatnosci","status":"publish","type":"page","link":"https:\/\/stasienka.pl\/en\/polityka-prywatnosci\/","title":{"rendered":"Privacy policy"},"content":{"rendered":"<div data-elementor-type=\"wp-page\" data-elementor-id=\"3\" class=\"elementor elementor-3\" data-elementor-post-type=\"page\">\n\t\t\t\t\t\t<section class=\"elementor-section elementor-top-section elementor-element elementor-element-59b2f06 elementor-section-boxed elementor-section-height-default elementor-section-height-default\" data-id=\"59b2f06\" data-element_type=\"section\" data-settings=\"{&quot;background_background&quot;:&quot;classic&quot;}\">\n\t\t\t\t\t\t<div class=\"elementor-container elementor-column-gap-default\">\n\t\t\t\t\t<div class=\"elementor-column elementor-col-100 elementor-top-column elementor-element elementor-element-ef97947\" data-id=\"ef97947\" data-element_type=\"column\">\n\t\t\t<div class=\"elementor-widget-wrap elementor-element-populated\">\n\t\t\t\t\t\t<div class=\"elementor-element elementor-element-3e7b0fd elementor-widget elementor-widget-image\" data-id=\"3e7b0fd\" data-element_type=\"widget\" data-widget_type=\"image.default\">\n\t\t\t\t<div class=\"elementor-widget-container\">\n\t\t\t\t\t\t\t\t\t\t\t\t\t\t\t<img decoding=\"async\" width=\"60\" height=\"60\" src=\"http:\/\/stasienka.pl\/wp-content\/uploads\/2023\/04\/stasienka-rozeta.png\" class=\"attachment-large size-large wp-image-292\" alt=\"\" srcset=\"http:\/\/stasienka.pl\/wp-content\/uploads\/2023\/04\/stasienka-rozeta.png 60w, http:\/\/stasienka.pl\/wp-content\/uploads\/2023\/04\/stasienka-rozeta-12x12.png 12w\" sizes=\"(max-width: 60px) 100vw, 60px\" \/>\t\t\t\t\t\t\t\t\t\t\t\t\t\t\t<\/div>\n\t\t\t\t<\/div>\n\t\t\t\t<div class=\"elementor-element elementor-element-8f94474 elementor-widget elementor-widget-heading\" data-id=\"8f94474\" data-element_type=\"widget\" data-widget_type=\"heading.default\">\n\t\t\t\t<div class=\"elementor-widget-container\">\n\t\t\t\t\t<h2 class=\"elementor-heading-title elementor-size-default\">Polityka prywatno\u015bci i stosowania plik\u00f3w cookies<\/h2>\t\t\t\t<\/div>\n\t\t\t\t<\/div>\n\t\t\t\t<div class=\"elementor-element elementor-element-4357925 elementor-widget__width-initial lista elementor-widget elementor-widget-text-editor\" data-id=\"4357925\" data-element_type=\"widget\" data-widget_type=\"text-editor.default\">\n\t\t\t\t<div class=\"elementor-widget-container\">\n\t\t\t\t\t\t\t\t\t<ol>\n<li>Niniejsza Polityka Prywatno\u015bci okre\u015bla zasady przetwarzania i ochrony danych osobowych przekazanych przez u\u017cytkownik\u00f3w w zwi\u0105zku z korzystaniem przez nich z us\u0142ug oferowanych przez stron\u0119 internetow\u0105 www.stasienka.pl (Strona)<\/li>\n<li>&nbsp;Administratorem jest Marzena Czernecka &#8211; Ko\u017cuch, w\u0142a\u015bciciel firmy MCK Marzena Czernecka &#8211; Ko\u017cuch , ul. Podhala\u0144ska 16 , 34-500 Zakopane. Kontakt z administratorem mo\u017cliwy pod adresem e-mail: tatry@stasienka.pl&nbsp; (Administrator)<\/li>\n<li>Administrator w trosce o dane osobowe wdro\u017cy\u0142 dzia\u0142ania w oparciu o wewn\u0119trzne procedury i zalecenia, zgodne z odpowiednimi aktami prawnymi w zakresie ochrony danych osobowych, a w szczeg\u00f3lno\u015bci z Rozporz\u0105dzeniem Parlamentu Europejskiego i Rady (UE) 2016\/679 z dnia 27 kwietnia 2016 r. w sprawie ochrony os\u00f3b fizycznych w zwi\u0105zku z przetwarzaniem danych osobowych i w sprawie swobodnego przep\u0142ywu takich danych oraz uchylenia dyrektywy 95\/46 WE.<\/li>\n<li>Administrator dok\u0142ada szczeg\u00f3lnej staranno\u015bci w celu ochrony interes\u00f3w os\u00f3b, kt\u00f3rych dane dotycz\u0105, a w szczeg\u00f3lno\u015bci zapewnia, i\u017c dane osobowe s\u0105:\n<ol>\n<li>przetwarzane zgodnie z prawem;<\/li>\n<li>zbierane dla oznaczonych, zgodnych z prawem cel\u00f3w i niepoddawane dalszemu przetwarzaniu niezgodnemu z tymi celami;<\/li>\n<li>merytorycznie poprawne i adekwatne w stosunku do cel\u00f3w, w jakich s\u0105 przetwarzane;<\/li>\n<li>przechowywane w postaci umo\u017cliwiaj\u0105cej identyfikacj\u0119 os\u00f3b, kt\u00f3rych dotycz\u0105, nie d\u0142u\u017cej ni\u017c jest to niezb\u0119dne do osi\u0105gni\u0119cia celu przetwarzania.<\/li>\n<\/ol>\n<\/li>\n<li>Dane osobowe przetwarzane s\u0105 na podstawie zgody wyra\u017canej przez u\u017cytkownik\u00f3w Strony oraz w przypadkach, w kt\u00f3rych przepisy obowi\u0105zuj\u0105cego prawa upowa\u017cniaj\u0105 Administratora do przetwarzania danych osobowych.<\/li>\n<li>Administrator przetwarza dobrowolnie podane przez u\u017cytkownik\u00f3w Strony dane osobowe, jedynie w celu: udzielania odpowiedzi na zapytania u\u017cytkownik\u00f3w kierowane przy u\u017cyciu formularza kontaktowego, w nast\u0119puj\u0105cym zakresie:\n<ol>\n<li>imi\u0119 i nazwisko,<\/li>\n<li>adres e-mail,<\/li>\n<li>numer telefonu.<\/li>\n<\/ol>\n<\/li>\n<li>Dane osobowe u\u017cytkownik\u00f3w strony www.stasienka.pl nie s\u0105 sprzedawane, ani udost\u0119pniane osobom trzecim.<\/li>\n<li>U\u017cytkownikowi przys\u0142uguj\u0105 nast\u0119puj\u0105ce uprawnienia:\n<ol>\n<li>prawo do \u017c\u0105dania dost\u0119pu do swoich danych, ich sprostowania, usuni\u0119cia lub ograniczenia przetwarzania,<\/li>\n<li>prawo do wniesienia sprzeciwu wobec przetwarzania,<\/li>\n<li>prawo do przenoszenia danych,<\/li>\n<li>prawo do cofni\u0119cia zgody na przetwarzanie danych osobowych w okre\u015blonym celu, je\u017celi U\u017cytkownik uprzednio tak\u0105 zgod\u0119 wyrazi\u0142,<\/li>\n<li>prawo do wniesienia skargi do organu nadzorczego w zwi\u0105zku z przetwarzaniem danych osobowych przez Administratora.<\/li>\n<\/ol>\n<\/li>\n<li>W celu wykonania swoich praw wskazanych w pkt. 8 powy\u017cej u\u017cytkownik Strony powinien skontaktowa\u0107 si\u0119 z Administratorem korzystaj\u0105c z tego samego adresu email lub numeru telefonu przekazanego do Strony, kontaktuj\u0105c si\u0119 na adres: <a href=\"mailto:tatry@stasienka.pl\">tatry@stasienka.pl<\/a><\/li>\n<li>Administrator realizuje funkcje pozyskiwania informacji o u\u017cytkownikach i ich zachowaniach w nast\u0119puj\u0105cy spos\u00f3b:\n<ol>\n<li>poprzez dobrowolnie wprowadzone w formularzu informacje,<\/li>\n<li>poprzez gromadzenie plik\u00f3w \u201ccookies\u201d.<\/li>\n<\/ol>\n<\/li>\n<li>Administrator wykorzystuje pliki cookies (ciasteczka), czyli niewielkie informacje tekstowe, przechowywane na urz\u0105dzeniu ko\u0144cowym U\u017cytkownika (np. komputerze, tablecie, smartfonie). Cookies mog\u0105 by\u0107 odczytywane przez system teleinformatyczny Administratora.<\/li>\n<li>Administrator przechowuje pliki cookies na urz\u0105dzeniu ko\u0144cowym U\u017cytkownika, a nast\u0119pnie uzyskuje dost\u0119p do informacji w nich zawartych w celach statystycznych oraz w celu zapewnienia prawid\u0142owego dzia\u0142ania Strony.<\/li><li>Administrator informuje niniejszym U\u017cytkownika, \u017ce istnieje mo\u017cliwo\u015b\u0107 takiej konfiguracji przegl\u0105darki internetowej, kt\u00f3ra uniemo\u017cliwia przechowywanie plik\u00f3w cookies na urz\u0105dzeniu ko\u0144cowym U\u017cytkownika. W takiej sytuacji, korzystanie ze Strony przez U\u017cytkownika mo\u017ce by\u0107 utrudnione.<\/li><li>Administrator wskazuje niniejszym, \u017ce pliki cookies mog\u0105 by\u0107 przez U\u017cytkownika usuni\u0119te po ich zapisaniu przez Administratora, poprzez odpowiednie funkcje przegl\u0105darki internetowej, programy s\u0142u\u017c\u0105ce w tym celu lub skorzystanie z odpowiednich narz\u0119dzi dost\u0119pnych w ramach systemu operacyjnego, z kt\u00f3rego korzysta U\u017cytkownik.<\/li><li>Administrator korzysta z narz\u0119dzi analitycznych Google Analytics, kt\u00f3re zbieraj\u0105 informacje na temat odwiedzin strony, takie jak podstrony, kt\u00f3re zosta\u0142y wy\u015bwietlone, czas, jaki u\u017cytkownik sp\u0119dzi\u0142 &nbsp;na stronie czy przej\u015bcia pomi\u0119dzy poszczeg\u00f3lnymi podstronami. W tym celu wykorzystywane s\u0105 pliki cookies firmy Google LLC dotycz\u0105ce us\u0142ugi Google Analytics. W ramach mechanizmu do zarz\u0105dzania ustawieniami plik\u00f3w cookies u\u017cytkownik ma mo\u017cliwo\u015b\u0107 zadecydowania, czy w ramach us\u0142ugi Google Analytics Strona b\u0119dzie&nbsp; mog\u0142a korzysta\u0107 r\u00f3wnie\u017c z funkcji marketingowych, czy nie.<\/li><li>Na Stronie znajduj\u0105 si\u0119 linki do innych stron internetowych, kt\u00f3re dzia\u0142aj\u0105 niezale\u017cnie od Strony i nie s\u0105 w \u017caden spos\u00f3b nadzorowane przez Stron\u0119 i Administratora. Strony te mog\u0105 posiada\u0107 w\u0142asne polityki dotycz\u0105ce prywatno\u015bci oraz regulaminy, z kt\u00f3rymi zalecamy si\u0119 uwa\u017cnie zapozna\u0107.<br>17. Administrator zastrzega sobie prawo do zmiany w polityce prywatno\u015bci serwisu, co mo\u017ce zosta\u0107 spowodowane przez rozw\u00f3j technologii internetowej, ewentualne zmiany prawa w zakresie ochrony danych osobowych oraz rozw\u00f3j Serwisu. O wszelkich zmianach b\u0119dziemy informowa\u0107 u\u017cytkownik\u00f3w w spos\u00f3b widoczny i zrozumia\u0142y.<\/li>\n<\/ol>\t\t\t\t\t\t\t\t<\/div>\n\t\t\t\t<\/div>\n\t\t\t\t\t<\/div>\n\t\t<\/div>\n\t\t\t\t\t<\/div>\n\t\t<\/section>\n\t\t\t\t<\/div>","protected":false},"excerpt":{"rendered":"<p>Polityka prywatno\u015bci i stosowania plik\u00f3w cookies Niniejsza Polityka Prywatno\u015bci okre\u015bla zasady przetwarzania i ochrony danych osobowych przekazanych przez u\u017cytkownik\u00f3w w zwi\u0105zku z korzystaniem przez nich z us\u0142ug oferowanych przez stron\u0119 internetow\u0105 www.stasienka.pl (Strona) &nbsp;Administratorem jest Marzena Czernecka &#8211; Ko\u017cuch, w\u0142a\u015bciciel firmy MCK Marzena Czernecka &#8211; Ko\u017cuch , ul. Podhala\u0144ska 16 , 34-500 Zakopane. Kontakt z [&hellip;]<\/p>\n","protected":false},"author":1,"featured_media":161,"parent":0,"menu_order":0,"comment_status":"closed","ping_status":"open","template":"","meta":{"footnotes":""},"class_list":["post-3","page","type-page","status-publish","has-post-thumbnail","hentry"],"yoast_head":"<!-- This site is optimized with the Yoast SEO plugin v27.3 - https:\/\/yoast.com\/product\/yoast-seo-wordpress\/ -->\n<title>Polityka prywatno\u015bci - Willa Stasie\u0144ka<\/title>\n<meta name=\"robots\" content=\"index, follow, max-snippet:-1, max-image-preview:large, max-video-preview:-1\" \/>\n<link rel=\"canonical\" href=\"http:\/\/stasienka.pl\/en\/polityka-prywatnosci\/\" \/>\n<meta property=\"og:locale\" content=\"en_GB\" \/>\n<meta property=\"og:type\" content=\"article\" \/>\n<meta property=\"og:title\" content=\"Polityka prywatno\u015bci - Willa Stasie\u0144ka\" \/>\n<meta property=\"og:description\" content=\"Polityka prywatno\u015bci i stosowania plik\u00f3w cookies Niniejsza Polityka Prywatno\u015bci okre\u015bla zasady przetwarzania i ochrony danych osobowych przekazanych przez u\u017cytkownik\u00f3w w zwi\u0105zku z korzystaniem przez nich z us\u0142ug oferowanych przez stron\u0119 internetow\u0105 www.stasienka.pl (Strona) &nbsp;Administratorem jest Marzena Czernecka &#8211; Ko\u017cuch, w\u0142a\u015bciciel firmy MCK Marzena Czernecka &#8211; Ko\u017cuch , ul. Podhala\u0144ska 16 , 34-500 Zakopane. Kontakt z [&hellip;]\" \/>\n<meta property=\"og:url\" content=\"http:\/\/stasienka.pl\/en\/polityka-prywatnosci\/\" \/>\n<meta property=\"og:site_name\" content=\"Willa Stasie\u0144ka\" \/>\n<meta property=\"article:modified_time\" content=\"2023-06-22T07:59:47+00:00\" \/>\n<meta property=\"og:image\" content=\"http:\/\/stasienka.pl\/wp-content\/uploads\/2023\/04\/Willa-Stasienka-recepcja-5.jpg\" \/>\n\t<meta property=\"og:image:width\" content=\"1440\" \/>\n\t<meta property=\"og:image:height\" content=\"1920\" \/>\n\t<meta property=\"og:image:type\" content=\"image\/jpeg\" \/>\n<meta name=\"twitter:card\" content=\"summary_large_image\" \/>\n<meta name=\"twitter:label1\" content=\"Estimated reading time\" \/>\n\t<meta name=\"twitter:data1\" content=\"4 minutes\" \/>\n<script type=\"application\/ld+json\" class=\"yoast-schema-graph\">{\"@context\":\"https:\\\/\\\/schema.org\",\"@graph\":[{\"@type\":\"WebPage\",\"@id\":\"http:\\\/\\\/stasienka.pl\\\/polityka-prywatnosci\\\/\",\"url\":\"http:\\\/\\\/stasienka.pl\\\/polityka-prywatnosci\\\/\",\"name\":\"Polityka prywatno\u015bci - Willa Stasie\u0144ka\",\"isPartOf\":{\"@id\":\"https:\\\/\\\/stasienka.pl\\\/#website\"},\"primaryImageOfPage\":{\"@id\":\"http:\\\/\\\/stasienka.pl\\\/polityka-prywatnosci\\\/#primaryimage\"},\"image\":{\"@id\":\"http:\\\/\\\/stasienka.pl\\\/polityka-prywatnosci\\\/#primaryimage\"},\"thumbnailUrl\":\"https:\\\/\\\/stasienka.pl\\\/wp-content\\\/uploads\\\/2023\\\/04\\\/Willa-Stasienka-recepcja-5.jpg\",\"datePublished\":\"2023-04-04T07:34:30+00:00\",\"dateModified\":\"2023-06-22T07:59:47+00:00\",\"breadcrumb\":{\"@id\":\"http:\\\/\\\/stasienka.pl\\\/polityka-prywatnosci\\\/#breadcrumb\"},\"inLanguage\":\"en-GB\",\"potentialAction\":[{\"@type\":\"ReadAction\",\"target\":[\"http:\\\/\\\/stasienka.pl\\\/polityka-prywatnosci\\\/\"]}]},{\"@type\":\"ImageObject\",\"inLanguage\":\"en-GB\",\"@id\":\"http:\\\/\\\/stasienka.pl\\\/polityka-prywatnosci\\\/#primaryimage\",\"url\":\"https:\\\/\\\/stasienka.pl\\\/wp-content\\\/uploads\\\/2023\\\/04\\\/Willa-Stasienka-recepcja-5.jpg\",\"contentUrl\":\"https:\\\/\\\/stasienka.pl\\\/wp-content\\\/uploads\\\/2023\\\/04\\\/Willa-Stasienka-recepcja-5.jpg\",\"width\":1440,\"height\":1920},{\"@type\":\"BreadcrumbList\",\"@id\":\"http:\\\/\\\/stasienka.pl\\\/polityka-prywatnosci\\\/#breadcrumb\",\"itemListElement\":[{\"@type\":\"ListItem\",\"position\":1,\"name\":\"Strona g\u0142\u00f3wna\",\"item\":\"https:\\\/\\\/stasienka.pl\\\/\"},{\"@type\":\"ListItem\",\"position\":2,\"name\":\"Polityka prywatno\u015bci\"}]},{\"@type\":\"WebSite\",\"@id\":\"https:\\\/\\\/stasienka.pl\\\/#website\",\"url\":\"https:\\\/\\\/stasienka.pl\\\/\",\"name\":\"Willa Stasie\u0144ka\",\"description\":\"Tatry na wyci\u0105gni\u0119cie r\u0119ki\",\"publisher\":{\"@id\":\"https:\\\/\\\/stasienka.pl\\\/#organization\"},\"potentialAction\":[{\"@type\":\"SearchAction\",\"target\":{\"@type\":\"EntryPoint\",\"urlTemplate\":\"https:\\\/\\\/stasienka.pl\\\/?s={search_term_string}\"},\"query-input\":{\"@type\":\"PropertyValueSpecification\",\"valueRequired\":true,\"valueName\":\"search_term_string\"}}],\"inLanguage\":\"en-GB\"},{\"@type\":\"Organization\",\"@id\":\"https:\\\/\\\/stasienka.pl\\\/#organization\",\"name\":\"Willa Stasie\u0144ka\",\"url\":\"https:\\\/\\\/stasienka.pl\\\/\",\"logo\":{\"@type\":\"ImageObject\",\"inLanguage\":\"en-GB\",\"@id\":\"https:\\\/\\\/stasienka.pl\\\/#\\\/schema\\\/logo\\\/image\\\/\",\"url\":\"https:\\\/\\\/stasienka.pl\\\/wp-content\\\/uploads\\\/2023\\\/04\\\/cropped-stasienka-logo@0.5x.png\",\"contentUrl\":\"https:\\\/\\\/stasienka.pl\\\/wp-content\\\/uploads\\\/2023\\\/04\\\/cropped-stasienka-logo@0.5x.png\",\"width\":540,\"height\":540,\"caption\":\"Willa Stasie\u0144ka\"},\"image\":{\"@id\":\"https:\\\/\\\/stasienka.pl\\\/#\\\/schema\\\/logo\\\/image\\\/\"}}]}<\/script>\n<!-- \/ Yoast SEO plugin. -->","yoast_head_json":{"title":"Polityka prywatno\u015bci - Willa Stasie\u0144ka","robots":{"index":"index","follow":"follow","max-snippet":"max-snippet:-1","max-image-preview":"max-image-preview:large","max-video-preview":"max-video-preview:-1"},"canonical":"http:\/\/stasienka.pl\/en\/polityka-prywatnosci\/","og_locale":"en_GB","og_type":"article","og_title":"Polityka prywatno\u015bci - Willa Stasie\u0144ka","og_description":"Polityka prywatno\u015bci i stosowania plik\u00f3w cookies Niniejsza Polityka Prywatno\u015bci okre\u015bla zasady przetwarzania i ochrony danych osobowych przekazanych przez u\u017cytkownik\u00f3w w zwi\u0105zku z korzystaniem przez nich z us\u0142ug oferowanych przez stron\u0119 internetow\u0105 www.stasienka.pl (Strona) &nbsp;Administratorem jest Marzena Czernecka &#8211; Ko\u017cuch, w\u0142a\u015bciciel firmy MCK Marzena Czernecka &#8211; Ko\u017cuch , ul. Podhala\u0144ska 16 , 34-500 Zakopane. Kontakt z [&hellip;]","og_url":"http:\/\/stasienka.pl\/en\/polityka-prywatnosci\/","og_site_name":"Willa Stasie\u0144ka","article_modified_time":"2023-06-22T07:59:47+00:00","og_image":[{"width":1440,"height":1920,"url":"http:\/\/stasienka.pl\/wp-content\/uploads\/2023\/04\/Willa-Stasienka-recepcja-5.jpg","type":"image\/jpeg"}],"twitter_card":"summary_large_image","twitter_misc":{"Estimated reading time":"4 minutes"},"schema":{"@context":"https:\/\/schema.org","@graph":[{"@type":"WebPage","@id":"http:\/\/stasienka.pl\/polityka-prywatnosci\/","url":"http:\/\/stasienka.pl\/polityka-prywatnosci\/","name":"Polityka prywatno\u015bci - Willa Stasie\u0144ka","isPartOf":{"@id":"https:\/\/stasienka.pl\/#website"},"primaryImageOfPage":{"@id":"http:\/\/stasienka.pl\/polityka-prywatnosci\/#primaryimage"},"image":{"@id":"http:\/\/stasienka.pl\/polityka-prywatnosci\/#primaryimage"},"thumbnailUrl":"https:\/\/stasienka.pl\/wp-content\/uploads\/2023\/04\/Willa-Stasienka-recepcja-5.jpg","datePublished":"2023-04-04T07:34:30+00:00","dateModified":"2023-06-22T07:59:47+00:00","breadcrumb":{"@id":"http:\/\/stasienka.pl\/polityka-prywatnosci\/#breadcrumb"},"inLanguage":"en-GB","potentialAction":[{"@type":"ReadAction","target":["http:\/\/stasienka.pl\/polityka-prywatnosci\/"]}]},{"@type":"ImageObject","inLanguage":"en-GB","@id":"http:\/\/stasienka.pl\/polityka-prywatnosci\/#primaryimage","url":"https:\/\/stasienka.pl\/wp-content\/uploads\/2023\/04\/Willa-Stasienka-recepcja-5.jpg","contentUrl":"https:\/\/stasienka.pl\/wp-content\/uploads\/2023\/04\/Willa-Stasienka-recepcja-5.jpg","width":1440,"height":1920},{"@type":"BreadcrumbList","@id":"http:\/\/stasienka.pl\/polityka-prywatnosci\/#breadcrumb","itemListElement":[{"@type":"ListItem","position":1,"name":"Strona g\u0142\u00f3wna","item":"https:\/\/stasienka.pl\/"},{"@type":"ListItem","position":2,"name":"Polityka prywatno\u015bci"}]},{"@type":"WebSite","@id":"https:\/\/stasienka.pl\/#website","url":"https:\/\/stasienka.pl\/","name":"Willa Stasie\u0144ka","description":"Tatry na wyci\u0105gni\u0119cie r\u0119ki","publisher":{"@id":"https:\/\/stasienka.pl\/#organization"},"potentialAction":[{"@type":"SearchAction","target":{"@type":"EntryPoint","urlTemplate":"https:\/\/stasienka.pl\/?s={search_term_string}"},"query-input":{"@type":"PropertyValueSpecification","valueRequired":true,"valueName":"search_term_string"}}],"inLanguage":"en-GB"},{"@type":"Organization","@id":"https:\/\/stasienka.pl\/#organization","name":"Willa Stasie\u0144ka","url":"https:\/\/stasienka.pl\/","logo":{"@type":"ImageObject","inLanguage":"en-GB","@id":"https:\/\/stasienka.pl\/#\/schema\/logo\/image\/","url":"https:\/\/stasienka.pl\/wp-content\/uploads\/2023\/04\/cropped-stasienka-logo@0.5x.png","contentUrl":"https:\/\/stasienka.pl\/wp-content\/uploads\/2023\/04\/cropped-stasienka-logo@0.5x.png","width":540,"height":540,"caption":"Willa Stasie\u0144ka"},"image":{"@id":"https:\/\/stasienka.pl\/#\/schema\/logo\/image\/"}}]}},"_links":{"self":[{"href":"https:\/\/stasienka.pl\/en\/wp-json\/wp\/v2\/pages\/3","targetHints":{"allow":["GET"]}}],"collection":[{"href":"https:\/\/stasienka.pl\/en\/wp-json\/wp\/v2\/pages"}],"about":[{"href":"https:\/\/stasienka.pl\/en\/wp-json\/wp\/v2\/types\/page"}],"author":[{"embeddable":true,"href":"https:\/\/stasienka.pl\/en\/wp-json\/wp\/v2\/users\/1"}],"replies":[{"embeddable":true,"href":"https:\/\/stasienka.pl\/en\/wp-json\/wp\/v2\/comments?post=3"}],"version-history":[{"count":18,"href":"https:\/\/stasienka.pl\/en\/wp-json\/wp\/v2\/pages\/3\/revisions"}],"predecessor-version":[{"id":780,"href":"https:\/\/stasienka.pl\/en\/wp-json\/wp\/v2\/pages\/3\/revisions\/780"}],"wp:featuredmedia":[{"embeddable":true,"href":"https:\/\/stasienka.pl\/en\/wp-json\/wp\/v2\/media\/161"}],"wp:attachment":[{"href":"https:\/\/stasienka.pl\/en\/wp-json\/wp\/v2\/media?parent=3"}],"curies":[{"name":"wp","href":"https:\/\/api.w.org\/{rel}","templated":true}]}}