{"id":1546,"date":"2024-07-17T13:20:10","date_gmt":"2024-07-17T11:20:10","guid":{"rendered":"https:\/\/stasienka.pl\/?page_id=1546"},"modified":"2025-10-27T14:53:51","modified_gmt":"2025-10-27T13:53:51","slug":"oferta-jesienna","status":"publish","type":"page","link":"https:\/\/stasienka.pl\/en\/oferta-jesienna\/","title":{"rendered":"Autumn offer"},"content":{"rendered":"<div data-elementor-type=\"wp-page\" data-elementor-id=\"1546\" class=\"elementor elementor-1546\" data-elementor-post-type=\"page\">\n\t\t\t\t\t\t<section class=\"elementor-section elementor-top-section elementor-element elementor-element-e50fb95 elementor-section-boxed elementor-section-height-default elementor-section-height-default\" data-id=\"e50fb95\" data-element_type=\"section\" data-settings=\"{&quot;background_background&quot;:&quot;classic&quot;}\">\n\t\t\t\t\t\t<div class=\"elementor-container elementor-column-gap-default\">\n\t\t\t\t\t<div class=\"elementor-column elementor-col-100 elementor-top-column elementor-element elementor-element-1c7c261\" data-id=\"1c7c261\" data-element_type=\"column\">\n\t\t\t<div class=\"elementor-widget-wrap elementor-element-populated\">\n\t\t\t\t\t\t<div class=\"elementor-element elementor-element-a06c8c8 elementor-widget elementor-widget-image\" data-id=\"a06c8c8\" data-element_type=\"widget\" data-widget_type=\"image.default\">\n\t\t\t\t<div class=\"elementor-widget-container\">\n\t\t\t\t\t\t\t\t\t\t\t\t\t\t\t<img decoding=\"async\" width=\"60\" height=\"60\" src=\"https:\/\/stasienka.pl\/wp-content\/uploads\/2023\/04\/stasienka-rozeta.png\" class=\"attachment-large size-large wp-image-292\" alt=\"\" srcset=\"https:\/\/stasienka.pl\/wp-content\/uploads\/2023\/04\/stasienka-rozeta.png 60w, https:\/\/stasienka.pl\/wp-content\/uploads\/2023\/04\/stasienka-rozeta-12x12.png 12w\" sizes=\"(max-width: 60px) 100vw, 60px\" \/>\t\t\t\t\t\t\t\t\t\t\t\t\t\t\t<\/div>\n\t\t\t\t<\/div>\n\t\t\t\t<div class=\"elementor-element elementor-element-4fabc22 elementor-widget elementor-widget-heading\" data-id=\"4fabc22\" data-element_type=\"widget\" data-widget_type=\"heading.default\">\n\t\t\t\t<div class=\"elementor-widget-container\">\n\t\t\t\t\t<h4 class=\"elementor-heading-title elementor-size-medium\">We invite you to the golden Polish autumn in the Tatra Mountains!<\/h4>\t\t\t\t<\/div>\n\t\t\t\t<\/div>\n\t\t\t\t<div class=\"elementor-element elementor-element-504ee1d elementor-widget elementor-widget-heading\" data-id=\"504ee1d\" data-element_type=\"widget\" data-widget_type=\"heading.default\">\n\t\t\t\t<div class=\"elementor-widget-container\">\n\t\t\t\t\t<h2 class=\"elementor-heading-title elementor-size-default\">Autumn offer<\/h2>\t\t\t\t<\/div>\n\t\t\t\t<\/div>\n\t\t\t\t<section class=\"elementor-section elementor-inner-section elementor-element elementor-element-a48e663 elementor-section-boxed elementor-section-height-default elementor-section-height-default\" data-id=\"a48e663\" data-element_type=\"section\">\n\t\t\t\t\t\t<div class=\"elementor-container elementor-column-gap-default\">\n\t\t\t\t\t<div class=\"elementor-column elementor-col-100 elementor-inner-column elementor-element elementor-element-0407fa1\" data-id=\"0407fa1\" data-element_type=\"column\">\n\t\t\t<div class=\"elementor-widget-wrap elementor-element-populated\">\n\t\t\t\t\t\t<div class=\"elementor-element elementor-element-97310de elementor-hidden-mobile elementor-widget elementor-widget-text-editor\" data-id=\"97310de\" data-element_type=\"widget\" data-widget_type=\"text-editor.default\">\n\t\t\t\t<div class=\"elementor-widget-container\">\n\t\t\t\t\t\t\t\t\t<div data-message-author-role=\"assistant\" data-message-id=\"8039de7f-4803-435b-9204-cb624eb29ef3\"><p>Autumn is the perfect time to experience the mountains. Silence, peace and beautiful vivid colors will delight everyone. See the Tatra Mountains in autumn colors! <br \/>We invite you to experience autumn moments in our facility at promotional prices!<\/p><\/div>\t\t\t\t\t\t\t\t<\/div>\n\t\t\t\t<\/div>\n\t\t\t\t\t<\/div>\n\t\t<\/div>\n\t\t\t\t\t<\/div>\n\t\t<\/section>\n\t\t\t\t<section class=\"elementor-section elementor-inner-section elementor-element elementor-element-011d454 elementor-reverse-tablet elementor-section-boxed elementor-section-height-default elementor-section-height-default\" data-id=\"011d454\" data-element_type=\"section\">\n\t\t\t\t\t\t<div class=\"elementor-container elementor-column-gap-default\">\n\t\t\t\t\t<div class=\"elementor-column elementor-col-50 elementor-inner-column elementor-element elementor-element-14c9b41\" data-id=\"14c9b41\" data-element_type=\"column\">\n\t\t\t<div class=\"elementor-widget-wrap elementor-element-populated\">\n\t\t\t\t\t\t<div class=\"elementor-element elementor-element-12ccff1 elementor-widget elementor-widget-heading\" data-id=\"12ccff1\" data-element_type=\"widget\" data-widget_type=\"heading.default\">\n\t\t\t\t<div class=\"elementor-widget-container\">\n\t\t\t\t\t<h2 class=\"elementor-heading-title elementor-size-default\">Jesie\u0144 2025 - cennik<br><\/h2>\t\t\t\t<\/div>\n\t\t\t\t<\/div>\n\t\t\t\t<div class=\"elementor-element elementor-element-befbc6f elementor-widget elementor-widget-text-editor\" data-id=\"befbc6f\" data-element_type=\"widget\" data-widget_type=\"text-editor.default\">\n\t\t\t\t<div class=\"elementor-widget-container\">\n\t\t\t\t\t\t\t\t\t<ul>\n<li>Pok\u00f3j 1 os 110 z\u0142\/doba * (cena bez promocji 120 z\u0142\/doba)<\/li>\n<li>Pok\u00f3j 2 os 180 z\u0142\/doba* (cena bez promocji 190 z\u0142\/doba)<\/li>\n<li>Apartament 2 os: 220 z\u0142\/doba* <br>(cena bez promocji 230 z\u0142\/doba)<\/li>\n<li>Apartament 3 os: 280 z\u0142\/doba* <br>(cena bez promocji 310 z\u0142\/doba)<\/li>\n<li>Apartament 3 os typu studio: 290 z\u0142\/doba <br>(cena bez promocji 320z\u0142\/doba)<\/li>\n<li>Apartament 4 os typu studio: 390 z\u0142\/doba <br>(cena bez promocji 410 z\u0142\/doba<\/li>\n<li>Apartament 4 os: 390 z\u0142\/doba*<br>(cena bez promocji 410 z\u0142\/doba)<\/li>\n<\/ul>\n<p>*Promocja obowi\u0105zuje od 23.09.25 do 21.12.25<\/p>\n<p>*Promocja obowi\u0105zuje przy pobytach d\u0142u\u017cszych ni\u017c&nbsp; 4 noclegi.<\/p>\n<p>*Ceny uzale\u017cnione s\u0105 od d\u0142ugo\u015bci pobytu, w celu uzyskania informacji o aktualnych cenach prosimy o kontakt (odno\u015bnik do formularza kontaktowego)<\/p>\t\t\t\t\t\t\t\t<\/div>\n\t\t\t\t<\/div>\n\t\t\t\t<div class=\"elementor-element elementor-element-2d22794 elementor-align-justify elementor-widget__width-initial elementor-widget-mobile__width-inherit elementor-widget elementor-widget-button\" data-id=\"2d22794\" data-element_type=\"widget\" data-widget_type=\"button.default\">\n\t\t\t\t<div class=\"elementor-widget-container\">\n\t\t\t\t\t\t\t\t\t<div class=\"elementor-button-wrapper\">\n\t\t\t\t\t<a class=\"elementor-button elementor-button-link elementor-size-sm\" href=\"#kontakt\">\n\t\t\t\t\t\t<span class=\"elementor-button-content-wrapper\">\n\t\t\t\t\t\t\t\t\t<span class=\"elementor-button-text\">Book now<\/span>\n\t\t\t\t\t<\/span>\n\t\t\t\t\t<\/a>\n\t\t\t\t<\/div>\n\t\t\t\t\t\t\t\t<\/div>\n\t\t\t\t<\/div>\n\t\t\t\t<div class=\"elementor-element elementor-element-3c825bc elementor-align-justify elementor-widget__width-initial elementor-widget-mobile__width-inherit elementor-widget elementor-widget-button\" data-id=\"3c825bc\" data-element_type=\"widget\" data-widget_type=\"button.default\">\n\t\t\t\t<div class=\"elementor-widget-container\">\n\t\t\t\t\t\t\t\t\t<div class=\"elementor-button-wrapper\">\n\t\t\t\t\t<a class=\"elementor-button elementor-button-link elementor-size-sm\" href=\"https:\/\/stasienka.pl\/en\/oferta-wiosna-lato-2024\/\">\n\t\t\t\t\t\t<span class=\"elementor-button-content-wrapper\">\n\t\t\t\t\t\t\t\t\t<span class=\"elementor-button-text\">See the Christmas and New Year's Eve offer<\/span>\n\t\t\t\t\t<\/span>\n\t\t\t\t\t<\/a>\n\t\t\t\t<\/div>\n\t\t\t\t\t\t\t\t<\/div>\n\t\t\t\t<\/div>\n\t\t\t\t\t<\/div>\n\t\t<\/div>\n\t\t\t\t<div class=\"elementor-column elementor-col-50 elementor-inner-column elementor-element elementor-element-b23f056\" data-id=\"b23f056\" data-element_type=\"column\" data-settings=\"{&quot;background_background&quot;:&quot;classic&quot;}\">\n\t\t\t<div class=\"elementor-widget-wrap elementor-element-populated\">\n\t\t\t\t\t\t<div class=\"elementor-element elementor-element-c5631ee elementor-widget elementor-widget-image\" data-id=\"c5631ee\" data-element_type=\"widget\" data-widget_type=\"image.default\">\n\t\t\t\t<div class=\"elementor-widget-container\">\n\t\t\t\t\t\t\t\t\t\t\t\t\t\t\t<img fetchpriority=\"high\" decoding=\"async\" width=\"1024\" height=\"683\" src=\"https:\/\/stasienka.pl\/wp-content\/uploads\/2024\/07\/jesien-stasienka-zakopane-tatry.jpg\" class=\"attachment-full size-full wp-image-1545\" alt=\"\" srcset=\"https:\/\/stasienka.pl\/wp-content\/uploads\/2024\/07\/jesien-stasienka-zakopane-tatry.jpg 1024w, https:\/\/stasienka.pl\/wp-content\/uploads\/2024\/07\/jesien-stasienka-zakopane-tatry-300x200.jpg 300w, https:\/\/stasienka.pl\/wp-content\/uploads\/2024\/07\/jesien-stasienka-zakopane-tatry-768x512.jpg 768w, https:\/\/stasienka.pl\/wp-content\/uploads\/2024\/07\/jesien-stasienka-zakopane-tatry-18x12.jpg 18w\" sizes=\"(max-width: 1024px) 100vw, 1024px\" \/>\t\t\t\t\t\t\t\t\t\t\t\t\t\t\t<\/div>\n\t\t\t\t<\/div>\n\t\t\t\t\t<\/div>\n\t\t<\/div>\n\t\t\t\t\t<\/div>\n\t\t<\/section>\n\t\t\t\t\t<\/div>\n\t\t<\/div>\n\t\t\t\t\t<\/div>\n\t\t<\/section>\n\t\t\t\t<section class=\"elementor-section elementor-top-section elementor-element elementor-element-bc9038c elementor-section-boxed elementor-section-height-default elementor-section-height-default\" data-id=\"bc9038c\" data-element_type=\"section\" data-settings=\"{&quot;background_background&quot;:&quot;classic&quot;}\">\n\t\t\t\t\t\t<div class=\"elementor-container elementor-column-gap-default\">\n\t\t\t\t\t<div class=\"elementor-column elementor-col-100 elementor-top-column elementor-element elementor-element-5fe2a3c\" data-id=\"5fe2a3c\" data-element_type=\"column\">\n\t\t\t<div class=\"elementor-widget-wrap elementor-element-populated\">\n\t\t\t\t\t\t<div class=\"elementor-element elementor-element-a384f69 elementor-widget__width-initial elementor-widget elementor-widget-text-editor\" data-id=\"a384f69\" data-element_type=\"widget\" data-widget_type=\"text-editor.default\">\n\t\t\t\t<div class=\"elementor-widget-container\">\n\t\t\t\t\t\t\t\t\t<p class=\"translation-block\">\u2022 This price list does not constitute an offer within the meaning of Art. 66 of the Civil Code and is for information purposes only<br>\u2022 When booking, a deposit of at least 2-3 nights is required, depending on the length of stay<br>\u2022 In the event of cancellation, the deposit is non-refundable<br>\u2022 In case of failure to show up at on the first day of the reservation until 10 p.m. and failure to inform about late arrival will result in the cancellation of the reservation.<br>\u2022 The given prices do not include the local fee, which amounts to PLN 2 for each day of stay per person.<br>\u2022 The remaining amount must be paid no later than on the day of arrival in cash.<br>\u2022 If you want to receive a VAT invoice for your stay, please inform us about it when booking and provide the invoice details.<br>\u2022 The hotel day starts on the day of arrival at 15:00 and ends on the day of departure until 10:00<\/p>\t\t\t\t\t\t\t\t<\/div>\n\t\t\t\t<\/div>\n\t\t\t\t\t<\/div>\n\t\t<\/div>\n\t\t\t\t\t<\/div>\n\t\t<\/section>\n\t\t\t\t<section class=\"elementor-section elementor-top-section elementor-element elementor-element-f1cd3cf elementor-section-height-min-height elementor-section-boxed elementor-section-height-default elementor-section-items-middle\" data-id=\"f1cd3cf\" data-element_type=\"section\" data-settings=\"{&quot;background_background&quot;:&quot;classic&quot;}\">\n\t\t\t\t\t\t<div class=\"elementor-container elementor-column-gap-default\">\n\t\t\t\t\t<div class=\"elementor-column elementor-col-100 elementor-top-column elementor-element elementor-element-1e33d07\" data-id=\"1e33d07\" data-element_type=\"column\">\n\t\t\t<div class=\"elementor-widget-wrap elementor-element-populated\">\n\t\t\t\t\t\t<div class=\"elementor-element elementor-element-76f3ba6 elementor-widget elementor-widget-menu-anchor\" data-id=\"76f3ba6\" data-element_type=\"widget\" data-widget_type=\"menu-anchor.default\">\n\t\t\t\t<div class=\"elementor-widget-container\">\n\t\t\t\t\t\t\t<div class=\"elementor-menu-anchor\" id=\"kontakt\"><\/div>\n\t\t\t\t\t\t<\/div>\n\t\t\t\t<\/div>\n\t\t\t\t\t<\/div>\n\t\t<\/div>\n\t\t\t\t\t<\/div>\n\t\t<\/section>\n\t\t\t\t<\/div>","protected":false},"excerpt":{"rendered":"<p>Zapraszamy na z\u0142ot\u0105 Polsk\u0105 jesie\u0144 w Tatrach! Oferta jesienna Jesie\u0144 to idealny czas na obcowanie z g\u00f3rami. Cisza, spok\u00f3j i pi\u0119kne \u017cywe kolory zachwyc\u0105 ka\u017cdego. Zobacz Tatry w jesiennych barwach! Zapraszamy na prze\u017cywanie jesiennych chwil w naszym obiekcie w promocyjnych cenach! Jesie\u0144 2025 &#8211; cennik Pok\u00f3j 1 os 110 z\u0142\/doba * (cena bez promocji 120 [&hellip;]<\/p>\n","protected":false},"author":1,"featured_media":146,"parent":0,"menu_order":0,"comment_status":"closed","ping_status":"closed","template":"","meta":{"footnotes":""},"class_list":["post-1546","page","type-page","status-publish","has-post-thumbnail","hentry"],"yoast_head":"<!-- This site is optimized with the Yoast SEO plugin v27.3 - https:\/\/yoast.com\/product\/yoast-seo-wordpress\/ -->\n<title>Oferta jesienna - Willa Stasie\u0144ka<\/title>\n<meta name=\"robots\" content=\"index, follow, max-snippet:-1, max-image-preview:large, max-video-preview:-1\" \/>\n<link rel=\"canonical\" href=\"https:\/\/stasienka.pl\/en\/oferta-jesienna\/\" \/>\n<meta property=\"og:locale\" content=\"en_GB\" \/>\n<meta property=\"og:type\" content=\"article\" \/>\n<meta property=\"og:title\" content=\"Oferta jesienna - Willa Stasie\u0144ka\" \/>\n<meta property=\"og:description\" content=\"Zapraszamy na z\u0142ot\u0105 Polsk\u0105 jesie\u0144 w Tatrach! Oferta jesienna Jesie\u0144 to idealny czas na obcowanie z g\u00f3rami. Cisza, spok\u00f3j i pi\u0119kne \u017cywe kolory zachwyc\u0105 ka\u017cdego. Zobacz Tatry w jesiennych barwach! Zapraszamy na prze\u017cywanie jesiennych chwil w naszym obiekcie w promocyjnych cenach! Jesie\u0144 2025 &#8211; cennik Pok\u00f3j 1 os 110 z\u0142\/doba * (cena bez promocji 120 [&hellip;]\" \/>\n<meta property=\"og:url\" content=\"https:\/\/stasienka.pl\/en\/oferta-jesienna\/\" \/>\n<meta property=\"og:site_name\" content=\"Willa Stasie\u0144ka\" \/>\n<meta property=\"article:modified_time\" content=\"2025-10-27T13:53:51+00:00\" \/>\n<meta property=\"og:image\" content=\"https:\/\/stasienka.pl\/wp-content\/uploads\/2023\/04\/Willa-Stasienka-nocleg-w-zakopanem-6.jpg\" \/>\n\t<meta property=\"og:image:width\" content=\"1920\" \/>\n\t<meta property=\"og:image:height\" content=\"1440\" \/>\n\t<meta property=\"og:image:type\" content=\"image\/jpeg\" \/>\n<meta name=\"twitter:card\" content=\"summary_large_image\" \/>\n<meta name=\"twitter:label1\" content=\"Estimated reading time\" \/>\n\t<meta name=\"twitter:data1\" content=\"3 minutes\" \/>\n<script type=\"application\/ld+json\" class=\"yoast-schema-graph\">{\"@context\":\"https:\\\/\\\/schema.org\",\"@graph\":[{\"@type\":\"WebPage\",\"@id\":\"https:\\\/\\\/stasienka.pl\\\/oferta-jesienna\\\/\",\"url\":\"https:\\\/\\\/stasienka.pl\\\/oferta-jesienna\\\/\",\"name\":\"Oferta jesienna - Willa Stasie\u0144ka\",\"isPartOf\":{\"@id\":\"https:\\\/\\\/stasienka.pl\\\/#website\"},\"primaryImageOfPage\":{\"@id\":\"https:\\\/\\\/stasienka.pl\\\/oferta-jesienna\\\/#primaryimage\"},\"image\":{\"@id\":\"https:\\\/\\\/stasienka.pl\\\/oferta-jesienna\\\/#primaryimage\"},\"thumbnailUrl\":\"https:\\\/\\\/stasienka.pl\\\/wp-content\\\/uploads\\\/2023\\\/04\\\/Willa-Stasienka-nocleg-w-zakopanem-6.jpg\",\"datePublished\":\"2024-07-17T11:20:10+00:00\",\"dateModified\":\"2025-10-27T13:53:51+00:00\",\"breadcrumb\":{\"@id\":\"https:\\\/\\\/stasienka.pl\\\/oferta-jesienna\\\/#breadcrumb\"},\"inLanguage\":\"en-GB\",\"potentialAction\":[{\"@type\":\"ReadAction\",\"target\":[\"https:\\\/\\\/stasienka.pl\\\/oferta-jesienna\\\/\"]}]},{\"@type\":\"ImageObject\",\"inLanguage\":\"en-GB\",\"@id\":\"https:\\\/\\\/stasienka.pl\\\/oferta-jesienna\\\/#primaryimage\",\"url\":\"https:\\\/\\\/stasienka.pl\\\/wp-content\\\/uploads\\\/2023\\\/04\\\/Willa-Stasienka-nocleg-w-zakopanem-6.jpg\",\"contentUrl\":\"https:\\\/\\\/stasienka.pl\\\/wp-content\\\/uploads\\\/2023\\\/04\\\/Willa-Stasienka-nocleg-w-zakopanem-6.jpg\",\"width\":1920,\"height\":1440},{\"@type\":\"BreadcrumbList\",\"@id\":\"https:\\\/\\\/stasienka.pl\\\/oferta-jesienna\\\/#breadcrumb\",\"itemListElement\":[{\"@type\":\"ListItem\",\"position\":1,\"name\":\"Strona g\u0142\u00f3wna\",\"item\":\"https:\\\/\\\/stasienka.pl\\\/\"},{\"@type\":\"ListItem\",\"position\":2,\"name\":\"Oferta jesienna\"}]},{\"@type\":\"WebSite\",\"@id\":\"https:\\\/\\\/stasienka.pl\\\/#website\",\"url\":\"https:\\\/\\\/stasienka.pl\\\/\",\"name\":\"Willa Stasie\u0144ka\",\"description\":\"Tatry na wyci\u0105gni\u0119cie r\u0119ki\",\"publisher\":{\"@id\":\"https:\\\/\\\/stasienka.pl\\\/#organization\"},\"potentialAction\":[{\"@type\":\"SearchAction\",\"target\":{\"@type\":\"EntryPoint\",\"urlTemplate\":\"https:\\\/\\\/stasienka.pl\\\/?s={search_term_string}\"},\"query-input\":{\"@type\":\"PropertyValueSpecification\",\"valueRequired\":true,\"valueName\":\"search_term_string\"}}],\"inLanguage\":\"en-GB\"},{\"@type\":\"Organization\",\"@id\":\"https:\\\/\\\/stasienka.pl\\\/#organization\",\"name\":\"Willa Stasie\u0144ka\",\"url\":\"https:\\\/\\\/stasienka.pl\\\/\",\"logo\":{\"@type\":\"ImageObject\",\"inLanguage\":\"en-GB\",\"@id\":\"https:\\\/\\\/stasienka.pl\\\/#\\\/schema\\\/logo\\\/image\\\/\",\"url\":\"https:\\\/\\\/stasienka.pl\\\/wp-content\\\/uploads\\\/2023\\\/04\\\/cropped-stasienka-logo@0.5x.png\",\"contentUrl\":\"https:\\\/\\\/stasienka.pl\\\/wp-content\\\/uploads\\\/2023\\\/04\\\/cropped-stasienka-logo@0.5x.png\",\"width\":540,\"height\":540,\"caption\":\"Willa Stasie\u0144ka\"},\"image\":{\"@id\":\"https:\\\/\\\/stasienka.pl\\\/#\\\/schema\\\/logo\\\/image\\\/\"}}]}<\/script>\n<!-- \/ Yoast SEO plugin. -->","yoast_head_json":{"title":"Oferta jesienna - Willa Stasie\u0144ka","robots":{"index":"index","follow":"follow","max-snippet":"max-snippet:-1","max-image-preview":"max-image-preview:large","max-video-preview":"max-video-preview:-1"},"canonical":"https:\/\/stasienka.pl\/en\/oferta-jesienna\/","og_locale":"en_GB","og_type":"article","og_title":"Oferta jesienna - Willa Stasie\u0144ka","og_description":"Zapraszamy na z\u0142ot\u0105 Polsk\u0105 jesie\u0144 w Tatrach! Oferta jesienna Jesie\u0144 to idealny czas na obcowanie z g\u00f3rami. Cisza, spok\u00f3j i pi\u0119kne \u017cywe kolory zachwyc\u0105 ka\u017cdego. Zobacz Tatry w jesiennych barwach! Zapraszamy na prze\u017cywanie jesiennych chwil w naszym obiekcie w promocyjnych cenach! Jesie\u0144 2025 &#8211; cennik Pok\u00f3j 1 os 110 z\u0142\/doba * (cena bez promocji 120 [&hellip;]","og_url":"https:\/\/stasienka.pl\/en\/oferta-jesienna\/","og_site_name":"Willa Stasie\u0144ka","article_modified_time":"2025-10-27T13:53:51+00:00","og_image":[{"width":1920,"height":1440,"url":"https:\/\/stasienka.pl\/wp-content\/uploads\/2023\/04\/Willa-Stasienka-nocleg-w-zakopanem-6.jpg","type":"image\/jpeg"}],"twitter_card":"summary_large_image","twitter_misc":{"Estimated reading time":"3 minutes"},"schema":{"@context":"https:\/\/schema.org","@graph":[{"@type":"WebPage","@id":"https:\/\/stasienka.pl\/oferta-jesienna\/","url":"https:\/\/stasienka.pl\/oferta-jesienna\/","name":"Oferta jesienna - Willa Stasie\u0144ka","isPartOf":{"@id":"https:\/\/stasienka.pl\/#website"},"primaryImageOfPage":{"@id":"https:\/\/stasienka.pl\/oferta-jesienna\/#primaryimage"},"image":{"@id":"https:\/\/stasienka.pl\/oferta-jesienna\/#primaryimage"},"thumbnailUrl":"https:\/\/stasienka.pl\/wp-content\/uploads\/2023\/04\/Willa-Stasienka-nocleg-w-zakopanem-6.jpg","datePublished":"2024-07-17T11:20:10+00:00","dateModified":"2025-10-27T13:53:51+00:00","breadcrumb":{"@id":"https:\/\/stasienka.pl\/oferta-jesienna\/#breadcrumb"},"inLanguage":"en-GB","potentialAction":[{"@type":"ReadAction","target":["https:\/\/stasienka.pl\/oferta-jesienna\/"]}]},{"@type":"ImageObject","inLanguage":"en-GB","@id":"https:\/\/stasienka.pl\/oferta-jesienna\/#primaryimage","url":"https:\/\/stasienka.pl\/wp-content\/uploads\/2023\/04\/Willa-Stasienka-nocleg-w-zakopanem-6.jpg","contentUrl":"https:\/\/stasienka.pl\/wp-content\/uploads\/2023\/04\/Willa-Stasienka-nocleg-w-zakopanem-6.jpg","width":1920,"height":1440},{"@type":"BreadcrumbList","@id":"https:\/\/stasienka.pl\/oferta-jesienna\/#breadcrumb","itemListElement":[{"@type":"ListItem","position":1,"name":"Strona g\u0142\u00f3wna","item":"https:\/\/stasienka.pl\/"},{"@type":"ListItem","position":2,"name":"Oferta jesienna"}]},{"@type":"WebSite","@id":"https:\/\/stasienka.pl\/#website","url":"https:\/\/stasienka.pl\/","name":"Willa Stasie\u0144ka","description":"Tatry na wyci\u0105gni\u0119cie r\u0119ki","publisher":{"@id":"https:\/\/stasienka.pl\/#organization"},"potentialAction":[{"@type":"SearchAction","target":{"@type":"EntryPoint","urlTemplate":"https:\/\/stasienka.pl\/?s={search_term_string}"},"query-input":{"@type":"PropertyValueSpecification","valueRequired":true,"valueName":"search_term_string"}}],"inLanguage":"en-GB"},{"@type":"Organization","@id":"https:\/\/stasienka.pl\/#organization","name":"Willa Stasie\u0144ka","url":"https:\/\/stasienka.pl\/","logo":{"@type":"ImageObject","inLanguage":"en-GB","@id":"https:\/\/stasienka.pl\/#\/schema\/logo\/image\/","url":"https:\/\/stasienka.pl\/wp-content\/uploads\/2023\/04\/cropped-stasienka-logo@0.5x.png","contentUrl":"https:\/\/stasienka.pl\/wp-content\/uploads\/2023\/04\/cropped-stasienka-logo@0.5x.png","width":540,"height":540,"caption":"Willa Stasie\u0144ka"},"image":{"@id":"https:\/\/stasienka.pl\/#\/schema\/logo\/image\/"}}]}},"_links":{"self":[{"href":"https:\/\/stasienka.pl\/en\/wp-json\/wp\/v2\/pages\/1546","targetHints":{"allow":["GET"]}}],"collection":[{"href":"https:\/\/stasienka.pl\/en\/wp-json\/wp\/v2\/pages"}],"about":[{"href":"https:\/\/stasienka.pl\/en\/wp-json\/wp\/v2\/types\/page"}],"author":[{"embeddable":true,"href":"https:\/\/stasienka.pl\/en\/wp-json\/wp\/v2\/users\/1"}],"replies":[{"embeddable":true,"href":"https:\/\/stasienka.pl\/en\/wp-json\/wp\/v2\/comments?post=1546"}],"version-history":[{"count":23,"href":"https:\/\/stasienka.pl\/en\/wp-json\/wp\/v2\/pages\/1546\/revisions"}],"predecessor-version":[{"id":2218,"href":"https:\/\/stasienka.pl\/en\/wp-json\/wp\/v2\/pages\/1546\/revisions\/2218"}],"wp:featuredmedia":[{"embeddable":true,"href":"https:\/\/stasienka.pl\/en\/wp-json\/wp\/v2\/media\/146"}],"wp:attachment":[{"href":"https:\/\/stasienka.pl\/en\/wp-json\/wp\/v2\/media?parent=1546"}],"curies":[{"name":"wp","href":"https:\/\/api.w.org\/{rel}","templated":true}]}}