{"id":1341,"date":"2024-02-19T10:48:48","date_gmt":"2024-02-19T09:48:48","guid":{"rendered":"https:\/\/stasienka.pl\/?page_id=1341"},"modified":"2025-01-29T08:54:05","modified_gmt":"2025-01-29T07:54:05","slug":"oferta-lato","status":"publish","type":"page","link":"https:\/\/stasienka.pl\/en\/oferta-lato\/","title":{"rendered":"Oferta Lato 2025"},"content":{"rendered":"<div data-elementor-type=\"wp-page\" data-elementor-id=\"1341\" class=\"elementor elementor-1341\" data-elementor-post-type=\"page\">\n\t\t\t\t\t\t<section class=\"elementor-section elementor-top-section elementor-element elementor-element-e50fb95 elementor-section-boxed elementor-section-height-default elementor-section-height-default\" data-id=\"e50fb95\" data-element_type=\"section\" data-settings=\"{&quot;background_background&quot;:&quot;classic&quot;}\">\n\t\t\t\t\t\t<div class=\"elementor-container elementor-column-gap-default\">\n\t\t\t\t\t<div class=\"elementor-column elementor-col-100 elementor-top-column elementor-element elementor-element-1c7c261\" data-id=\"1c7c261\" data-element_type=\"column\">\n\t\t\t<div class=\"elementor-widget-wrap elementor-element-populated\">\n\t\t\t\t\t\t<div class=\"elementor-element elementor-element-a06c8c8 elementor-widget elementor-widget-image\" data-id=\"a06c8c8\" data-element_type=\"widget\" data-widget_type=\"image.default\">\n\t\t\t\t<div class=\"elementor-widget-container\">\n\t\t\t\t\t\t\t\t\t\t\t\t\t\t\t<img decoding=\"async\" width=\"60\" height=\"60\" src=\"https:\/\/stasienka.pl\/wp-content\/uploads\/2023\/04\/stasienka-rozeta.png\" class=\"attachment-large size-large wp-image-292\" alt=\"\" srcset=\"https:\/\/stasienka.pl\/wp-content\/uploads\/2023\/04\/stasienka-rozeta.png 60w, https:\/\/stasienka.pl\/wp-content\/uploads\/2023\/04\/stasienka-rozeta-12x12.png 12w\" sizes=\"(max-width: 60px) 100vw, 60px\" \/>\t\t\t\t\t\t\t\t\t\t\t\t\t\t\t<\/div>\n\t\t\t\t<\/div>\n\t\t\t\t<div class=\"elementor-element elementor-element-4fabc22 elementor-widget elementor-widget-heading\" data-id=\"4fabc22\" data-element_type=\"widget\" data-widget_type=\"heading.default\">\n\t\t\t\t<div class=\"elementor-widget-container\">\n\t\t\t\t\t<h4 class=\"elementor-heading-title elementor-size-medium\">Zapraszamy na wiosn\u0119!<\/h4>\t\t\t\t<\/div>\n\t\t\t\t<\/div>\n\t\t\t\t<div class=\"elementor-element elementor-element-504ee1d elementor-widget elementor-widget-heading\" data-id=\"504ee1d\" data-element_type=\"widget\" data-widget_type=\"heading.default\">\n\t\t\t\t<div class=\"elementor-widget-container\">\n\t\t\t\t\t<h2 class=\"elementor-heading-title elementor-size-default\">Oferta Lato 2025<\/h2>\t\t\t\t<\/div>\n\t\t\t\t<\/div>\n\t\t\t\t<section class=\"elementor-section elementor-inner-section elementor-element elementor-element-a48e663 elementor-section-boxed elementor-section-height-default elementor-section-height-default\" data-id=\"a48e663\" data-element_type=\"section\">\n\t\t\t\t\t\t<div class=\"elementor-container elementor-column-gap-default\">\n\t\t\t\t\t<div class=\"elementor-column elementor-col-100 elementor-inner-column elementor-element elementor-element-0407fa1\" data-id=\"0407fa1\" data-element_type=\"column\">\n\t\t\t<div class=\"elementor-widget-wrap elementor-element-populated\">\n\t\t\t\t\t\t<div class=\"elementor-element elementor-element-97310de elementor-hidden-mobile elementor-widget elementor-widget-text-editor\" data-id=\"97310de\" data-element_type=\"widget\" data-widget_type=\"text-editor.default\">\n\t\t\t\t<div class=\"elementor-widget-container\">\n\t\t\t\t\t\t\t\t\t<p>We invite you for summer experiences in the magical scenery of Zakopane! Willa Stasie\u0144ka cordially invites you to discover the unique charms of the mountain landscape during the Summer 2024 holiday season.<\/p><p>Our special offer includes comfortable rooms with a beautiful view of the Tatra Mountains. Experience summer relaxation while enjoying the comfort and great location of our villa.<\/p><p>Plan your unique moments in nature and recharge your batteries with the sunny atmosphere in the mountains. Let Zakopane become a land of unforgettable memories for you. Book now to experience the harmony of nature and luxury in one place - at Willa Stasie\u0144ka.<\/p>\t\t\t\t\t\t\t\t<\/div>\n\t\t\t\t<\/div>\n\t\t\t\t\t<\/div>\n\t\t<\/div>\n\t\t\t\t\t<\/div>\n\t\t<\/section>\n\t\t\t\t<section class=\"elementor-section elementor-inner-section elementor-element elementor-element-7913bf4 elementor-reverse-mobile elementor-section-boxed elementor-section-height-default elementor-section-height-default\" data-id=\"7913bf4\" data-element_type=\"section\">\n\t\t\t\t\t\t<div class=\"elementor-container elementor-column-gap-default\">\n\t\t\t\t\t<div class=\"elementor-column elementor-col-50 elementor-inner-column elementor-element elementor-element-ed495e7\" data-id=\"ed495e7\" data-element_type=\"column\" data-settings=\"{&quot;background_background&quot;:&quot;classic&quot;}\">\n\t\t\t<div class=\"elementor-widget-wrap elementor-element-populated\">\n\t\t\t\t\t\t<div class=\"elementor-element elementor-element-1b102a6 elementor-widget elementor-widget-image\" data-id=\"1b102a6\" data-element_type=\"widget\" data-widget_type=\"image.default\">\n\t\t\t\t<div class=\"elementor-widget-container\">\n\t\t\t\t\t\t\t\t\t\t\t\t\t\t\t<img fetchpriority=\"high\" decoding=\"async\" width=\"600\" height=\"400\" src=\"https:\/\/stasienka.pl\/wp-content\/uploads\/2024\/01\/wakacje-w-tatrach-w-willi-stasienka.jpg\" class=\"attachment-large size-large wp-image-1243\" alt=\"\" srcset=\"https:\/\/stasienka.pl\/wp-content\/uploads\/2024\/01\/wakacje-w-tatrach-w-willi-stasienka.jpg 600w, https:\/\/stasienka.pl\/wp-content\/uploads\/2024\/01\/wakacje-w-tatrach-w-willi-stasienka-300x200.jpg 300w, https:\/\/stasienka.pl\/wp-content\/uploads\/2024\/01\/wakacje-w-tatrach-w-willi-stasienka-18x12.jpg 18w\" sizes=\"(max-width: 600px) 100vw, 600px\" \/>\t\t\t\t\t\t\t\t\t\t\t\t\t\t\t<\/div>\n\t\t\t\t<\/div>\n\t\t\t\t<div class=\"elementor-element elementor-element-3bea98e elementor-widget elementor-widget-text-editor\" data-id=\"3bea98e\" data-element_type=\"widget\" data-widget_type=\"text-editor.default\">\n\t\t\t\t<div class=\"elementor-widget-container\">\n\t\t\t\t\t\t\t\t\t<div><strong><em>Cennik:<\/em><\/strong><\/div><ul><li><strong>Pok\u00f3j 1 os.<\/strong> \u2013 110 \u2013 120z\u0142\/doba*<\/li><li><strong>Pok\u00f3j 2 os.<\/strong> \u2013 180 \u2013 210z\u0142\/doba*<\/li><li><strong>Apartament 2 os.<\/strong> \u2013 220 &#8211; 240z\u0142\/doba*<\/li><li><strong>Apartament 2 os. z dostawk\u0105 dla dziecka<\/strong> \u2013 270 &#8211; 290 z\u0142\/doba*<\/li><li><strong>Apartament 3 os.<\/strong> -290 &#8211; 330 z\u0142\/doba*<\/li><li><strong>Apartament 3 os. typu studio<\/strong> \u2013 310 &#8211; 340 z\u0142\/doba*<\/li><li><strong>Apartament 4 os. typu studio<\/strong> \u2013 390 &#8211; 420 z\u0142\/doba*<\/li><li><strong>Apartament 4 os.<\/strong> \u2013 400 &#8211; 440 z\u0142\/doba*<\/li><li><strong>Apartament 4 os. z dostawk\u0105 dla dziecka<\/strong> \u2013 460 &#8211; 480 z\u0142\/doba*<br \/><br \/><\/li><\/ul><p>*Ceny uzale\u017cnione s\u0105 od d\u0142ugo\u015bci pobytu i liczby os\u00f3b ( Op\u0142ata za dzieci 1-3 lat wynosi 30z\u0142\/doba bez \u015bwiadcze\u0144), w celu uzyskania informacji o cenie pobytu prosimy o kontakt telefoniczny lub e-mail.<\/p>\t\t\t\t\t\t\t\t<\/div>\n\t\t\t\t<\/div>\n\t\t\t\t\t<\/div>\n\t\t<\/div>\n\t\t\t\t<div class=\"elementor-column elementor-col-50 elementor-inner-column elementor-element elementor-element-ec856d5\" data-id=\"ec856d5\" data-element_type=\"column\">\n\t\t\t<div class=\"elementor-widget-wrap elementor-element-populated\">\n\t\t\t\t\t\t<div class=\"elementor-element elementor-element-07db5be elementor-widget elementor-widget-heading\" data-id=\"07db5be\" data-element_type=\"widget\" data-widget_type=\"heading.default\">\n\t\t\t\t<div class=\"elementor-widget-container\">\n\t\t\t\t\t<h3 class=\"elementor-heading-title elementor-size-default\">Summer holiday Offer<\/h3>\t\t\t\t<\/div>\n\t\t\t\t<\/div>\n\t\t\t\t<div class=\"elementor-element elementor-element-800e0b3 elementor-widget elementor-widget-text-editor\" data-id=\"800e0b3\" data-element_type=\"widget\" data-widget_type=\"text-editor.default\">\n\t\t\t\t<div class=\"elementor-widget-container\">\n\t\t\t\t\t\t\t\t\t<p><strong>We invite you for a holiday stay in the Tatra Mountains:<\/strong><\/p><p>Willa Stasie\u0144ka is an ideal base for trips to the mountains:<\/p><ul><li>Ku\u017cnice 2.5 km (300 m bus stop with a regular line to Ku\u017anice)<\/li><li>Bia\u0142ego Valley 2,5km<\/li><li>Olczyska valley 2,5 km<\/li><li>the scenic route Bachledzki Wierch, perfect for afternoon walks with a beautiful panorama of the Tatra Mountains<\/li><li>the Anta\u0142\u00f3wka scenic route with a panorama of the Tatra Mountains and the city of Zakopane<br \/><br \/><\/li><\/ul><p>Perfect relaxation and rest:<\/p><ul><li>sauna<\/li><li>billiards\/table football\/darts<\/li><li>Children's Playground<\/li><li>Deckchairs in the garden<\/li><li>A hut with a barbecue area<\/li><li>Discounts for Termy Chocho\u0142owskie<\/li><\/ul>\t\t\t\t\t\t\t\t<\/div>\n\t\t\t\t<\/div>\n\t\t\t\t<div class=\"elementor-element elementor-element-11053f8 elementor-align-justify elementor-widget__width-initial elementor-widget-mobile__width-inherit elementor-widget elementor-widget-button\" data-id=\"11053f8\" data-element_type=\"widget\" data-widget_type=\"button.default\">\n\t\t\t\t<div class=\"elementor-widget-container\">\n\t\t\t\t\t\t\t\t\t<div class=\"elementor-button-wrapper\">\n\t\t\t\t\t<a class=\"elementor-button elementor-button-link elementor-size-sm\" href=\"#kontakt\">\n\t\t\t\t\t\t<span class=\"elementor-button-content-wrapper\">\n\t\t\t\t\t\t\t\t\t<span class=\"elementor-button-text\">Book now<\/span>\n\t\t\t\t\t<\/span>\n\t\t\t\t\t<\/a>\n\t\t\t\t<\/div>\n\t\t\t\t\t\t\t\t<\/div>\n\t\t\t\t<\/div>\n\t\t\t\t\t<\/div>\n\t\t<\/div>\n\t\t\t\t\t<\/div>\n\t\t<\/section>\n\t\t\t\t\t<\/div>\n\t\t<\/div>\n\t\t\t\t\t<\/div>\n\t\t<\/section>\n\t\t\t\t<section class=\"elementor-section elementor-top-section elementor-element elementor-element-bc9038c elementor-section-boxed elementor-section-height-default elementor-section-height-default\" data-id=\"bc9038c\" data-element_type=\"section\" data-settings=\"{&quot;background_background&quot;:&quot;classic&quot;}\">\n\t\t\t\t\t\t<div class=\"elementor-container elementor-column-gap-default\">\n\t\t\t\t\t<div class=\"elementor-column elementor-col-100 elementor-top-column elementor-element elementor-element-5fe2a3c\" data-id=\"5fe2a3c\" data-element_type=\"column\">\n\t\t\t<div class=\"elementor-widget-wrap elementor-element-populated\">\n\t\t\t\t\t\t<div class=\"elementor-element elementor-element-6bb9836 elementor-widget elementor-widget-image\" data-id=\"6bb9836\" data-element_type=\"widget\" data-widget_type=\"image.default\">\n\t\t\t\t<div class=\"elementor-widget-container\">\n\t\t\t\t\t\t\t\t\t\t\t\t\t\t\t<img decoding=\"async\" width=\"60\" height=\"60\" src=\"https:\/\/stasienka.pl\/wp-content\/uploads\/2023\/04\/stasienka-rozeta.png\" class=\"attachment-large size-large wp-image-292\" alt=\"\" srcset=\"https:\/\/stasienka.pl\/wp-content\/uploads\/2023\/04\/stasienka-rozeta.png 60w, https:\/\/stasienka.pl\/wp-content\/uploads\/2023\/04\/stasienka-rozeta-12x12.png 12w\" sizes=\"(max-width: 60px) 100vw, 60px\" \/>\t\t\t\t\t\t\t\t\t\t\t\t\t\t\t<\/div>\n\t\t\t\t<\/div>\n\t\t\t\t<div class=\"elementor-element elementor-element-a384f69 elementor-widget__width-initial elementor-widget elementor-widget-text-editor\" data-id=\"a384f69\" data-element_type=\"widget\" data-widget_type=\"text-editor.default\">\n\t\t\t\t<div class=\"elementor-widget-container\">\n\t\t\t\t\t\t\t\t\t<p class=\"translation-block\">\u2022 This price list does not constitute an offer within the meaning of Art. 66 of the Civil Code and is for information purposes only<br>\u2022 When booking, a deposit of at least 2-3 nights is required, depending on the length of stay<br>\u2022 In the event of cancellation, the deposit is non-refundable<br>\u2022 In case of failure to show up at on the first day of the reservation until 10 p.m. and failure to inform about late arrival will result in the cancellation of the reservation.<br>\u2022 The given prices do not include the local fee, which amounts to PLN 2 for each day of stay per person.<br>\u2022 The remaining amount must be paid no later than on the day of arrival in cash.<br>\u2022 If you want to receive a VAT invoice for your stay, please inform us about it when booking and provide the invoice details.<br>\u2022 The hotel day starts on the day of arrival at 15:00 and ends on the day of departure until 10:00<\/p>\t\t\t\t\t\t\t\t<\/div>\n\t\t\t\t<\/div>\n\t\t\t\t\t<\/div>\n\t\t<\/div>\n\t\t\t\t\t<\/div>\n\t\t<\/section>\n\t\t\t\t<section class=\"elementor-section elementor-top-section elementor-element elementor-element-f1cd3cf elementor-section-height-min-height elementor-section-boxed elementor-section-height-default elementor-section-items-middle\" data-id=\"f1cd3cf\" data-element_type=\"section\" data-settings=\"{&quot;background_background&quot;:&quot;classic&quot;}\">\n\t\t\t\t\t\t<div class=\"elementor-container elementor-column-gap-default\">\n\t\t\t\t\t<div class=\"elementor-column elementor-col-100 elementor-top-column elementor-element elementor-element-1e33d07\" data-id=\"1e33d07\" data-element_type=\"column\">\n\t\t\t<div class=\"elementor-widget-wrap elementor-element-populated\">\n\t\t\t\t\t\t<div class=\"elementor-element elementor-element-76f3ba6 elementor-widget elementor-widget-menu-anchor\" data-id=\"76f3ba6\" data-element_type=\"widget\" data-widget_type=\"menu-anchor.default\">\n\t\t\t\t<div class=\"elementor-widget-container\">\n\t\t\t\t\t\t\t<div class=\"elementor-menu-anchor\" id=\"kontakt\"><\/div>\n\t\t\t\t\t\t<\/div>\n\t\t\t\t<\/div>\n\t\t\t\t\t<\/div>\n\t\t<\/div>\n\t\t\t\t\t<\/div>\n\t\t<\/section>\n\t\t\t\t<\/div>","protected":false},"excerpt":{"rendered":"<p>Zapraszamy na wiosn\u0119! Oferta Lato 2025 Zapraszamy letnie prze\u017cycia w magicznej scenerii Zakopanego! Willa Stasie\u0144ka serdecznie zaprasza do odkrywania niepowtarzalnych urok\u00f3w g\u00f3rskiego krajobrazu w sezonie wakacyjnym Lato 2024. W naszej specjalnej ofercie znajdziecie wygodne pokoje z pi\u0119knym widokiem na Tatry. Do\u015bwiadczcie letniego relaksu, delektuj\u0105c si\u0119 jednocze\u015bnie komfortem i \u015bwietnym po\u0142o\u017ceniem naszej willi. Zaplanujcie swoje wyj\u0105tkowe [&hellip;]<\/p>\n","protected":false},"author":1,"featured_media":146,"parent":0,"menu_order":0,"comment_status":"closed","ping_status":"closed","template":"","meta":{"footnotes":""},"class_list":["post-1341","page","type-page","status-publish","has-post-thumbnail","hentry"],"yoast_head":"<!-- This site is optimized with the Yoast SEO plugin v27.3 - https:\/\/yoast.com\/product\/yoast-seo-wordpress\/ -->\n<title>Oferta Lato 2025 - Willa Stasie\u0144ka<\/title>\n<meta name=\"robots\" content=\"index, follow, max-snippet:-1, max-image-preview:large, max-video-preview:-1\" \/>\n<link rel=\"canonical\" href=\"https:\/\/stasienka.pl\/en\/oferta-lato\/\" \/>\n<meta property=\"og:locale\" content=\"en_GB\" \/>\n<meta property=\"og:type\" content=\"article\" \/>\n<meta property=\"og:title\" content=\"Oferta Lato 2025 - Willa Stasie\u0144ka\" \/>\n<meta property=\"og:description\" content=\"Zapraszamy na wiosn\u0119! Oferta Lato 2025 Zapraszamy letnie prze\u017cycia w magicznej scenerii Zakopanego! Willa Stasie\u0144ka serdecznie zaprasza do odkrywania niepowtarzalnych urok\u00f3w g\u00f3rskiego krajobrazu w sezonie wakacyjnym Lato 2024. W naszej specjalnej ofercie znajdziecie wygodne pokoje z pi\u0119knym widokiem na Tatry. Do\u015bwiadczcie letniego relaksu, delektuj\u0105c si\u0119 jednocze\u015bnie komfortem i \u015bwietnym po\u0142o\u017ceniem naszej willi. Zaplanujcie swoje wyj\u0105tkowe [&hellip;]\" \/>\n<meta property=\"og:url\" content=\"https:\/\/stasienka.pl\/en\/oferta-lato\/\" \/>\n<meta property=\"og:site_name\" content=\"Willa Stasie\u0144ka\" \/>\n<meta property=\"article:modified_time\" content=\"2025-01-29T07:54:05+00:00\" \/>\n<meta property=\"og:image\" content=\"https:\/\/stasienka.pl\/wp-content\/uploads\/2023\/04\/Willa-Stasienka-nocleg-w-zakopanem-6.jpg\" \/>\n\t<meta property=\"og:image:width\" content=\"1920\" \/>\n\t<meta property=\"og:image:height\" content=\"1440\" \/>\n\t<meta property=\"og:image:type\" content=\"image\/jpeg\" \/>\n<meta name=\"twitter:card\" content=\"summary_large_image\" \/>\n<meta name=\"twitter:label1\" content=\"Estimated reading time\" \/>\n\t<meta name=\"twitter:data1\" content=\"3 minutes\" \/>\n<script type=\"application\/ld+json\" class=\"yoast-schema-graph\">{\"@context\":\"https:\\\/\\\/schema.org\",\"@graph\":[{\"@type\":\"WebPage\",\"@id\":\"https:\\\/\\\/stasienka.pl\\\/oferta-lato\\\/\",\"url\":\"https:\\\/\\\/stasienka.pl\\\/oferta-lato\\\/\",\"name\":\"Oferta Lato 2025 - Willa Stasie\u0144ka\",\"isPartOf\":{\"@id\":\"https:\\\/\\\/stasienka.pl\\\/#website\"},\"primaryImageOfPage\":{\"@id\":\"https:\\\/\\\/stasienka.pl\\\/oferta-lato\\\/#primaryimage\"},\"image\":{\"@id\":\"https:\\\/\\\/stasienka.pl\\\/oferta-lato\\\/#primaryimage\"},\"thumbnailUrl\":\"https:\\\/\\\/stasienka.pl\\\/wp-content\\\/uploads\\\/2023\\\/04\\\/Willa-Stasienka-nocleg-w-zakopanem-6.jpg\",\"datePublished\":\"2024-02-19T09:48:48+00:00\",\"dateModified\":\"2025-01-29T07:54:05+00:00\",\"breadcrumb\":{\"@id\":\"https:\\\/\\\/stasienka.pl\\\/oferta-lato\\\/#breadcrumb\"},\"inLanguage\":\"en-GB\",\"potentialAction\":[{\"@type\":\"ReadAction\",\"target\":[\"https:\\\/\\\/stasienka.pl\\\/oferta-lato\\\/\"]}]},{\"@type\":\"ImageObject\",\"inLanguage\":\"en-GB\",\"@id\":\"https:\\\/\\\/stasienka.pl\\\/oferta-lato\\\/#primaryimage\",\"url\":\"https:\\\/\\\/stasienka.pl\\\/wp-content\\\/uploads\\\/2023\\\/04\\\/Willa-Stasienka-nocleg-w-zakopanem-6.jpg\",\"contentUrl\":\"https:\\\/\\\/stasienka.pl\\\/wp-content\\\/uploads\\\/2023\\\/04\\\/Willa-Stasienka-nocleg-w-zakopanem-6.jpg\",\"width\":1920,\"height\":1440},{\"@type\":\"BreadcrumbList\",\"@id\":\"https:\\\/\\\/stasienka.pl\\\/oferta-lato\\\/#breadcrumb\",\"itemListElement\":[{\"@type\":\"ListItem\",\"position\":1,\"name\":\"Strona g\u0142\u00f3wna\",\"item\":\"https:\\\/\\\/stasienka.pl\\\/\"},{\"@type\":\"ListItem\",\"position\":2,\"name\":\"Oferta Lato 2025\"}]},{\"@type\":\"WebSite\",\"@id\":\"https:\\\/\\\/stasienka.pl\\\/#website\",\"url\":\"https:\\\/\\\/stasienka.pl\\\/\",\"name\":\"Willa Stasie\u0144ka\",\"description\":\"Tatry na wyci\u0105gni\u0119cie r\u0119ki\",\"publisher\":{\"@id\":\"https:\\\/\\\/stasienka.pl\\\/#organization\"},\"potentialAction\":[{\"@type\":\"SearchAction\",\"target\":{\"@type\":\"EntryPoint\",\"urlTemplate\":\"https:\\\/\\\/stasienka.pl\\\/?s={search_term_string}\"},\"query-input\":{\"@type\":\"PropertyValueSpecification\",\"valueRequired\":true,\"valueName\":\"search_term_string\"}}],\"inLanguage\":\"en-GB\"},{\"@type\":\"Organization\",\"@id\":\"https:\\\/\\\/stasienka.pl\\\/#organization\",\"name\":\"Willa Stasie\u0144ka\",\"url\":\"https:\\\/\\\/stasienka.pl\\\/\",\"logo\":{\"@type\":\"ImageObject\",\"inLanguage\":\"en-GB\",\"@id\":\"https:\\\/\\\/stasienka.pl\\\/#\\\/schema\\\/logo\\\/image\\\/\",\"url\":\"https:\\\/\\\/stasienka.pl\\\/wp-content\\\/uploads\\\/2023\\\/04\\\/cropped-stasienka-logo@0.5x.png\",\"contentUrl\":\"https:\\\/\\\/stasienka.pl\\\/wp-content\\\/uploads\\\/2023\\\/04\\\/cropped-stasienka-logo@0.5x.png\",\"width\":540,\"height\":540,\"caption\":\"Willa Stasie\u0144ka\"},\"image\":{\"@id\":\"https:\\\/\\\/stasienka.pl\\\/#\\\/schema\\\/logo\\\/image\\\/\"}}]}<\/script>\n<!-- \/ Yoast SEO plugin. -->","yoast_head_json":{"title":"Oferta Lato 2025 - Willa Stasie\u0144ka","robots":{"index":"index","follow":"follow","max-snippet":"max-snippet:-1","max-image-preview":"max-image-preview:large","max-video-preview":"max-video-preview:-1"},"canonical":"https:\/\/stasienka.pl\/en\/oferta-lato\/","og_locale":"en_GB","og_type":"article","og_title":"Oferta Lato 2025 - Willa Stasie\u0144ka","og_description":"Zapraszamy na wiosn\u0119! Oferta Lato 2025 Zapraszamy letnie prze\u017cycia w magicznej scenerii Zakopanego! Willa Stasie\u0144ka serdecznie zaprasza do odkrywania niepowtarzalnych urok\u00f3w g\u00f3rskiego krajobrazu w sezonie wakacyjnym Lato 2024. W naszej specjalnej ofercie znajdziecie wygodne pokoje z pi\u0119knym widokiem na Tatry. Do\u015bwiadczcie letniego relaksu, delektuj\u0105c si\u0119 jednocze\u015bnie komfortem i \u015bwietnym po\u0142o\u017ceniem naszej willi. Zaplanujcie swoje wyj\u0105tkowe [&hellip;]","og_url":"https:\/\/stasienka.pl\/en\/oferta-lato\/","og_site_name":"Willa Stasie\u0144ka","article_modified_time":"2025-01-29T07:54:05+00:00","og_image":[{"width":1920,"height":1440,"url":"https:\/\/stasienka.pl\/wp-content\/uploads\/2023\/04\/Willa-Stasienka-nocleg-w-zakopanem-6.jpg","type":"image\/jpeg"}],"twitter_card":"summary_large_image","twitter_misc":{"Estimated reading time":"3 minutes"},"schema":{"@context":"https:\/\/schema.org","@graph":[{"@type":"WebPage","@id":"https:\/\/stasienka.pl\/oferta-lato\/","url":"https:\/\/stasienka.pl\/oferta-lato\/","name":"Oferta Lato 2025 - Willa Stasie\u0144ka","isPartOf":{"@id":"https:\/\/stasienka.pl\/#website"},"primaryImageOfPage":{"@id":"https:\/\/stasienka.pl\/oferta-lato\/#primaryimage"},"image":{"@id":"https:\/\/stasienka.pl\/oferta-lato\/#primaryimage"},"thumbnailUrl":"https:\/\/stasienka.pl\/wp-content\/uploads\/2023\/04\/Willa-Stasienka-nocleg-w-zakopanem-6.jpg","datePublished":"2024-02-19T09:48:48+00:00","dateModified":"2025-01-29T07:54:05+00:00","breadcrumb":{"@id":"https:\/\/stasienka.pl\/oferta-lato\/#breadcrumb"},"inLanguage":"en-GB","potentialAction":[{"@type":"ReadAction","target":["https:\/\/stasienka.pl\/oferta-lato\/"]}]},{"@type":"ImageObject","inLanguage":"en-GB","@id":"https:\/\/stasienka.pl\/oferta-lato\/#primaryimage","url":"https:\/\/stasienka.pl\/wp-content\/uploads\/2023\/04\/Willa-Stasienka-nocleg-w-zakopanem-6.jpg","contentUrl":"https:\/\/stasienka.pl\/wp-content\/uploads\/2023\/04\/Willa-Stasienka-nocleg-w-zakopanem-6.jpg","width":1920,"height":1440},{"@type":"BreadcrumbList","@id":"https:\/\/stasienka.pl\/oferta-lato\/#breadcrumb","itemListElement":[{"@type":"ListItem","position":1,"name":"Strona g\u0142\u00f3wna","item":"https:\/\/stasienka.pl\/"},{"@type":"ListItem","position":2,"name":"Oferta Lato 2025"}]},{"@type":"WebSite","@id":"https:\/\/stasienka.pl\/#website","url":"https:\/\/stasienka.pl\/","name":"Willa Stasie\u0144ka","description":"Tatry na wyci\u0105gni\u0119cie r\u0119ki","publisher":{"@id":"https:\/\/stasienka.pl\/#organization"},"potentialAction":[{"@type":"SearchAction","target":{"@type":"EntryPoint","urlTemplate":"https:\/\/stasienka.pl\/?s={search_term_string}"},"query-input":{"@type":"PropertyValueSpecification","valueRequired":true,"valueName":"search_term_string"}}],"inLanguage":"en-GB"},{"@type":"Organization","@id":"https:\/\/stasienka.pl\/#organization","name":"Willa Stasie\u0144ka","url":"https:\/\/stasienka.pl\/","logo":{"@type":"ImageObject","inLanguage":"en-GB","@id":"https:\/\/stasienka.pl\/#\/schema\/logo\/image\/","url":"https:\/\/stasienka.pl\/wp-content\/uploads\/2023\/04\/cropped-stasienka-logo@0.5x.png","contentUrl":"https:\/\/stasienka.pl\/wp-content\/uploads\/2023\/04\/cropped-stasienka-logo@0.5x.png","width":540,"height":540,"caption":"Willa Stasie\u0144ka"},"image":{"@id":"https:\/\/stasienka.pl\/#\/schema\/logo\/image\/"}}]}},"_links":{"self":[{"href":"https:\/\/stasienka.pl\/en\/wp-json\/wp\/v2\/pages\/1341","targetHints":{"allow":["GET"]}}],"collection":[{"href":"https:\/\/stasienka.pl\/en\/wp-json\/wp\/v2\/pages"}],"about":[{"href":"https:\/\/stasienka.pl\/en\/wp-json\/wp\/v2\/types\/page"}],"author":[{"embeddable":true,"href":"https:\/\/stasienka.pl\/en\/wp-json\/wp\/v2\/users\/1"}],"replies":[{"embeddable":true,"href":"https:\/\/stasienka.pl\/en\/wp-json\/wp\/v2\/comments?post=1341"}],"version-history":[{"count":23,"href":"https:\/\/stasienka.pl\/en\/wp-json\/wp\/v2\/pages\/1341\/revisions"}],"predecessor-version":[{"id":1955,"href":"https:\/\/stasienka.pl\/en\/wp-json\/wp\/v2\/pages\/1341\/revisions\/1955"}],"wp:featuredmedia":[{"embeddable":true,"href":"https:\/\/stasienka.pl\/en\/wp-json\/wp\/v2\/media\/146"}],"wp:attachment":[{"href":"https:\/\/stasienka.pl\/en\/wp-json\/wp\/v2\/media?parent=1341"}],"curies":[{"name":"wp","href":"https:\/\/api.w.org\/{rel}","templated":true}]}}