{"id":1332,"date":"2024-02-19T10:33:18","date_gmt":"2024-02-19T09:33:18","guid":{"rendered":"https:\/\/stasienka.pl\/?page_id=1332"},"modified":"2025-10-27T15:33:30","modified_gmt":"2025-10-27T14:33:30","slug":"oferta-majowa","status":"publish","type":"page","link":"https:\/\/stasienka.pl\/en\/oferta-majowa\/","title":{"rendered":"Oferta Maj\u00f3wka 2026"},"content":{"rendered":"<div data-elementor-type=\"wp-page\" data-elementor-id=\"1332\" class=\"elementor elementor-1332\" data-elementor-post-type=\"page\">\n\t\t\t\t\t\t<section class=\"elementor-section elementor-top-section elementor-element elementor-element-e50fb95 elementor-section-boxed elementor-section-height-default elementor-section-height-default\" data-id=\"e50fb95\" data-element_type=\"section\" data-settings=\"{&quot;background_background&quot;:&quot;classic&quot;}\">\n\t\t\t\t\t\t<div class=\"elementor-container elementor-column-gap-default\">\n\t\t\t\t\t<div class=\"elementor-column elementor-col-100 elementor-top-column elementor-element elementor-element-1c7c261\" data-id=\"1c7c261\" data-element_type=\"column\">\n\t\t\t<div class=\"elementor-widget-wrap elementor-element-populated\">\n\t\t\t\t\t\t<div class=\"elementor-element elementor-element-a06c8c8 elementor-widget elementor-widget-image\" data-id=\"a06c8c8\" data-element_type=\"widget\" data-widget_type=\"image.default\">\n\t\t\t\t<div class=\"elementor-widget-container\">\n\t\t\t\t\t\t\t\t\t\t\t\t\t\t\t<img decoding=\"async\" width=\"60\" height=\"60\" src=\"https:\/\/stasienka.pl\/wp-content\/uploads\/2023\/04\/stasienka-rozeta.png\" class=\"attachment-large size-large wp-image-292\" alt=\"\" srcset=\"https:\/\/stasienka.pl\/wp-content\/uploads\/2023\/04\/stasienka-rozeta.png 60w, https:\/\/stasienka.pl\/wp-content\/uploads\/2023\/04\/stasienka-rozeta-12x12.png 12w\" sizes=\"(max-width: 60px) 100vw, 60px\" \/>\t\t\t\t\t\t\t\t\t\t\t\t\t\t\t<\/div>\n\t\t\t\t<\/div>\n\t\t\t\t<div class=\"elementor-element elementor-element-4fabc22 elementor-widget elementor-widget-heading\" data-id=\"4fabc22\" data-element_type=\"widget\" data-widget_type=\"heading.default\">\n\t\t\t\t<div class=\"elementor-widget-container\">\n\t\t\t\t\t<h4 class=\"elementor-heading-title elementor-size-medium\">Zapraszamy na wiosn\u0119!<\/h4>\t\t\t\t<\/div>\n\t\t\t\t<\/div>\n\t\t\t\t<div class=\"elementor-element elementor-element-504ee1d elementor-widget elementor-widget-heading\" data-id=\"504ee1d\" data-element_type=\"widget\" data-widget_type=\"heading.default\">\n\t\t\t\t<div class=\"elementor-widget-container\">\n\t\t\t\t\t<h2 class=\"elementor-heading-title elementor-size-default\">Oferta Majowa 2025<\/h2>\t\t\t\t<\/div>\n\t\t\t\t<\/div>\n\t\t\t\t<section class=\"elementor-section elementor-inner-section elementor-element elementor-element-a48e663 elementor-section-boxed elementor-section-height-default elementor-section-height-default\" data-id=\"a48e663\" data-element_type=\"section\">\n\t\t\t\t\t\t<div class=\"elementor-container elementor-column-gap-default\">\n\t\t\t\t\t<div class=\"elementor-column elementor-col-100 elementor-inner-column elementor-element elementor-element-0407fa1\" data-id=\"0407fa1\" data-element_type=\"column\">\n\t\t\t<div class=\"elementor-widget-wrap elementor-element-populated\">\n\t\t\t\t\t\t<div class=\"elementor-element elementor-element-97310de elementor-hidden-mobile elementor-widget elementor-widget-text-editor\" data-id=\"97310de\" data-element_type=\"widget\" data-widget_type=\"text-editor.default\">\n\t\t\t\t<div class=\"elementor-widget-container\">\n\t\t\t\t\t\t\t\t\t<p>Zapraszamy na wiosenne, wielkanocne i letnie prze\u017cycia w magicznej scenerii Zakopanego! Willa Stasie\u0144ka serdecznie zaprasza do odkrywania niepowtarzalnych urok\u00f3w g\u00f3rskiego krajobrazu w sezonie wiosna &#8211; lato 2025.<\/p>\n<p>W naszej specjalnej ofercie na wiosn\u0119, Wielkanoc i lato znajdziecie wygodne pokoje z pi\u0119knym widokiem na Tatry. Do\u015bwiadczcie wiosennego odrodzenia, \u015bwi\u0105tecznej magii oraz letniego relaksu, delektuj\u0105c si\u0119 jednocze\u015bnie komfortem i \u015bwietnym po\u0142o\u017ceniem naszej willi.<\/p>\n<p>Zaplanujcie swoje wyj\u0105tkowe chwile na \u0142onie natury i na\u0142adujcie baterie wiosenn\u0105 atmosfer\u0105 w g\u00f3rach. Pozw\u00f3lcie, aby Zakopane sta\u0142o si\u0119 dla Was krain\u0105 niezapomnianych wspomnie\u0144. Rezerwujcie ju\u017c teraz, by do\u015bwiadczy\u0107 harmonii natury i luksusu w jednym miejscu \u2013 w Villa Stasie\u0144ka.<\/p>\t\t\t\t\t\t\t\t<\/div>\n\t\t\t\t<\/div>\n\t\t\t\t\t<\/div>\n\t\t<\/div>\n\t\t\t\t\t<\/div>\n\t\t<\/section>\n\t\t\t\t<section class=\"elementor-section elementor-inner-section elementor-element elementor-element-5b8d80e elementor-section-boxed elementor-section-height-default elementor-section-height-default\" data-id=\"5b8d80e\" data-element_type=\"section\">\n\t\t\t\t\t\t<div class=\"elementor-container elementor-column-gap-default\">\n\t\t\t\t\t<div class=\"elementor-column elementor-col-50 elementor-inner-column elementor-element elementor-element-515681d\" data-id=\"515681d\" data-element_type=\"column\">\n\t\t\t<div class=\"elementor-widget-wrap elementor-element-populated\">\n\t\t\t\t\t\t<div class=\"elementor-element elementor-element-657c547 elementor-widget elementor-widget-heading\" data-id=\"657c547\" data-element_type=\"widget\" data-widget_type=\"heading.default\">\n\t\t\t\t<div class=\"elementor-widget-container\">\n\t\t\t\t\t<h3 class=\"elementor-heading-title elementor-size-default\">Maj\u00f3wka 2025<\/h3>\t\t\t\t<\/div>\n\t\t\t\t<\/div>\n\t\t\t\t<div class=\"elementor-element elementor-element-20c448b elementor-widget elementor-widget-text-editor\" data-id=\"20c448b\" data-element_type=\"widget\" data-widget_type=\"text-editor.default\">\n\t\t\t\t<div class=\"elementor-widget-container\">\n\t\t\t\t\t\t\t\t\t<div>\u00a0<\/div><p><strong>Cennik:<\/strong><\/p><ul><li><p><b>Pok\u00f3j 1 os.<\/b> \u2013 130 z\u0142\/doba*<\/p><\/li><li><p><b>Pok\u00f3j 2 os.<\/b> \u2013 200 z\u0142 &#8211; 220 z\u0142\/doba*<\/p><\/li><li><p><b>Apartament 2 os.<\/b> \u2013 230 z\u0142 \u2013 250 z\u0142\/doba*<\/p><\/li><li><p><b>Apartament 2 os. z dostawk\u0105 dla dziecka<\/b> \u2013 290 z\u0142\/doba*<\/p><\/li><li><p><b>Apartament 3 os.<\/b> \u2013 315 z\u0142 \u2013 340 z\u0142\/doba*<\/p><\/li><li><p><b>Apartament 3 os. typu studio<\/b> \u2013 320 z\u0142 \u2013 360 z\u0142\/doba*<\/p><\/li><li><p><b>Apartament 4 os. typu studio<\/b> &#8211; 400 z\u0142 \u2013 430 z\u0142\/doba*<\/p><\/li><li><p><b>Apartament 4 os.<\/b> \u2013 4200 \u2013 450 z\u0142\/doba*<\/p><\/li><li><p><b>Apartament 4 os. z dostawk\u0105 dla dziecka<\/b> \u2013 460 z\u0142 \u2013 490 z\u0142\/doba*<\/p><\/li><\/ul><p>* Prices depend on the length of stay, please contact us for information<\/p>\t\t\t\t\t\t\t\t<\/div>\n\t\t\t\t<\/div>\n\t\t\t\t<div class=\"elementor-element elementor-element-8203737 elementor-align-justify elementor-widget__width-initial elementor-widget-mobile__width-inherit elementor-widget elementor-widget-button\" data-id=\"8203737\" data-element_type=\"widget\" data-widget_type=\"button.default\">\n\t\t\t\t<div class=\"elementor-widget-container\">\n\t\t\t\t\t\t\t\t\t<div class=\"elementor-button-wrapper\">\n\t\t\t\t\t<a class=\"elementor-button elementor-button-link elementor-size-sm\" href=\"#kontakt\">\n\t\t\t\t\t\t<span class=\"elementor-button-content-wrapper\">\n\t\t\t\t\t\t\t\t\t<span class=\"elementor-button-text\">Book now<\/span>\n\t\t\t\t\t<\/span>\n\t\t\t\t\t<\/a>\n\t\t\t\t<\/div>\n\t\t\t\t\t\t\t\t<\/div>\n\t\t\t\t<\/div>\n\t\t\t\t\t<\/div>\n\t\t<\/div>\n\t\t\t\t<div class=\"elementor-column elementor-col-50 elementor-inner-column elementor-element elementor-element-88f26c9\" data-id=\"88f26c9\" data-element_type=\"column\" data-settings=\"{&quot;background_background&quot;:&quot;classic&quot;}\">\n\t\t\t<div class=\"elementor-widget-wrap elementor-element-populated\">\n\t\t\t\t\t\t<div class=\"elementor-element elementor-element-95aaa76 elementor-widget elementor-widget-image\" data-id=\"95aaa76\" data-element_type=\"widget\" data-widget_type=\"image.default\">\n\t\t\t\t<div class=\"elementor-widget-container\">\n\t\t\t\t\t\t\t\t\t\t\t\t\t\t\t<img fetchpriority=\"high\" decoding=\"async\" width=\"623\" height=\"434\" src=\"https:\/\/stasienka.pl\/wp-content\/uploads\/2024\/01\/majowka-w-stasience.png\" class=\"attachment-large size-large wp-image-1241\" alt=\"\" srcset=\"https:\/\/stasienka.pl\/wp-content\/uploads\/2024\/01\/majowka-w-stasience.png 623w, https:\/\/stasienka.pl\/wp-content\/uploads\/2024\/01\/majowka-w-stasience-300x209.png 300w, https:\/\/stasienka.pl\/wp-content\/uploads\/2024\/01\/majowka-w-stasience-18x12.png 18w\" sizes=\"(max-width: 623px) 100vw, 623px\" \/>\t\t\t\t\t\t\t\t\t\t\t\t\t\t\t<\/div>\n\t\t\t\t<\/div>\n\t\t\t\t\t<\/div>\n\t\t<\/div>\n\t\t\t\t\t<\/div>\n\t\t<\/section>\n\t\t\t\t\t<\/div>\n\t\t<\/div>\n\t\t\t\t\t<\/div>\n\t\t<\/section>\n\t\t\t\t<section class=\"elementor-section elementor-top-section elementor-element elementor-element-bc9038c elementor-section-boxed elementor-section-height-default elementor-section-height-default\" data-id=\"bc9038c\" data-element_type=\"section\" data-settings=\"{&quot;background_background&quot;:&quot;classic&quot;}\">\n\t\t\t\t\t\t<div class=\"elementor-container elementor-column-gap-default\">\n\t\t\t\t\t<div class=\"elementor-column elementor-col-100 elementor-top-column elementor-element elementor-element-5fe2a3c\" data-id=\"5fe2a3c\" data-element_type=\"column\">\n\t\t\t<div class=\"elementor-widget-wrap elementor-element-populated\">\n\t\t\t\t\t\t<div class=\"elementor-element elementor-element-6bb9836 elementor-widget elementor-widget-image\" data-id=\"6bb9836\" data-element_type=\"widget\" data-widget_type=\"image.default\">\n\t\t\t\t<div class=\"elementor-widget-container\">\n\t\t\t\t\t\t\t\t\t\t\t\t\t\t\t<img decoding=\"async\" width=\"60\" height=\"60\" src=\"https:\/\/stasienka.pl\/wp-content\/uploads\/2023\/04\/stasienka-rozeta.png\" class=\"attachment-large size-large wp-image-292\" alt=\"\" srcset=\"https:\/\/stasienka.pl\/wp-content\/uploads\/2023\/04\/stasienka-rozeta.png 60w, https:\/\/stasienka.pl\/wp-content\/uploads\/2023\/04\/stasienka-rozeta-12x12.png 12w\" sizes=\"(max-width: 60px) 100vw, 60px\" \/>\t\t\t\t\t\t\t\t\t\t\t\t\t\t\t<\/div>\n\t\t\t\t<\/div>\n\t\t\t\t<div class=\"elementor-element elementor-element-a384f69 elementor-widget__width-initial elementor-widget elementor-widget-text-editor\" data-id=\"a384f69\" data-element_type=\"widget\" data-widget_type=\"text-editor.default\">\n\t\t\t\t<div class=\"elementor-widget-container\">\n\t\t\t\t\t\t\t\t\t<p class=\"translation-block\">\u2022 This price list does not constitute an offer within the meaning of Art. 66 of the Civil Code and is for information purposes only<br>\u2022 When booking, a deposit of at least 2-3 nights is required, depending on the length of stay<br>\u2022 In the event of cancellation, the deposit is non-refundable<br>\u2022 In case of failure to show up at on the first day of the reservation until 10 p.m. and failure to inform about late arrival will result in the cancellation of the reservation.<br>\u2022 The given prices do not include the local fee, which amounts to PLN 2 for each day of stay per person.<br>\u2022 The remaining amount must be paid no later than on the day of arrival in cash.<br>\u2022 If you want to receive a VAT invoice for your stay, please inform us about it when booking and provide the invoice details.<br>\u2022 The hotel day starts on the day of arrival at 15:00 and ends on the day of departure until 10:00<\/p>\t\t\t\t\t\t\t\t<\/div>\n\t\t\t\t<\/div>\n\t\t\t\t<div class=\"elementor-element elementor-element-fa6fafe elementor-widget elementor-widget-menu-anchor\" data-id=\"fa6fafe\" data-element_type=\"widget\" data-widget_type=\"menu-anchor.default\">\n\t\t\t\t<div class=\"elementor-widget-container\">\n\t\t\t\t\t\t\t<div class=\"elementor-menu-anchor\" id=\"kontakt\"><\/div>\n\t\t\t\t\t\t<\/div>\n\t\t\t\t<\/div>\n\t\t\t\t\t<\/div>\n\t\t<\/div>\n\t\t\t\t\t<\/div>\n\t\t<\/section>\n\t\t\t\t<\/div>","protected":false},"excerpt":{"rendered":"<p>Zapraszamy na wiosn\u0119! Oferta Majowa 2025 Zapraszamy na wiosenne, wielkanocne i letnie prze\u017cycia w magicznej scenerii Zakopanego! Willa Stasie\u0144ka serdecznie zaprasza do odkrywania niepowtarzalnych urok\u00f3w g\u00f3rskiego krajobrazu w sezonie wiosna &#8211; lato 2025. W naszej specjalnej ofercie na wiosn\u0119, Wielkanoc i lato znajdziecie wygodne pokoje z pi\u0119knym widokiem na Tatry. Do\u015bwiadczcie wiosennego odrodzenia, \u015bwi\u0105tecznej magii [&hellip;]<\/p>\n","protected":false},"author":1,"featured_media":146,"parent":0,"menu_order":0,"comment_status":"closed","ping_status":"closed","template":"","meta":{"footnotes":""},"class_list":["post-1332","page","type-page","status-publish","has-post-thumbnail","hentry"],"yoast_head":"<!-- This site is optimized with the Yoast SEO plugin v27.3 - https:\/\/yoast.com\/product\/yoast-seo-wordpress\/ -->\n<title>Oferta Maj\u00f3wka 2026 - Willa Stasie\u0144ka<\/title>\n<meta name=\"robots\" content=\"index, follow, max-snippet:-1, max-image-preview:large, max-video-preview:-1\" \/>\n<link rel=\"canonical\" href=\"https:\/\/stasienka.pl\/en\/oferta-majowa\/\" \/>\n<meta property=\"og:locale\" content=\"en_GB\" \/>\n<meta property=\"og:type\" content=\"article\" \/>\n<meta property=\"og:title\" content=\"Oferta Maj\u00f3wka 2026 - Willa Stasie\u0144ka\" \/>\n<meta property=\"og:description\" content=\"Zapraszamy na wiosn\u0119! Oferta Majowa 2025 Zapraszamy na wiosenne, wielkanocne i letnie prze\u017cycia w magicznej scenerii Zakopanego! Willa Stasie\u0144ka serdecznie zaprasza do odkrywania niepowtarzalnych urok\u00f3w g\u00f3rskiego krajobrazu w sezonie wiosna &#8211; lato 2025. W naszej specjalnej ofercie na wiosn\u0119, Wielkanoc i lato znajdziecie wygodne pokoje z pi\u0119knym widokiem na Tatry. Do\u015bwiadczcie wiosennego odrodzenia, \u015bwi\u0105tecznej magii [&hellip;]\" \/>\n<meta property=\"og:url\" content=\"https:\/\/stasienka.pl\/en\/oferta-majowa\/\" \/>\n<meta property=\"og:site_name\" content=\"Willa Stasie\u0144ka\" \/>\n<meta property=\"article:modified_time\" content=\"2025-10-27T14:33:30+00:00\" \/>\n<meta property=\"og:image\" content=\"https:\/\/stasienka.pl\/wp-content\/uploads\/2023\/04\/Willa-Stasienka-nocleg-w-zakopanem-6.jpg\" \/>\n\t<meta property=\"og:image:width\" content=\"1920\" \/>\n\t<meta property=\"og:image:height\" content=\"1440\" \/>\n\t<meta property=\"og:image:type\" content=\"image\/jpeg\" \/>\n<meta name=\"twitter:card\" content=\"summary_large_image\" \/>\n<meta name=\"twitter:label1\" content=\"Estimated reading time\" \/>\n\t<meta name=\"twitter:data1\" content=\"3 minutes\" \/>\n<script type=\"application\/ld+json\" class=\"yoast-schema-graph\">{\"@context\":\"https:\\\/\\\/schema.org\",\"@graph\":[{\"@type\":\"WebPage\",\"@id\":\"https:\\\/\\\/stasienka.pl\\\/oferta-majowa\\\/\",\"url\":\"https:\\\/\\\/stasienka.pl\\\/oferta-majowa\\\/\",\"name\":\"Oferta Maj\u00f3wka 2026 - Willa Stasie\u0144ka\",\"isPartOf\":{\"@id\":\"https:\\\/\\\/stasienka.pl\\\/#website\"},\"primaryImageOfPage\":{\"@id\":\"https:\\\/\\\/stasienka.pl\\\/oferta-majowa\\\/#primaryimage\"},\"image\":{\"@id\":\"https:\\\/\\\/stasienka.pl\\\/oferta-majowa\\\/#primaryimage\"},\"thumbnailUrl\":\"https:\\\/\\\/stasienka.pl\\\/wp-content\\\/uploads\\\/2023\\\/04\\\/Willa-Stasienka-nocleg-w-zakopanem-6.jpg\",\"datePublished\":\"2024-02-19T09:33:18+00:00\",\"dateModified\":\"2025-10-27T14:33:30+00:00\",\"breadcrumb\":{\"@id\":\"https:\\\/\\\/stasienka.pl\\\/oferta-majowa\\\/#breadcrumb\"},\"inLanguage\":\"en-GB\",\"potentialAction\":[{\"@type\":\"ReadAction\",\"target\":[\"https:\\\/\\\/stasienka.pl\\\/oferta-majowa\\\/\"]}]},{\"@type\":\"ImageObject\",\"inLanguage\":\"en-GB\",\"@id\":\"https:\\\/\\\/stasienka.pl\\\/oferta-majowa\\\/#primaryimage\",\"url\":\"https:\\\/\\\/stasienka.pl\\\/wp-content\\\/uploads\\\/2023\\\/04\\\/Willa-Stasienka-nocleg-w-zakopanem-6.jpg\",\"contentUrl\":\"https:\\\/\\\/stasienka.pl\\\/wp-content\\\/uploads\\\/2023\\\/04\\\/Willa-Stasienka-nocleg-w-zakopanem-6.jpg\",\"width\":1920,\"height\":1440},{\"@type\":\"BreadcrumbList\",\"@id\":\"https:\\\/\\\/stasienka.pl\\\/oferta-majowa\\\/#breadcrumb\",\"itemListElement\":[{\"@type\":\"ListItem\",\"position\":1,\"name\":\"Strona g\u0142\u00f3wna\",\"item\":\"https:\\\/\\\/stasienka.pl\\\/\"},{\"@type\":\"ListItem\",\"position\":2,\"name\":\"Oferta Maj\u00f3wka 2026\"}]},{\"@type\":\"WebSite\",\"@id\":\"https:\\\/\\\/stasienka.pl\\\/#website\",\"url\":\"https:\\\/\\\/stasienka.pl\\\/\",\"name\":\"Willa Stasie\u0144ka\",\"description\":\"Tatry na wyci\u0105gni\u0119cie r\u0119ki\",\"publisher\":{\"@id\":\"https:\\\/\\\/stasienka.pl\\\/#organization\"},\"potentialAction\":[{\"@type\":\"SearchAction\",\"target\":{\"@type\":\"EntryPoint\",\"urlTemplate\":\"https:\\\/\\\/stasienka.pl\\\/?s={search_term_string}\"},\"query-input\":{\"@type\":\"PropertyValueSpecification\",\"valueRequired\":true,\"valueName\":\"search_term_string\"}}],\"inLanguage\":\"en-GB\"},{\"@type\":\"Organization\",\"@id\":\"https:\\\/\\\/stasienka.pl\\\/#organization\",\"name\":\"Willa Stasie\u0144ka\",\"url\":\"https:\\\/\\\/stasienka.pl\\\/\",\"logo\":{\"@type\":\"ImageObject\",\"inLanguage\":\"en-GB\",\"@id\":\"https:\\\/\\\/stasienka.pl\\\/#\\\/schema\\\/logo\\\/image\\\/\",\"url\":\"https:\\\/\\\/stasienka.pl\\\/wp-content\\\/uploads\\\/2023\\\/04\\\/cropped-stasienka-logo@0.5x.png\",\"contentUrl\":\"https:\\\/\\\/stasienka.pl\\\/wp-content\\\/uploads\\\/2023\\\/04\\\/cropped-stasienka-logo@0.5x.png\",\"width\":540,\"height\":540,\"caption\":\"Willa Stasie\u0144ka\"},\"image\":{\"@id\":\"https:\\\/\\\/stasienka.pl\\\/#\\\/schema\\\/logo\\\/image\\\/\"}}]}<\/script>\n<!-- \/ Yoast SEO plugin. -->","yoast_head_json":{"title":"Oferta Maj\u00f3wka 2026 - Willa Stasie\u0144ka","robots":{"index":"index","follow":"follow","max-snippet":"max-snippet:-1","max-image-preview":"max-image-preview:large","max-video-preview":"max-video-preview:-1"},"canonical":"https:\/\/stasienka.pl\/en\/oferta-majowa\/","og_locale":"en_GB","og_type":"article","og_title":"Oferta Maj\u00f3wka 2026 - Willa Stasie\u0144ka","og_description":"Zapraszamy na wiosn\u0119! Oferta Majowa 2025 Zapraszamy na wiosenne, wielkanocne i letnie prze\u017cycia w magicznej scenerii Zakopanego! Willa Stasie\u0144ka serdecznie zaprasza do odkrywania niepowtarzalnych urok\u00f3w g\u00f3rskiego krajobrazu w sezonie wiosna &#8211; lato 2025. W naszej specjalnej ofercie na wiosn\u0119, Wielkanoc i lato znajdziecie wygodne pokoje z pi\u0119knym widokiem na Tatry. Do\u015bwiadczcie wiosennego odrodzenia, \u015bwi\u0105tecznej magii [&hellip;]","og_url":"https:\/\/stasienka.pl\/en\/oferta-majowa\/","og_site_name":"Willa Stasie\u0144ka","article_modified_time":"2025-10-27T14:33:30+00:00","og_image":[{"width":1920,"height":1440,"url":"https:\/\/stasienka.pl\/wp-content\/uploads\/2023\/04\/Willa-Stasienka-nocleg-w-zakopanem-6.jpg","type":"image\/jpeg"}],"twitter_card":"summary_large_image","twitter_misc":{"Estimated reading time":"3 minutes"},"schema":{"@context":"https:\/\/schema.org","@graph":[{"@type":"WebPage","@id":"https:\/\/stasienka.pl\/oferta-majowa\/","url":"https:\/\/stasienka.pl\/oferta-majowa\/","name":"Oferta Maj\u00f3wka 2026 - Willa Stasie\u0144ka","isPartOf":{"@id":"https:\/\/stasienka.pl\/#website"},"primaryImageOfPage":{"@id":"https:\/\/stasienka.pl\/oferta-majowa\/#primaryimage"},"image":{"@id":"https:\/\/stasienka.pl\/oferta-majowa\/#primaryimage"},"thumbnailUrl":"https:\/\/stasienka.pl\/wp-content\/uploads\/2023\/04\/Willa-Stasienka-nocleg-w-zakopanem-6.jpg","datePublished":"2024-02-19T09:33:18+00:00","dateModified":"2025-10-27T14:33:30+00:00","breadcrumb":{"@id":"https:\/\/stasienka.pl\/oferta-majowa\/#breadcrumb"},"inLanguage":"en-GB","potentialAction":[{"@type":"ReadAction","target":["https:\/\/stasienka.pl\/oferta-majowa\/"]}]},{"@type":"ImageObject","inLanguage":"en-GB","@id":"https:\/\/stasienka.pl\/oferta-majowa\/#primaryimage","url":"https:\/\/stasienka.pl\/wp-content\/uploads\/2023\/04\/Willa-Stasienka-nocleg-w-zakopanem-6.jpg","contentUrl":"https:\/\/stasienka.pl\/wp-content\/uploads\/2023\/04\/Willa-Stasienka-nocleg-w-zakopanem-6.jpg","width":1920,"height":1440},{"@type":"BreadcrumbList","@id":"https:\/\/stasienka.pl\/oferta-majowa\/#breadcrumb","itemListElement":[{"@type":"ListItem","position":1,"name":"Strona g\u0142\u00f3wna","item":"https:\/\/stasienka.pl\/"},{"@type":"ListItem","position":2,"name":"Oferta Maj\u00f3wka 2026"}]},{"@type":"WebSite","@id":"https:\/\/stasienka.pl\/#website","url":"https:\/\/stasienka.pl\/","name":"Willa Stasie\u0144ka","description":"Tatry na wyci\u0105gni\u0119cie r\u0119ki","publisher":{"@id":"https:\/\/stasienka.pl\/#organization"},"potentialAction":[{"@type":"SearchAction","target":{"@type":"EntryPoint","urlTemplate":"https:\/\/stasienka.pl\/?s={search_term_string}"},"query-input":{"@type":"PropertyValueSpecification","valueRequired":true,"valueName":"search_term_string"}}],"inLanguage":"en-GB"},{"@type":"Organization","@id":"https:\/\/stasienka.pl\/#organization","name":"Willa Stasie\u0144ka","url":"https:\/\/stasienka.pl\/","logo":{"@type":"ImageObject","inLanguage":"en-GB","@id":"https:\/\/stasienka.pl\/#\/schema\/logo\/image\/","url":"https:\/\/stasienka.pl\/wp-content\/uploads\/2023\/04\/cropped-stasienka-logo@0.5x.png","contentUrl":"https:\/\/stasienka.pl\/wp-content\/uploads\/2023\/04\/cropped-stasienka-logo@0.5x.png","width":540,"height":540,"caption":"Willa Stasie\u0144ka"},"image":{"@id":"https:\/\/stasienka.pl\/#\/schema\/logo\/image\/"}}]}},"_links":{"self":[{"href":"https:\/\/stasienka.pl\/en\/wp-json\/wp\/v2\/pages\/1332","targetHints":{"allow":["GET"]}}],"collection":[{"href":"https:\/\/stasienka.pl\/en\/wp-json\/wp\/v2\/pages"}],"about":[{"href":"https:\/\/stasienka.pl\/en\/wp-json\/wp\/v2\/types\/page"}],"author":[{"embeddable":true,"href":"https:\/\/stasienka.pl\/en\/wp-json\/wp\/v2\/users\/1"}],"replies":[{"embeddable":true,"href":"https:\/\/stasienka.pl\/en\/wp-json\/wp\/v2\/comments?post=1332"}],"version-history":[{"count":32,"href":"https:\/\/stasienka.pl\/en\/wp-json\/wp\/v2\/pages\/1332\/revisions"}],"predecessor-version":[{"id":2237,"href":"https:\/\/stasienka.pl\/en\/wp-json\/wp\/v2\/pages\/1332\/revisions\/2237"}],"wp:featuredmedia":[{"embeddable":true,"href":"https:\/\/stasienka.pl\/en\/wp-json\/wp\/v2\/media\/146"}],"wp:attachment":[{"href":"https:\/\/stasienka.pl\/en\/wp-json\/wp\/v2\/media?parent=1332"}],"curies":[{"name":"wp","href":"https:\/\/api.w.org\/{rel}","templated":true}]}}