{"id":1216,"date":"2024-01-04T16:37:58","date_gmt":"2024-01-04T15:37:58","guid":{"rendered":"https:\/\/stasienka.pl\/?page_id=1216"},"modified":"2025-10-27T15:41:38","modified_gmt":"2025-10-27T14:41:38","slug":"oferta-wiosna-lato-2024","status":"publish","type":"page","link":"https:\/\/stasienka.pl\/en\/oferta-wiosna-lato-2024\/","title":{"rendered":"Easter offer"},"content":{"rendered":"<div data-elementor-type=\"wp-page\" data-elementor-id=\"1216\" class=\"elementor elementor-1216\" data-elementor-post-type=\"page\">\n\t\t\t\t\t\t<section class=\"elementor-section elementor-top-section elementor-element elementor-element-e50fb95 elementor-section-boxed elementor-section-height-default elementor-section-height-default\" data-id=\"e50fb95\" data-element_type=\"section\" data-settings=\"{&quot;background_background&quot;:&quot;classic&quot;}\">\n\t\t\t\t\t\t<div class=\"elementor-container elementor-column-gap-default\">\n\t\t\t\t\t<div class=\"elementor-column elementor-col-100 elementor-top-column elementor-element elementor-element-1c7c261\" data-id=\"1c7c261\" data-element_type=\"column\">\n\t\t\t<div class=\"elementor-widget-wrap elementor-element-populated\">\n\t\t\t\t\t\t<div class=\"elementor-element elementor-element-a06c8c8 elementor-widget elementor-widget-image\" data-id=\"a06c8c8\" data-element_type=\"widget\" data-widget_type=\"image.default\">\n\t\t\t\t<div class=\"elementor-widget-container\">\n\t\t\t\t\t\t\t\t\t\t\t\t\t\t\t<img decoding=\"async\" width=\"60\" height=\"60\" src=\"https:\/\/stasienka.pl\/wp-content\/uploads\/2023\/04\/stasienka-rozeta.png\" class=\"attachment-large size-large wp-image-292\" alt=\"\" srcset=\"https:\/\/stasienka.pl\/wp-content\/uploads\/2023\/04\/stasienka-rozeta.png 60w, https:\/\/stasienka.pl\/wp-content\/uploads\/2023\/04\/stasienka-rozeta-12x12.png 12w\" sizes=\"(max-width: 60px) 100vw, 60px\" \/>\t\t\t\t\t\t\t\t\t\t\t\t\t\t\t<\/div>\n\t\t\t\t<\/div>\n\t\t\t\t<div class=\"elementor-element elementor-element-4fabc22 elementor-widget elementor-widget-heading\" data-id=\"4fabc22\" data-element_type=\"widget\" data-widget_type=\"heading.default\">\n\t\t\t\t<div class=\"elementor-widget-container\">\n\t\t\t\t\t<h4 class=\"elementor-heading-title elementor-size-medium\">Zapraszamy na wiosn\u0119!<\/h4>\t\t\t\t<\/div>\n\t\t\t\t<\/div>\n\t\t\t\t<div class=\"elementor-element elementor-element-1814fd2 elementor-widget elementor-widget-heading\" data-id=\"1814fd2\" data-element_type=\"widget\" data-widget_type=\"heading.default\">\n\t\t\t\t<div class=\"elementor-widget-container\">\n\t\t\t\t\t<h3 class=\"elementor-heading-title elementor-size-default\">Oferta na \u015awi\u0119ta Wielkanocne 2026<\/h3>\t\t\t\t<\/div>\n\t\t\t\t<\/div>\n\t\t\t\t<section class=\"elementor-section elementor-inner-section elementor-element elementor-element-29a3c4d elementor-reverse-mobile elementor-section-boxed elementor-section-height-default elementor-section-height-default\" data-id=\"29a3c4d\" data-element_type=\"section\">\n\t\t\t\t\t\t<div class=\"elementor-container elementor-column-gap-default\">\n\t\t\t\t\t<div class=\"elementor-column elementor-col-50 elementor-inner-column elementor-element elementor-element-a5fc531\" data-id=\"a5fc531\" data-element_type=\"column\" data-settings=\"{&quot;background_background&quot;:&quot;classic&quot;}\">\n\t\t\t<div class=\"elementor-widget-wrap elementor-element-populated\">\n\t\t\t\t\t\t<div class=\"elementor-element elementor-element-bd40135 elementor-widget elementor-widget-image\" data-id=\"bd40135\" data-element_type=\"widget\" data-widget_type=\"image.default\">\n\t\t\t\t<div class=\"elementor-widget-container\">\n\t\t\t\t\t\t\t\t\t\t\t\t\t\t\t<img fetchpriority=\"high\" decoding=\"async\" width=\"624\" height=\"418\" src=\"https:\/\/stasienka.pl\/wp-content\/uploads\/2024\/01\/wielkanoc-w-Stasience.png\" class=\"attachment-large size-large wp-image-1215\" alt=\"\" srcset=\"https:\/\/stasienka.pl\/wp-content\/uploads\/2024\/01\/wielkanoc-w-Stasience.png 624w, https:\/\/stasienka.pl\/wp-content\/uploads\/2024\/01\/wielkanoc-w-Stasience-300x201.png 300w, https:\/\/stasienka.pl\/wp-content\/uploads\/2024\/01\/wielkanoc-w-Stasience-18x12.png 18w\" sizes=\"(max-width: 624px) 100vw, 624px\" \/>\t\t\t\t\t\t\t\t\t\t\t\t\t\t\t<\/div>\n\t\t\t\t<\/div>\n\t\t\t\t\t<\/div>\n\t\t<\/div>\n\t\t\t\t<div class=\"elementor-column elementor-col-50 elementor-inner-column elementor-element elementor-element-8c4bdc7\" data-id=\"8c4bdc7\" data-element_type=\"column\">\n\t\t\t<div class=\"elementor-widget-wrap elementor-element-populated\">\n\t\t\t\t\t\t<div class=\"elementor-element elementor-element-b119086 elementor-widget elementor-widget-text-editor\" data-id=\"b119086\" data-element_type=\"widget\" data-widget_type=\"text-editor.default\">\n\t\t\t\t<div class=\"elementor-widget-container\">\n\t\t\t\t\t\t\t\t\t<p>Na okres Wielkanocny obowi\u0105zuje WIOSENNA PROMOCJA. Zach\u0119camy do zapoznania si\u0119 z warunkami promocji.<\/p>\n<ul>\n<li><b>Room for 1 person<\/b> \u2013 130 z\u0142\/doba<\/li>\n<li><b>Double room<\/b> \u2013 210z\u0142\/doba<\/li>\n<li><b>2 ppl apartment<\/b> \u2013 240<\/li>\n<li>z\u0142\/doba<\/li>\n<li><b>Apartment for 2 people with an extra bed for a child<\/b> \u2013 280 z\u0142\/doba<\/li>\n<li><b>Apartment for 3 people<\/b> \u2013 315 z\u0142\/doba<\/li>\n<li><b>Studio apartment for 3 people<\/b> \u2013 330z\u0142\/doba<\/li>\n<li><b>Studio apartment for 4 people<\/b> &#8211; 410 z\u0142\/doba<\/li>\n<li><b>Apartment for 4 people<\/b> \u2013 420 z\u0142\/doba<\/li>\n<li><b>Apartament 4 os z dostawk\u0105 dla dziecka<\/b> \u2013 490 z\u0142\/doba<\/li>\n<\/ul>\t\t\t\t\t\t\t\t<\/div>\n\t\t\t\t<\/div>\n\t\t\t\t<div class=\"elementor-element elementor-element-9539fb4 elementor-align-justify elementor-widget__width-initial elementor-widget-mobile__width-inherit elementor-widget elementor-widget-button\" data-id=\"9539fb4\" data-element_type=\"widget\" data-widget_type=\"button.default\">\n\t\t\t\t<div class=\"elementor-widget-container\">\n\t\t\t\t\t\t\t\t\t<div class=\"elementor-button-wrapper\">\n\t\t\t\t\t<a class=\"elementor-button elementor-button-link elementor-size-sm\" href=\"#kontakt\">\n\t\t\t\t\t\t<span class=\"elementor-button-content-wrapper\">\n\t\t\t\t\t\t\t\t\t<span class=\"elementor-button-text\">Book now<\/span>\n\t\t\t\t\t<\/span>\n\t\t\t\t\t<\/a>\n\t\t\t\t<\/div>\n\t\t\t\t\t\t\t\t<\/div>\n\t\t\t\t<\/div>\n\t\t\t\t\t<\/div>\n\t\t<\/div>\n\t\t\t\t\t<\/div>\n\t\t<\/section>\n\t\t\t\t\t<\/div>\n\t\t<\/div>\n\t\t\t\t\t<\/div>\n\t\t<\/section>\n\t\t\t\t<section class=\"elementor-section elementor-top-section elementor-element elementor-element-bc9038c elementor-section-boxed elementor-section-height-default elementor-section-height-default\" data-id=\"bc9038c\" data-element_type=\"section\" data-settings=\"{&quot;background_background&quot;:&quot;classic&quot;}\">\n\t\t\t\t\t\t<div class=\"elementor-container elementor-column-gap-default\">\n\t\t\t\t\t<div class=\"elementor-column elementor-col-100 elementor-top-column elementor-element elementor-element-5fe2a3c\" data-id=\"5fe2a3c\" data-element_type=\"column\">\n\t\t\t<div class=\"elementor-widget-wrap elementor-element-populated\">\n\t\t\t\t\t\t<div class=\"elementor-element elementor-element-6bb9836 elementor-widget elementor-widget-image\" data-id=\"6bb9836\" data-element_type=\"widget\" data-widget_type=\"image.default\">\n\t\t\t\t<div class=\"elementor-widget-container\">\n\t\t\t\t\t\t\t\t\t\t\t\t\t\t\t<img decoding=\"async\" width=\"60\" height=\"60\" src=\"https:\/\/stasienka.pl\/wp-content\/uploads\/2023\/04\/stasienka-rozeta.png\" class=\"attachment-large size-large wp-image-292\" alt=\"\" srcset=\"https:\/\/stasienka.pl\/wp-content\/uploads\/2023\/04\/stasienka-rozeta.png 60w, https:\/\/stasienka.pl\/wp-content\/uploads\/2023\/04\/stasienka-rozeta-12x12.png 12w\" sizes=\"(max-width: 60px) 100vw, 60px\" \/>\t\t\t\t\t\t\t\t\t\t\t\t\t\t\t<\/div>\n\t\t\t\t<\/div>\n\t\t\t\t<div class=\"elementor-element elementor-element-84c32c7 elementor-widget__width-initial elementor-widget elementor-widget-heading\" data-id=\"84c32c7\" data-element_type=\"widget\" data-widget_type=\"heading.default\">\n\t\t\t\t<div class=\"elementor-widget-container\">\n\t\t\t\t\t<h2 class=\"elementor-heading-title elementor-size-default\">Special Offer<\/h2>\t\t\t\t<\/div>\n\t\t\t\t<\/div>\n\t\t\t\t<div class=\"elementor-element elementor-element-195aa73 elementor-widget elementor-widget-text-editor\" data-id=\"195aa73\" data-element_type=\"widget\" data-widget_type=\"text-editor.default\">\n\t\t\t\t<div class=\"elementor-widget-container\">\n\t\t\t\t\t\t\t\t\t<p>Zarezerwuj tygodniowy pobyt, a otrzymasz\u00a0 1 h sauny gratis!<\/p>\t\t\t\t\t\t\t\t<\/div>\n\t\t\t\t<\/div>\n\t\t\t\t<div class=\"elementor-element elementor-element-a384f69 elementor-widget__width-initial elementor-widget elementor-widget-text-editor\" data-id=\"a384f69\" data-element_type=\"widget\" data-widget_type=\"text-editor.default\">\n\t\t\t\t<div class=\"elementor-widget-container\">\n\t\t\t\t\t\t\t\t\t<p class=\"translation-block\">\u2022 This price list does not constitute an offer within the meaning of Art. 66 of the Civil Code and is for information purposes only<br>\u2022 When booking, a deposit of at least 2-3 nights is required, depending on the length of stay<br>\u2022 In the event of cancellation, the deposit is non-refundable<br>\u2022 In case of failure to show up at on the first day of the reservation until 10 p.m. and failure to inform about late arrival will result in the cancellation of the reservation.<br>\u2022 The given prices do not include the local fee, which amounts to PLN 2 for each day of stay per person.<br>\u2022 The remaining amount must be paid no later than on the day of arrival in cash.<br>\u2022 If you want to receive a VAT invoice for your stay, please inform us about it when booking and provide the invoice details.<br>\u2022 The hotel day starts on the day of arrival at 15:00 and ends on the day of departure until 10:00<\/p>\t\t\t\t\t\t\t\t<\/div>\n\t\t\t\t<\/div>\n\t\t\t\t\t<\/div>\n\t\t<\/div>\n\t\t\t\t\t<\/div>\n\t\t<\/section>\n\t\t\t\t<section class=\"elementor-section elementor-top-section elementor-element elementor-element-f1cd3cf elementor-section-height-min-height elementor-section-boxed elementor-section-height-default elementor-section-items-middle\" data-id=\"f1cd3cf\" data-element_type=\"section\" data-settings=\"{&quot;background_background&quot;:&quot;classic&quot;}\">\n\t\t\t\t\t\t<div class=\"elementor-container elementor-column-gap-default\">\n\t\t\t\t\t<div class=\"elementor-column elementor-col-100 elementor-top-column elementor-element elementor-element-1e33d07\" data-id=\"1e33d07\" data-element_type=\"column\">\n\t\t\t<div class=\"elementor-widget-wrap elementor-element-populated\">\n\t\t\t\t\t\t<div class=\"elementor-element elementor-element-76f3ba6 elementor-widget elementor-widget-menu-anchor\" data-id=\"76f3ba6\" data-element_type=\"widget\" data-widget_type=\"menu-anchor.default\">\n\t\t\t\t<div class=\"elementor-widget-container\">\n\t\t\t\t\t\t\t<div class=\"elementor-menu-anchor\" id=\"kontakt\"><\/div>\n\t\t\t\t\t\t<\/div>\n\t\t\t\t<\/div>\n\t\t\t\t\t<\/div>\n\t\t<\/div>\n\t\t\t\t\t<\/div>\n\t\t<\/section>\n\t\t\t\t<\/div>","protected":false},"excerpt":{"rendered":"<p>Zapraszamy na wiosn\u0119! Oferta na \u015awi\u0119ta Wielkanocne 2026 Na okres Wielkanocny obowi\u0105zuje WIOSENNA PROMOCJA. Zach\u0119camy do zapoznania si\u0119 z warunkami promocji. Pok\u00f3j 1 os \u2013 130 z\u0142\/doba Pok\u00f3j 2 os \u2013 210z\u0142\/doba Apartament 2 os \u2013 240 z\u0142\/doba Apartament 2 os z dostawk\u0105 dla dziecka \u2013 280 z\u0142\/doba Apartament 3 os \u2013 315 z\u0142\/doba Apartament [&hellip;]<\/p>\n","protected":false},"author":1,"featured_media":146,"parent":0,"menu_order":0,"comment_status":"closed","ping_status":"closed","template":"","meta":{"footnotes":""},"class_list":["post-1216","page","type-page","status-publish","has-post-thumbnail","hentry"],"yoast_head":"<!-- This site is optimized with the Yoast SEO plugin v27.3 - https:\/\/yoast.com\/product\/yoast-seo-wordpress\/ -->\n<title>Oferta Wielkanocna - Willa Stasie\u0144ka<\/title>\n<meta name=\"robots\" content=\"index, follow, max-snippet:-1, max-image-preview:large, max-video-preview:-1\" \/>\n<link rel=\"canonical\" href=\"https:\/\/stasienka.pl\/en\/oferta-wiosna-lato-2024\/\" \/>\n<meta property=\"og:locale\" content=\"en_GB\" \/>\n<meta property=\"og:type\" content=\"article\" \/>\n<meta property=\"og:title\" content=\"Oferta Wielkanocna - Willa Stasie\u0144ka\" \/>\n<meta property=\"og:description\" content=\"Zapraszamy na wiosn\u0119! Oferta na \u015awi\u0119ta Wielkanocne 2026 Na okres Wielkanocny obowi\u0105zuje WIOSENNA PROMOCJA. Zach\u0119camy do zapoznania si\u0119 z warunkami promocji. Pok\u00f3j 1 os \u2013 130 z\u0142\/doba Pok\u00f3j 2 os \u2013 210z\u0142\/doba Apartament 2 os \u2013 240 z\u0142\/doba Apartament 2 os z dostawk\u0105 dla dziecka \u2013 280 z\u0142\/doba Apartament 3 os \u2013 315 z\u0142\/doba Apartament [&hellip;]\" \/>\n<meta property=\"og:url\" content=\"https:\/\/stasienka.pl\/en\/oferta-wiosna-lato-2024\/\" \/>\n<meta property=\"og:site_name\" content=\"Willa Stasie\u0144ka\" \/>\n<meta property=\"article:modified_time\" content=\"2025-10-27T14:41:38+00:00\" \/>\n<meta property=\"og:image\" content=\"https:\/\/stasienka.pl\/wp-content\/uploads\/2023\/04\/Willa-Stasienka-nocleg-w-zakopanem-6.jpg\" \/>\n\t<meta property=\"og:image:width\" content=\"1920\" \/>\n\t<meta property=\"og:image:height\" content=\"1440\" \/>\n\t<meta property=\"og:image:type\" content=\"image\/jpeg\" \/>\n<meta name=\"twitter:card\" content=\"summary_large_image\" \/>\n<meta name=\"twitter:label1\" content=\"Estimated reading time\" \/>\n\t<meta name=\"twitter:data1\" content=\"2 minutes\" \/>\n<script type=\"application\/ld+json\" class=\"yoast-schema-graph\">{\"@context\":\"https:\\\/\\\/schema.org\",\"@graph\":[{\"@type\":\"WebPage\",\"@id\":\"https:\\\/\\\/stasienka.pl\\\/oferta-wiosna-lato-2024\\\/\",\"url\":\"https:\\\/\\\/stasienka.pl\\\/oferta-wiosna-lato-2024\\\/\",\"name\":\"Oferta Wielkanocna - Willa Stasie\u0144ka\",\"isPartOf\":{\"@id\":\"https:\\\/\\\/stasienka.pl\\\/#website\"},\"primaryImageOfPage\":{\"@id\":\"https:\\\/\\\/stasienka.pl\\\/oferta-wiosna-lato-2024\\\/#primaryimage\"},\"image\":{\"@id\":\"https:\\\/\\\/stasienka.pl\\\/oferta-wiosna-lato-2024\\\/#primaryimage\"},\"thumbnailUrl\":\"https:\\\/\\\/stasienka.pl\\\/wp-content\\\/uploads\\\/2023\\\/04\\\/Willa-Stasienka-nocleg-w-zakopanem-6.jpg\",\"datePublished\":\"2024-01-04T15:37:58+00:00\",\"dateModified\":\"2025-10-27T14:41:38+00:00\",\"breadcrumb\":{\"@id\":\"https:\\\/\\\/stasienka.pl\\\/oferta-wiosna-lato-2024\\\/#breadcrumb\"},\"inLanguage\":\"en-GB\",\"potentialAction\":[{\"@type\":\"ReadAction\",\"target\":[\"https:\\\/\\\/stasienka.pl\\\/oferta-wiosna-lato-2024\\\/\"]}]},{\"@type\":\"ImageObject\",\"inLanguage\":\"en-GB\",\"@id\":\"https:\\\/\\\/stasienka.pl\\\/oferta-wiosna-lato-2024\\\/#primaryimage\",\"url\":\"https:\\\/\\\/stasienka.pl\\\/wp-content\\\/uploads\\\/2023\\\/04\\\/Willa-Stasienka-nocleg-w-zakopanem-6.jpg\",\"contentUrl\":\"https:\\\/\\\/stasienka.pl\\\/wp-content\\\/uploads\\\/2023\\\/04\\\/Willa-Stasienka-nocleg-w-zakopanem-6.jpg\",\"width\":1920,\"height\":1440},{\"@type\":\"BreadcrumbList\",\"@id\":\"https:\\\/\\\/stasienka.pl\\\/oferta-wiosna-lato-2024\\\/#breadcrumb\",\"itemListElement\":[{\"@type\":\"ListItem\",\"position\":1,\"name\":\"Strona g\u0142\u00f3wna\",\"item\":\"https:\\\/\\\/stasienka.pl\\\/\"},{\"@type\":\"ListItem\",\"position\":2,\"name\":\"Oferta Wielkanocna\"}]},{\"@type\":\"WebSite\",\"@id\":\"https:\\\/\\\/stasienka.pl\\\/#website\",\"url\":\"https:\\\/\\\/stasienka.pl\\\/\",\"name\":\"Willa Stasie\u0144ka\",\"description\":\"Tatry na wyci\u0105gni\u0119cie r\u0119ki\",\"publisher\":{\"@id\":\"https:\\\/\\\/stasienka.pl\\\/#organization\"},\"potentialAction\":[{\"@type\":\"SearchAction\",\"target\":{\"@type\":\"EntryPoint\",\"urlTemplate\":\"https:\\\/\\\/stasienka.pl\\\/?s={search_term_string}\"},\"query-input\":{\"@type\":\"PropertyValueSpecification\",\"valueRequired\":true,\"valueName\":\"search_term_string\"}}],\"inLanguage\":\"en-GB\"},{\"@type\":\"Organization\",\"@id\":\"https:\\\/\\\/stasienka.pl\\\/#organization\",\"name\":\"Willa Stasie\u0144ka\",\"url\":\"https:\\\/\\\/stasienka.pl\\\/\",\"logo\":{\"@type\":\"ImageObject\",\"inLanguage\":\"en-GB\",\"@id\":\"https:\\\/\\\/stasienka.pl\\\/#\\\/schema\\\/logo\\\/image\\\/\",\"url\":\"https:\\\/\\\/stasienka.pl\\\/wp-content\\\/uploads\\\/2023\\\/04\\\/cropped-stasienka-logo@0.5x.png\",\"contentUrl\":\"https:\\\/\\\/stasienka.pl\\\/wp-content\\\/uploads\\\/2023\\\/04\\\/cropped-stasienka-logo@0.5x.png\",\"width\":540,\"height\":540,\"caption\":\"Willa Stasie\u0144ka\"},\"image\":{\"@id\":\"https:\\\/\\\/stasienka.pl\\\/#\\\/schema\\\/logo\\\/image\\\/\"}}]}<\/script>\n<!-- \/ Yoast SEO plugin. -->","yoast_head_json":{"title":"Oferta Wielkanocna - Willa Stasie\u0144ka","robots":{"index":"index","follow":"follow","max-snippet":"max-snippet:-1","max-image-preview":"max-image-preview:large","max-video-preview":"max-video-preview:-1"},"canonical":"https:\/\/stasienka.pl\/en\/oferta-wiosna-lato-2024\/","og_locale":"en_GB","og_type":"article","og_title":"Oferta Wielkanocna - Willa Stasie\u0144ka","og_description":"Zapraszamy na wiosn\u0119! Oferta na \u015awi\u0119ta Wielkanocne 2026 Na okres Wielkanocny obowi\u0105zuje WIOSENNA PROMOCJA. Zach\u0119camy do zapoznania si\u0119 z warunkami promocji. Pok\u00f3j 1 os \u2013 130 z\u0142\/doba Pok\u00f3j 2 os \u2013 210z\u0142\/doba Apartament 2 os \u2013 240 z\u0142\/doba Apartament 2 os z dostawk\u0105 dla dziecka \u2013 280 z\u0142\/doba Apartament 3 os \u2013 315 z\u0142\/doba Apartament [&hellip;]","og_url":"https:\/\/stasienka.pl\/en\/oferta-wiosna-lato-2024\/","og_site_name":"Willa Stasie\u0144ka","article_modified_time":"2025-10-27T14:41:38+00:00","og_image":[{"width":1920,"height":1440,"url":"https:\/\/stasienka.pl\/wp-content\/uploads\/2023\/04\/Willa-Stasienka-nocleg-w-zakopanem-6.jpg","type":"image\/jpeg"}],"twitter_card":"summary_large_image","twitter_misc":{"Estimated reading time":"2 minutes"},"schema":{"@context":"https:\/\/schema.org","@graph":[{"@type":"WebPage","@id":"https:\/\/stasienka.pl\/oferta-wiosna-lato-2024\/","url":"https:\/\/stasienka.pl\/oferta-wiosna-lato-2024\/","name":"Oferta Wielkanocna - Willa Stasie\u0144ka","isPartOf":{"@id":"https:\/\/stasienka.pl\/#website"},"primaryImageOfPage":{"@id":"https:\/\/stasienka.pl\/oferta-wiosna-lato-2024\/#primaryimage"},"image":{"@id":"https:\/\/stasienka.pl\/oferta-wiosna-lato-2024\/#primaryimage"},"thumbnailUrl":"https:\/\/stasienka.pl\/wp-content\/uploads\/2023\/04\/Willa-Stasienka-nocleg-w-zakopanem-6.jpg","datePublished":"2024-01-04T15:37:58+00:00","dateModified":"2025-10-27T14:41:38+00:00","breadcrumb":{"@id":"https:\/\/stasienka.pl\/oferta-wiosna-lato-2024\/#breadcrumb"},"inLanguage":"en-GB","potentialAction":[{"@type":"ReadAction","target":["https:\/\/stasienka.pl\/oferta-wiosna-lato-2024\/"]}]},{"@type":"ImageObject","inLanguage":"en-GB","@id":"https:\/\/stasienka.pl\/oferta-wiosna-lato-2024\/#primaryimage","url":"https:\/\/stasienka.pl\/wp-content\/uploads\/2023\/04\/Willa-Stasienka-nocleg-w-zakopanem-6.jpg","contentUrl":"https:\/\/stasienka.pl\/wp-content\/uploads\/2023\/04\/Willa-Stasienka-nocleg-w-zakopanem-6.jpg","width":1920,"height":1440},{"@type":"BreadcrumbList","@id":"https:\/\/stasienka.pl\/oferta-wiosna-lato-2024\/#breadcrumb","itemListElement":[{"@type":"ListItem","position":1,"name":"Strona g\u0142\u00f3wna","item":"https:\/\/stasienka.pl\/"},{"@type":"ListItem","position":2,"name":"Oferta Wielkanocna"}]},{"@type":"WebSite","@id":"https:\/\/stasienka.pl\/#website","url":"https:\/\/stasienka.pl\/","name":"Willa Stasie\u0144ka","description":"Tatry na wyci\u0105gni\u0119cie r\u0119ki","publisher":{"@id":"https:\/\/stasienka.pl\/#organization"},"potentialAction":[{"@type":"SearchAction","target":{"@type":"EntryPoint","urlTemplate":"https:\/\/stasienka.pl\/?s={search_term_string}"},"query-input":{"@type":"PropertyValueSpecification","valueRequired":true,"valueName":"search_term_string"}}],"inLanguage":"en-GB"},{"@type":"Organization","@id":"https:\/\/stasienka.pl\/#organization","name":"Willa Stasie\u0144ka","url":"https:\/\/stasienka.pl\/","logo":{"@type":"ImageObject","inLanguage":"en-GB","@id":"https:\/\/stasienka.pl\/#\/schema\/logo\/image\/","url":"https:\/\/stasienka.pl\/wp-content\/uploads\/2023\/04\/cropped-stasienka-logo@0.5x.png","contentUrl":"https:\/\/stasienka.pl\/wp-content\/uploads\/2023\/04\/cropped-stasienka-logo@0.5x.png","width":540,"height":540,"caption":"Willa Stasie\u0144ka"},"image":{"@id":"https:\/\/stasienka.pl\/#\/schema\/logo\/image\/"}}]}},"_links":{"self":[{"href":"https:\/\/stasienka.pl\/en\/wp-json\/wp\/v2\/pages\/1216","targetHints":{"allow":["GET"]}}],"collection":[{"href":"https:\/\/stasienka.pl\/en\/wp-json\/wp\/v2\/pages"}],"about":[{"href":"https:\/\/stasienka.pl\/en\/wp-json\/wp\/v2\/types\/page"}],"author":[{"embeddable":true,"href":"https:\/\/stasienka.pl\/en\/wp-json\/wp\/v2\/users\/1"}],"replies":[{"embeddable":true,"href":"https:\/\/stasienka.pl\/en\/wp-json\/wp\/v2\/comments?post=1216"}],"version-history":[{"count":73,"href":"https:\/\/stasienka.pl\/en\/wp-json\/wp\/v2\/pages\/1216\/revisions"}],"predecessor-version":[{"id":2240,"href":"https:\/\/stasienka.pl\/en\/wp-json\/wp\/v2\/pages\/1216\/revisions\/2240"}],"wp:featuredmedia":[{"embeddable":true,"href":"https:\/\/stasienka.pl\/en\/wp-json\/wp\/v2\/media\/146"}],"wp:attachment":[{"href":"https:\/\/stasienka.pl\/en\/wp-json\/wp\/v2\/media?parent=1216"}],"curies":[{"name":"wp","href":"https:\/\/api.w.org\/{rel}","templated":true}]}}