{"id":1209,"date":"2024-01-04T16:25:34","date_gmt":"2024-01-04T15:25:34","guid":{"rendered":"https:\/\/stasienka.pl\/?page_id=1209"},"modified":"2025-10-27T14:56:05","modified_gmt":"2025-10-27T13:56:05","slug":"oferta-na-ferie-zimowe","status":"publish","type":"page","link":"https:\/\/stasienka.pl\/en\/oferta-na-ferie-zimowe\/","title":{"rendered":"Oferta na ferie zimowe"},"content":{"rendered":"<div data-elementor-type=\"wp-page\" data-elementor-id=\"1209\" class=\"elementor elementor-1209\" data-elementor-post-type=\"page\">\n\t\t\t\t\t\t<section class=\"elementor-section elementor-top-section elementor-element elementor-element-e50fb95 elementor-section-boxed elementor-section-height-default elementor-section-height-default\" data-id=\"e50fb95\" data-element_type=\"section\" data-settings=\"{&quot;background_background&quot;:&quot;classic&quot;}\">\n\t\t\t\t\t\t<div class=\"elementor-container elementor-column-gap-default\">\n\t\t\t\t\t<div class=\"elementor-column elementor-col-100 elementor-top-column elementor-element elementor-element-1c7c261\" data-id=\"1c7c261\" data-element_type=\"column\">\n\t\t\t<div class=\"elementor-widget-wrap elementor-element-populated\">\n\t\t\t\t\t\t<div class=\"elementor-element elementor-element-a06c8c8 elementor-widget elementor-widget-image\" data-id=\"a06c8c8\" data-element_type=\"widget\" data-widget_type=\"image.default\">\n\t\t\t\t<div class=\"elementor-widget-container\">\n\t\t\t\t\t\t\t\t\t\t\t\t\t\t\t<img decoding=\"async\" width=\"60\" height=\"60\" src=\"http:\/\/stasienka.pl\/wp-content\/uploads\/2023\/04\/stasienka-rozeta.png\" class=\"attachment-large size-large wp-image-292\" alt=\"\" srcset=\"http:\/\/stasienka.pl\/wp-content\/uploads\/2023\/04\/stasienka-rozeta.png 60w, http:\/\/stasienka.pl\/wp-content\/uploads\/2023\/04\/stasienka-rozeta-12x12.png 12w\" sizes=\"(max-width: 60px) 100vw, 60px\" \/>\t\t\t\t\t\t\t\t\t\t\t\t\t\t\t<\/div>\n\t\t\t\t<\/div>\n\t\t\t\t<div class=\"elementor-element elementor-element-4fabc22 elementor-widget elementor-widget-heading\" data-id=\"4fabc22\" data-element_type=\"widget\" data-widget_type=\"heading.default\">\n\t\t\t\t<div class=\"elementor-widget-container\">\n\t\t\t\t\t<h4 class=\"elementor-heading-title elementor-size-medium\">Zapraszamy w sezonie zimowym<\/h4>\t\t\t\t<\/div>\n\t\t\t\t<\/div>\n\t\t\t\t<div class=\"elementor-element elementor-element-504ee1d elementor-widget elementor-widget-heading\" data-id=\"504ee1d\" data-element_type=\"widget\" data-widget_type=\"heading.default\">\n\t\t\t\t<div class=\"elementor-widget-container\">\n\t\t\t\t\t<h2 class=\"elementor-heading-title elementor-size-default\">Oferta na ferie zimowe 2026<\/h2>\t\t\t\t<\/div>\n\t\t\t\t<\/div>\n\t\t\t\t<section class=\"elementor-section elementor-inner-section elementor-element elementor-element-a48e663 elementor-section-boxed elementor-section-height-default elementor-section-height-default\" data-id=\"a48e663\" data-element_type=\"section\">\n\t\t\t\t\t\t<div class=\"elementor-container elementor-column-gap-default\">\n\t\t\t\t\t<div class=\"elementor-column elementor-col-100 elementor-inner-column elementor-element elementor-element-0407fa1\" data-id=\"0407fa1\" data-element_type=\"column\">\n\t\t\t<div class=\"elementor-widget-wrap elementor-element-populated\">\n\t\t\t\t\t\t<div class=\"elementor-element elementor-element-97310de elementor-hidden-mobile elementor-widget elementor-widget-text-editor\" data-id=\"97310de\" data-element_type=\"widget\" data-widget_type=\"text-editor.default\">\n\t\t\t\t<div class=\"elementor-widget-container\">\n\t\t\t\t\t\t\t\t\t<p>Z przyjemno\u015bci\u0105 przedstawiamy Pa\u0144stwu wyj\u0105tkow\u0105 ofert\u0119 ferii zimowych dla Willi Stasie\u0144ka w malowniczym Zakopanem! Nasza urokliwa willa otwiera swoje drzwi na magiczny \u015bwiat zimy, zapewniaj\u0105c niezapomniane do\u015bwiadczenia podczas sezonu zimowego.<\/p><p>Zakopane, surrounded by the picturesque Tatra Mountains, is becoming the center of winter magic, and Willa Stasie\u0144ka is the perfect place for those who want to enjoy this unique period in a comfortable and cozy environment. Our winter offer includes not only accommodation in comfortable rooms, but also a rich set of attractions tailored to various needs and expectations.<\/p>\t\t\t\t\t\t\t\t<\/div>\n\t\t\t\t<\/div>\n\t\t\t\t\t<\/div>\n\t\t<\/div>\n\t\t\t\t\t<\/div>\n\t\t<\/section>\n\t\t\t\t<section class=\"elementor-section elementor-inner-section elementor-element elementor-element-29a3c4d elementor-reverse-mobile elementor-section-boxed elementor-section-height-default elementor-section-height-default\" data-id=\"29a3c4d\" data-element_type=\"section\">\n\t\t\t\t\t\t<div class=\"elementor-container elementor-column-gap-default\">\n\t\t\t\t\t<div class=\"elementor-column elementor-col-50 elementor-inner-column elementor-element elementor-element-a5fc531\" data-id=\"a5fc531\" data-element_type=\"column\" data-settings=\"{&quot;background_background&quot;:&quot;classic&quot;}\">\n\t\t\t<div class=\"elementor-widget-wrap elementor-element-populated\">\n\t\t\t\t\t\t<div class=\"elementor-element elementor-element-bd40135 elementor-widget elementor-widget-image\" data-id=\"bd40135\" data-element_type=\"widget\" data-widget_type=\"image.default\">\n\t\t\t\t<div class=\"elementor-widget-container\">\n\t\t\t\t\t\t\t\t\t\t\t\t\t\t\t<img fetchpriority=\"high\" decoding=\"async\" width=\"800\" height=\"600\" src=\"http:\/\/stasienka.pl\/wp-content\/uploads\/2023\/11\/Willa-stasienka-oferta-zimowa.jpg\" class=\"attachment-large size-large wp-image-1108\" alt=\"\" srcset=\"http:\/\/stasienka.pl\/wp-content\/uploads\/2023\/11\/Willa-stasienka-oferta-zimowa.jpg 922w, http:\/\/stasienka.pl\/wp-content\/uploads\/2023\/11\/Willa-stasienka-oferta-zimowa-300x225.jpg 300w, http:\/\/stasienka.pl\/wp-content\/uploads\/2023\/11\/Willa-stasienka-oferta-zimowa-768x576.jpg 768w, http:\/\/stasienka.pl\/wp-content\/uploads\/2023\/11\/Willa-stasienka-oferta-zimowa-16x12.jpg 16w\" sizes=\"(max-width: 800px) 100vw, 800px\" \/>\t\t\t\t\t\t\t\t\t\t\t\t\t\t\t<\/div>\n\t\t\t\t<\/div>\n\t\t\t\t\t<\/div>\n\t\t<\/div>\n\t\t\t\t<div class=\"elementor-column elementor-col-50 elementor-inner-column elementor-element elementor-element-8c4bdc7\" data-id=\"8c4bdc7\" data-element_type=\"column\">\n\t\t\t<div class=\"elementor-widget-wrap elementor-element-populated\">\n\t\t\t\t\t\t<div class=\"elementor-element elementor-element-b119086 elementor-widget elementor-widget-text-editor\" data-id=\"b119086\" data-element_type=\"widget\" data-widget_type=\"text-editor.default\">\n\t\t\t\t<div class=\"elementor-widget-container\">\n\t\t\t\t\t\t\t\t\t<p>Zapraszamy na zimowy wypoczynek!<\/p><p>Wyci\u0105g narciarski uGory, szk\u00f3\u0142ka, wypo\u017cyczalnia sprz\u0119tu narciarskiego i snowboardowego, g\u00f3rka saneczkowa oraz wypo\u017cyczalnia skuter\u00f3w \u015bnie\u017cnych to zaledwie 600 m od naszego obiektu.<\/p><p>Przy pobytach tygodniowych \u2013 1h sauny gratis !<\/p><ul><li><strong>Pok\u00f3j 1 os.<\/strong>\u00a0\u2013 120 \u2013 130 z\u0142\/doba*<\/li><li><strong>Pok\u00f3j 2 os.<\/strong> \u2013 190 z\u0142 &#8211; 220 z\u0142\/doba*<\/li><li><strong>Apartament 2 os.<\/strong> \u2013 230 z\u0142 \u2013 250 z\u0142\/doba*<\/li><li><strong>Apartament 2 os. z dostawk\u0105 dla dziecka<\/strong> \u2013 280 z\u0142\/doba*<\/li><li><strong>Apartament 3 os.<\/strong> \u2013 315 z\u0142 \u2013 340 z\u0142\/doba*<\/li><li><strong>Apartament 3 os. typu studio<\/strong> \u2013 320 z\u0142 \u2013 360 z\u0142\/doba*<\/li><li><strong>Apartament 4 os. typu studio<\/strong> &#8211; 390 z\u0142 \u2013 410 z\u0142\/doba*<\/li><li><strong>Apartament 4 os.<\/strong> \u2013 410 \u2013 440 z\u0142\/doba*<\/li><li><strong>Apartament 4 os. z dostawk\u0105 dla dziecka<\/strong> \u2013 460 z\u0142 \u2013 490 z\u0142\/doba*<\/li><\/ul><p>*Ceny uzale\u017cnione s\u0105 od d\u0142ugo\u015bci pobytu, w celu informacji prosimy o kontakt<\/p>\t\t\t\t\t\t\t\t<\/div>\n\t\t\t\t<\/div>\n\t\t\t\t\t<\/div>\n\t\t<\/div>\n\t\t\t\t\t<\/div>\n\t\t<\/section>\n\t\t\t\t\t<\/div>\n\t\t<\/div>\n\t\t\t\t\t<\/div>\n\t\t<\/section>\n\t\t\t\t<section class=\"elementor-section elementor-top-section elementor-element elementor-element-bc9038c elementor-section-boxed elementor-section-height-default elementor-section-height-default\" data-id=\"bc9038c\" data-element_type=\"section\" data-settings=\"{&quot;background_background&quot;:&quot;classic&quot;}\">\n\t\t\t\t\t\t<div class=\"elementor-container elementor-column-gap-default\">\n\t\t\t\t\t<div class=\"elementor-column elementor-col-100 elementor-top-column elementor-element elementor-element-5fe2a3c\" data-id=\"5fe2a3c\" data-element_type=\"column\">\n\t\t\t<div class=\"elementor-widget-wrap elementor-element-populated\">\n\t\t\t\t\t\t<div class=\"elementor-element elementor-element-6bb9836 elementor-widget elementor-widget-image\" data-id=\"6bb9836\" data-element_type=\"widget\" data-widget_type=\"image.default\">\n\t\t\t\t<div class=\"elementor-widget-container\">\n\t\t\t\t\t\t\t\t\t\t\t\t\t\t\t<img decoding=\"async\" width=\"60\" height=\"60\" src=\"http:\/\/stasienka.pl\/wp-content\/uploads\/2023\/04\/stasienka-rozeta.png\" class=\"attachment-large size-large wp-image-292\" alt=\"\" srcset=\"http:\/\/stasienka.pl\/wp-content\/uploads\/2023\/04\/stasienka-rozeta.png 60w, http:\/\/stasienka.pl\/wp-content\/uploads\/2023\/04\/stasienka-rozeta-12x12.png 12w\" sizes=\"(max-width: 60px) 100vw, 60px\" \/>\t\t\t\t\t\t\t\t\t\t\t\t\t\t\t<\/div>\n\t\t\t\t<\/div>\n\t\t\t\t<div class=\"elementor-element elementor-element-84c32c7 elementor-widget__width-initial elementor-hidden-desktop elementor-hidden-tablet elementor-hidden-mobile elementor-widget elementor-widget-heading\" data-id=\"84c32c7\" data-element_type=\"widget\" data-widget_type=\"heading.default\">\n\t\t\t\t<div class=\"elementor-widget-container\">\n\t\t\t\t\t<h2 class=\"elementor-heading-title elementor-size-default\">Special Offer<\/h2>\t\t\t\t<\/div>\n\t\t\t\t<\/div>\n\t\t\t\t<div class=\"elementor-element elementor-element-195aa73 elementor-hidden-desktop elementor-hidden-tablet elementor-hidden-mobile elementor-widget elementor-widget-text-editor\" data-id=\"195aa73\" data-element_type=\"widget\" data-widget_type=\"text-editor.default\">\n\t\t\t\t<div class=\"elementor-widget-container\">\n\t\t\t\t\t\t\t\t\t<p>Przy pobytach d\u0142u\u017cszych (od 5 nocleg\u00f3w) cenny z roku 2023 !<br \/>Tygodniowy pobyt \u2013 1 h sauny gratis!<\/p>\t\t\t\t\t\t\t\t<\/div>\n\t\t\t\t<\/div>\n\t\t\t\t<div class=\"elementor-element elementor-element-a384f69 elementor-widget__width-initial elementor-widget elementor-widget-text-editor\" data-id=\"a384f69\" data-element_type=\"widget\" data-widget_type=\"text-editor.default\">\n\t\t\t\t<div class=\"elementor-widget-container\">\n\t\t\t\t\t\t\t\t\t<p class=\"translation-block\">\u2022 This price list does not constitute an offer within the meaning of Art. 66 of the Civil Code and is for information purposes only<br>\u2022 When booking, a deposit of at least 2-3 nights is required, depending on the length of stay<br>\u2022 In the event of cancellation, the deposit is non-refundable<br>\u2022 In case of failure to show up at on the first day of the reservation until 10 p.m. and failure to inform about late arrival will result in the cancellation of the reservation.<br>\u2022 The given prices do not include the local fee, which amounts to PLN 2 for each day of stay per person.<br>\u2022 The remaining amount must be paid no later than on the day of arrival in cash.<br>\u2022 If you want to receive a VAT invoice for your stay, please inform us about it when booking and provide the invoice details.<br>\u2022 The hotel day starts on the day of arrival at 15:00 and ends on the day of departure until 10:00<\/p>\t\t\t\t\t\t\t\t<\/div>\n\t\t\t\t<\/div>\n\t\t\t\t\t<\/div>\n\t\t<\/div>\n\t\t\t\t\t<\/div>\n\t\t<\/section>\n\t\t\t\t<section class=\"elementor-section elementor-top-section elementor-element elementor-element-f1cd3cf elementor-section-height-min-height elementor-section-boxed elementor-section-height-default elementor-section-items-middle\" data-id=\"f1cd3cf\" data-element_type=\"section\" data-settings=\"{&quot;background_background&quot;:&quot;classic&quot;}\">\n\t\t\t\t\t\t<div class=\"elementor-container elementor-column-gap-default\">\n\t\t\t\t\t<div class=\"elementor-column elementor-col-100 elementor-top-column elementor-element elementor-element-1e33d07\" data-id=\"1e33d07\" data-element_type=\"column\">\n\t\t\t<div class=\"elementor-widget-wrap elementor-element-populated\">\n\t\t\t\t\t\t<div class=\"elementor-element elementor-element-76f3ba6 elementor-widget elementor-widget-menu-anchor\" data-id=\"76f3ba6\" data-element_type=\"widget\" data-widget_type=\"menu-anchor.default\">\n\t\t\t\t<div class=\"elementor-widget-container\">\n\t\t\t\t\t\t\t<div class=\"elementor-menu-anchor\" id=\"kontakt\"><\/div>\n\t\t\t\t\t\t<\/div>\n\t\t\t\t<\/div>\n\t\t\t\t\t<\/div>\n\t\t<\/div>\n\t\t\t\t\t<\/div>\n\t\t<\/section>\n\t\t\t\t<\/div>","protected":false},"excerpt":{"rendered":"<p>Zapraszamy w sezonie zimowym Oferta na ferie zimowe 2026 Z przyjemno\u015bci\u0105 przedstawiamy Pa\u0144stwu wyj\u0105tkow\u0105 ofert\u0119 ferii zimowych dla Willi Stasie\u0144ka w malowniczym Zakopanem! Nasza urokliwa willa otwiera swoje drzwi na magiczny \u015bwiat zimy, zapewniaj\u0105c niezapomniane do\u015bwiadczenia podczas sezonu zimowego. Zakopane, otoczone malowniczymi g\u00f3rami Tatr, staje si\u0119 centrum magii zimowej, a Willa Stasie\u0144ka to idealne miejsce [&hellip;]<\/p>\n","protected":false},"author":1,"featured_media":146,"parent":0,"menu_order":0,"comment_status":"closed","ping_status":"closed","template":"","meta":{"footnotes":""},"class_list":["post-1209","page","type-page","status-publish","has-post-thumbnail","hentry"],"yoast_head":"<!-- This site is optimized with the Yoast SEO plugin v27.3 - https:\/\/yoast.com\/product\/yoast-seo-wordpress\/ -->\n<title>Oferta na ferie zimowe - Willa Stasie\u0144ka<\/title>\n<meta name=\"robots\" content=\"index, follow, max-snippet:-1, max-image-preview:large, max-video-preview:-1\" \/>\n<link rel=\"canonical\" href=\"https:\/\/stasienka.pl\/en\/oferta-na-ferie-zimowe\/\" \/>\n<meta property=\"og:locale\" content=\"en_GB\" \/>\n<meta property=\"og:type\" content=\"article\" \/>\n<meta property=\"og:title\" content=\"Oferta na ferie zimowe - Willa Stasie\u0144ka\" \/>\n<meta property=\"og:description\" content=\"Zapraszamy w sezonie zimowym Oferta na ferie zimowe 2026 Z przyjemno\u015bci\u0105 przedstawiamy Pa\u0144stwu wyj\u0105tkow\u0105 ofert\u0119 ferii zimowych dla Willi Stasie\u0144ka w malowniczym Zakopanem! Nasza urokliwa willa otwiera swoje drzwi na magiczny \u015bwiat zimy, zapewniaj\u0105c niezapomniane do\u015bwiadczenia podczas sezonu zimowego. Zakopane, otoczone malowniczymi g\u00f3rami Tatr, staje si\u0119 centrum magii zimowej, a Willa Stasie\u0144ka to idealne miejsce [&hellip;]\" \/>\n<meta property=\"og:url\" content=\"https:\/\/stasienka.pl\/en\/oferta-na-ferie-zimowe\/\" \/>\n<meta property=\"og:site_name\" content=\"Willa Stasie\u0144ka\" \/>\n<meta property=\"article:modified_time\" content=\"2025-10-27T13:56:05+00:00\" \/>\n<meta property=\"og:image\" content=\"https:\/\/stasienka.pl\/wp-content\/uploads\/2023\/04\/Willa-Stasienka-nocleg-w-zakopanem-6.jpg\" \/>\n\t<meta property=\"og:image:width\" content=\"1920\" \/>\n\t<meta property=\"og:image:height\" content=\"1440\" \/>\n\t<meta property=\"og:image:type\" content=\"image\/jpeg\" \/>\n<meta name=\"twitter:card\" content=\"summary_large_image\" \/>\n<meta name=\"twitter:label1\" content=\"Estimated reading time\" \/>\n\t<meta name=\"twitter:data1\" content=\"3 minutes\" \/>\n<script type=\"application\/ld+json\" class=\"yoast-schema-graph\">{\"@context\":\"https:\\\/\\\/schema.org\",\"@graph\":[{\"@type\":\"WebPage\",\"@id\":\"https:\\\/\\\/stasienka.pl\\\/oferta-na-ferie-zimowe\\\/\",\"url\":\"https:\\\/\\\/stasienka.pl\\\/oferta-na-ferie-zimowe\\\/\",\"name\":\"Oferta na ferie zimowe - Willa Stasie\u0144ka\",\"isPartOf\":{\"@id\":\"https:\\\/\\\/stasienka.pl\\\/#website\"},\"primaryImageOfPage\":{\"@id\":\"https:\\\/\\\/stasienka.pl\\\/oferta-na-ferie-zimowe\\\/#primaryimage\"},\"image\":{\"@id\":\"https:\\\/\\\/stasienka.pl\\\/oferta-na-ferie-zimowe\\\/#primaryimage\"},\"thumbnailUrl\":\"https:\\\/\\\/stasienka.pl\\\/wp-content\\\/uploads\\\/2023\\\/04\\\/Willa-Stasienka-nocleg-w-zakopanem-6.jpg\",\"datePublished\":\"2024-01-04T15:25:34+00:00\",\"dateModified\":\"2025-10-27T13:56:05+00:00\",\"breadcrumb\":{\"@id\":\"https:\\\/\\\/stasienka.pl\\\/oferta-na-ferie-zimowe\\\/#breadcrumb\"},\"inLanguage\":\"en-GB\",\"potentialAction\":[{\"@type\":\"ReadAction\",\"target\":[\"https:\\\/\\\/stasienka.pl\\\/oferta-na-ferie-zimowe\\\/\"]}]},{\"@type\":\"ImageObject\",\"inLanguage\":\"en-GB\",\"@id\":\"https:\\\/\\\/stasienka.pl\\\/oferta-na-ferie-zimowe\\\/#primaryimage\",\"url\":\"https:\\\/\\\/stasienka.pl\\\/wp-content\\\/uploads\\\/2023\\\/04\\\/Willa-Stasienka-nocleg-w-zakopanem-6.jpg\",\"contentUrl\":\"https:\\\/\\\/stasienka.pl\\\/wp-content\\\/uploads\\\/2023\\\/04\\\/Willa-Stasienka-nocleg-w-zakopanem-6.jpg\",\"width\":1920,\"height\":1440},{\"@type\":\"BreadcrumbList\",\"@id\":\"https:\\\/\\\/stasienka.pl\\\/oferta-na-ferie-zimowe\\\/#breadcrumb\",\"itemListElement\":[{\"@type\":\"ListItem\",\"position\":1,\"name\":\"Strona g\u0142\u00f3wna\",\"item\":\"https:\\\/\\\/stasienka.pl\\\/\"},{\"@type\":\"ListItem\",\"position\":2,\"name\":\"Oferta na ferie zimowe\"}]},{\"@type\":\"WebSite\",\"@id\":\"https:\\\/\\\/stasienka.pl\\\/#website\",\"url\":\"https:\\\/\\\/stasienka.pl\\\/\",\"name\":\"Willa Stasie\u0144ka\",\"description\":\"Tatry na wyci\u0105gni\u0119cie r\u0119ki\",\"publisher\":{\"@id\":\"https:\\\/\\\/stasienka.pl\\\/#organization\"},\"potentialAction\":[{\"@type\":\"SearchAction\",\"target\":{\"@type\":\"EntryPoint\",\"urlTemplate\":\"https:\\\/\\\/stasienka.pl\\\/?s={search_term_string}\"},\"query-input\":{\"@type\":\"PropertyValueSpecification\",\"valueRequired\":true,\"valueName\":\"search_term_string\"}}],\"inLanguage\":\"en-GB\"},{\"@type\":\"Organization\",\"@id\":\"https:\\\/\\\/stasienka.pl\\\/#organization\",\"name\":\"Willa Stasie\u0144ka\",\"url\":\"https:\\\/\\\/stasienka.pl\\\/\",\"logo\":{\"@type\":\"ImageObject\",\"inLanguage\":\"en-GB\",\"@id\":\"https:\\\/\\\/stasienka.pl\\\/#\\\/schema\\\/logo\\\/image\\\/\",\"url\":\"https:\\\/\\\/stasienka.pl\\\/wp-content\\\/uploads\\\/2023\\\/04\\\/cropped-stasienka-logo@0.5x.png\",\"contentUrl\":\"https:\\\/\\\/stasienka.pl\\\/wp-content\\\/uploads\\\/2023\\\/04\\\/cropped-stasienka-logo@0.5x.png\",\"width\":540,\"height\":540,\"caption\":\"Willa Stasie\u0144ka\"},\"image\":{\"@id\":\"https:\\\/\\\/stasienka.pl\\\/#\\\/schema\\\/logo\\\/image\\\/\"}}]}<\/script>\n<!-- \/ Yoast SEO plugin. -->","yoast_head_json":{"title":"Oferta na ferie zimowe - Willa Stasie\u0144ka","robots":{"index":"index","follow":"follow","max-snippet":"max-snippet:-1","max-image-preview":"max-image-preview:large","max-video-preview":"max-video-preview:-1"},"canonical":"https:\/\/stasienka.pl\/en\/oferta-na-ferie-zimowe\/","og_locale":"en_GB","og_type":"article","og_title":"Oferta na ferie zimowe - Willa Stasie\u0144ka","og_description":"Zapraszamy w sezonie zimowym Oferta na ferie zimowe 2026 Z przyjemno\u015bci\u0105 przedstawiamy Pa\u0144stwu wyj\u0105tkow\u0105 ofert\u0119 ferii zimowych dla Willi Stasie\u0144ka w malowniczym Zakopanem! Nasza urokliwa willa otwiera swoje drzwi na magiczny \u015bwiat zimy, zapewniaj\u0105c niezapomniane do\u015bwiadczenia podczas sezonu zimowego. Zakopane, otoczone malowniczymi g\u00f3rami Tatr, staje si\u0119 centrum magii zimowej, a Willa Stasie\u0144ka to idealne miejsce [&hellip;]","og_url":"https:\/\/stasienka.pl\/en\/oferta-na-ferie-zimowe\/","og_site_name":"Willa Stasie\u0144ka","article_modified_time":"2025-10-27T13:56:05+00:00","og_image":[{"width":1920,"height":1440,"url":"https:\/\/stasienka.pl\/wp-content\/uploads\/2023\/04\/Willa-Stasienka-nocleg-w-zakopanem-6.jpg","type":"image\/jpeg"}],"twitter_card":"summary_large_image","twitter_misc":{"Estimated reading time":"3 minutes"},"schema":{"@context":"https:\/\/schema.org","@graph":[{"@type":"WebPage","@id":"https:\/\/stasienka.pl\/oferta-na-ferie-zimowe\/","url":"https:\/\/stasienka.pl\/oferta-na-ferie-zimowe\/","name":"Oferta na ferie zimowe - Willa Stasie\u0144ka","isPartOf":{"@id":"https:\/\/stasienka.pl\/#website"},"primaryImageOfPage":{"@id":"https:\/\/stasienka.pl\/oferta-na-ferie-zimowe\/#primaryimage"},"image":{"@id":"https:\/\/stasienka.pl\/oferta-na-ferie-zimowe\/#primaryimage"},"thumbnailUrl":"https:\/\/stasienka.pl\/wp-content\/uploads\/2023\/04\/Willa-Stasienka-nocleg-w-zakopanem-6.jpg","datePublished":"2024-01-04T15:25:34+00:00","dateModified":"2025-10-27T13:56:05+00:00","breadcrumb":{"@id":"https:\/\/stasienka.pl\/oferta-na-ferie-zimowe\/#breadcrumb"},"inLanguage":"en-GB","potentialAction":[{"@type":"ReadAction","target":["https:\/\/stasienka.pl\/oferta-na-ferie-zimowe\/"]}]},{"@type":"ImageObject","inLanguage":"en-GB","@id":"https:\/\/stasienka.pl\/oferta-na-ferie-zimowe\/#primaryimage","url":"https:\/\/stasienka.pl\/wp-content\/uploads\/2023\/04\/Willa-Stasienka-nocleg-w-zakopanem-6.jpg","contentUrl":"https:\/\/stasienka.pl\/wp-content\/uploads\/2023\/04\/Willa-Stasienka-nocleg-w-zakopanem-6.jpg","width":1920,"height":1440},{"@type":"BreadcrumbList","@id":"https:\/\/stasienka.pl\/oferta-na-ferie-zimowe\/#breadcrumb","itemListElement":[{"@type":"ListItem","position":1,"name":"Strona g\u0142\u00f3wna","item":"https:\/\/stasienka.pl\/"},{"@type":"ListItem","position":2,"name":"Oferta na ferie zimowe"}]},{"@type":"WebSite","@id":"https:\/\/stasienka.pl\/#website","url":"https:\/\/stasienka.pl\/","name":"Willa Stasie\u0144ka","description":"Tatry na wyci\u0105gni\u0119cie r\u0119ki","publisher":{"@id":"https:\/\/stasienka.pl\/#organization"},"potentialAction":[{"@type":"SearchAction","target":{"@type":"EntryPoint","urlTemplate":"https:\/\/stasienka.pl\/?s={search_term_string}"},"query-input":{"@type":"PropertyValueSpecification","valueRequired":true,"valueName":"search_term_string"}}],"inLanguage":"en-GB"},{"@type":"Organization","@id":"https:\/\/stasienka.pl\/#organization","name":"Willa Stasie\u0144ka","url":"https:\/\/stasienka.pl\/","logo":{"@type":"ImageObject","inLanguage":"en-GB","@id":"https:\/\/stasienka.pl\/#\/schema\/logo\/image\/","url":"https:\/\/stasienka.pl\/wp-content\/uploads\/2023\/04\/cropped-stasienka-logo@0.5x.png","contentUrl":"https:\/\/stasienka.pl\/wp-content\/uploads\/2023\/04\/cropped-stasienka-logo@0.5x.png","width":540,"height":540,"caption":"Willa Stasie\u0144ka"},"image":{"@id":"https:\/\/stasienka.pl\/#\/schema\/logo\/image\/"}}]}},"_links":{"self":[{"href":"https:\/\/stasienka.pl\/en\/wp-json\/wp\/v2\/pages\/1209","targetHints":{"allow":["GET"]}}],"collection":[{"href":"https:\/\/stasienka.pl\/en\/wp-json\/wp\/v2\/pages"}],"about":[{"href":"https:\/\/stasienka.pl\/en\/wp-json\/wp\/v2\/types\/page"}],"author":[{"embeddable":true,"href":"https:\/\/stasienka.pl\/en\/wp-json\/wp\/v2\/users\/1"}],"replies":[{"embeddable":true,"href":"https:\/\/stasienka.pl\/en\/wp-json\/wp\/v2\/comments?post=1209"}],"version-history":[{"count":13,"href":"https:\/\/stasienka.pl\/en\/wp-json\/wp\/v2\/pages\/1209\/revisions"}],"predecessor-version":[{"id":2222,"href":"https:\/\/stasienka.pl\/en\/wp-json\/wp\/v2\/pages\/1209\/revisions\/2222"}],"wp:featuredmedia":[{"embeddable":true,"href":"https:\/\/stasienka.pl\/en\/wp-json\/wp\/v2\/media\/146"}],"wp:attachment":[{"href":"https:\/\/stasienka.pl\/en\/wp-json\/wp\/v2\/media?parent=1209"}],"curies":[{"name":"wp","href":"https:\/\/api.w.org\/{rel}","templated":true}]}}